{"id":161,"date":"2023-04-11T17:07:36","date_gmt":"2023-04-11T17:07:36","guid":{"rendered":"https:\/\/ambdakar.esteri.it\/chi-siamo\/"},"modified":"2026-03-25T11:27:55","modified_gmt":"2026-03-25T11:27:55","slug":"chi-siamo","status":"publish","type":"page","link":"https:\/\/ambdakar.esteri.it\/fr\/chi-siamo\/","title":{"rendered":"Qui nous sommes"},"content":{"rendered":"<p>L\u2019Ambassade d\u2019Italie \u00e0 Dakar est comp\u00e9tente pour le S\u00e9n\u00e9gal, le Cap-Vert, la Gambie et la Guin\u00e9e-Bissau. Elle exerce \u00e9galement des fonctions consulaires pour la Guin\u00e9e-Conakry et le Mali. Le Chef de Mission est l\u2019Ambassadrice <a href=\"https:\/\/ambdakar.esteri.it\/fr\/chi-siamo\/lambasciatore\/\">Caterina Bertolini<\/a>.<\/p>\n<p>L\u2019Ambassade assure une action de coordination avec <a href=\"https:\/\/iicdakar.esteri.it\/fr\/\">l\u2019Institut Italien de Culture de Dakar<\/a>, le <a href=\"https:\/\/dakar.aics.gov.it\/\">bureau de Dakar de l\u2019Agence Italienne pour la Coop\u00e9ration au D\u00e9veloppement<\/a> ainsi que le <a href=\"https:\/\/www.ice.it\/it\/mercati\/senegal\/dakar\">bureau de Dakar de l\u2019Agence ICE<\/a>. D\u00e9pendent \u00e9galement de l\u2019Ambassade le Consulat Honoraire \u00e0 Banjul (Gambie), le Consulat Honoraire \u00e0 Praia (Cap-Vert, actuellement vacant), le Consulat Honoraire \u00e0 Bissau (Guin\u00e9e-Bissau, actuellement vacant) et le Consulat Honoraire \u00e0 Bamako (Mali, actuellement vacant). Le <a href=\"https:\/\/ambdakar.esteri.it\/fr\/chi-siamo\/la-rete-consolare\/\">r\u00e9seau consulaire<\/a> comprend en outre trois correspondants consulaires, respectivement \u00e0 Bissau (Guin\u00e9e-Bissau), Boa Vista (Cap-Vert) et Praia (Cap-Vert).<\/p>\n<p>Conform\u00e9ment \u00e0 la <a href=\"http:\/\/legal.un.org\/ilc\/texts\/instruments\/english\/conventions\/9_1_1961.pdf\">Convention de Vienne sur les relations diplomatiques du 18 avril 1961<\/a>, les fonctions de l\u2019Ambassade comprennent notamment :<\/p>\n<ul>\n<li>repr\u00e9senter l\u2019Italie au S\u00e9n\u00e9gal et dans les autres pays d\u2019accr\u00e9ditation secondaire ;<\/li>\n<li>prot\u00e9ger les int\u00e9r\u00eats de l\u2019Italie et de ses citoyens, dans les limites admises par le droit international ;<\/li>\n<li>n\u00e9gocier avec le gouvernement du S\u00e9n\u00e9gal et ceux des autres pays d\u2019accr\u00e9ditation secondaire ;<\/li>\n<li>promouvoir des relations amicales et d\u00e9velopper les relations \u00e9conomiques, culturelles et scientifiques entre l\u2019Italie et le S\u00e9n\u00e9gal ainsi qu\u2019avec les autres pays d\u2019accr\u00e9ditation secondaire.<\/li>\n<\/ul>\n<p>Le personnel de l\u2019Ambassade, organis\u00e9 en diff\u00e9rents <a href=\"https:\/\/ambdakar.esteri.it\/fr\/chi-siamo\/gli-uffici\/\">services<\/a>, est compos\u00e9 aussi bien de fonctionnaires du <a href=\"https:\/\/www.esteri.it\/it\/\">Minist\u00e8re italien des Affaires \u00e9trang\u00e8res et de la Coop\u00e9ration internationale<\/a> que de repr\u00e9sentants d\u2019autres minist\u00e8res et organismes publics italiens.<\/p>\n<p>Par l\u2019interm\u00e9diaire de sa <a href=\"https:\/\/ambdakar.esteri.it\/fr\/servizi-consolari-e-visti\/\">Chancellerie consulaire<\/a>, l\u2019Ambassade d\u2019Italie \u00e0 Dakar fournit une s\u00e9rie de services consulaires aux citoyens italiens et \u00e9trangers r\u00e9sidant sur le territoire de sa circonscription. Par le biais du <a href=\"https:\/\/ambdakar.esteri.it\/fr\/italia-e-senegal\/diplomazia-economica\/\">Bureau commercial<\/a>, l\u2019Ambassade assiste en revanche les entreprises italiennes souhaitant \u00e9tablir des relations commerciales ou investir au S\u00e9n\u00e9gal et dans les autres pays de sa comp\u00e9tence.<\/p>\n","protected":false},"excerpt":{"rendered":"L\u2019Ambassade d\u2019Italie \u00e0 Dakar est comp\u00e9tente pour le S\u00e9n\u00e9gal, le Cap-Vert, la Gambie et la Guin\u00e9e-Bissau. Elle exerce \u00e9galement des fonctions consulaires pour la Guin\u00e9e-Conakry et le Mali. Le Chef de Mission est l\u2019Ambassadrice Caterina Bertolini. L\u2019Ambassade assure une action de coordination avec l\u2019Institut Italien de Culture de Dakar, le bureau de Dakar de l\u2019Agence [&hellip;]","protected":false},"author":1,"featured_media":0,"parent":0,"menu_order":2,"comment_status":"closed","ping_status":"closed","template":"","meta":{"footnotes":""},"class_list":["post-161","page","type-page","status-publish","hentry"],"_links":{"self":[{"href":"https:\/\/ambdakar.esteri.it\/fr\/wp-json\/wp\/v2\/pages\/161","targetHints":{"allow":["GET"]}}],"collection":[{"href":"https:\/\/ambdakar.esteri.it\/fr\/wp-json\/wp\/v2\/pages"}],"about":[{"href":"https:\/\/ambdakar.esteri.it\/fr\/wp-json\/wp\/v2\/types\/page"}],"author":[{"embeddable":true,"href":"https:\/\/ambdakar.esteri.it\/fr\/wp-json\/wp\/v2\/users\/1"}],"replies":[{"embeddable":true,"href":"https:\/\/ambdakar.esteri.it\/fr\/wp-json\/wp\/v2\/comments?post=161"}],"version-history":[{"count":6,"href":"https:\/\/ambdakar.esteri.it\/fr\/wp-json\/wp\/v2\/pages\/161\/revisions"}],"predecessor-version":[{"id":5159,"href":"https:\/\/ambdakar.esteri.it\/fr\/wp-json\/wp\/v2\/pages\/161\/revisions\/5159"}],"wp:attachment":[{"href":"https:\/\/ambdakar.esteri.it\/fr\/wp-json\/wp\/v2\/media?parent=161"}],"curies":[{"name":"wp","href":"https:\/\/api.w.org\/{rel}","templated":true}]}}