{"id":166,"date":"2023-04-11T17:53:01","date_gmt":"2023-04-11T17:53:01","guid":{"rendered":"https:\/\/ambdakar.esteri.it\/chi-siamo\/lambasciatore\/"},"modified":"2026-01-15T17:25:40","modified_gmt":"2026-01-15T17:25:40","slug":"lambasciatore","status":"publish","type":"page","link":"https:\/\/ambdakar.esteri.it\/fr\/chi-siamo\/lambasciatore\/","title":{"rendered":"L&rsquo;Ambassadrice"},"content":{"rendered":"<p><img loading=\"lazy\" decoding=\"async\" class=\"alignnone size-medium wp-image-2759 img-fluid\" src=\"https:\/\/ambdakar.esteri.it\/wp-content\/uploads\/2024\/01\/BERTOLINI-1-300x286.png\" alt=\"\" width=\"300\" height=\"286\" srcset=\"https:\/\/ambdakar.esteri.it\/wp-content\/uploads\/2024\/01\/BERTOLINI-1-300x286.png 300w, https:\/\/ambdakar.esteri.it\/wp-content\/uploads\/2024\/01\/BERTOLINI-1.png 548w\" sizes=\"auto, (max-width: 300px) 100vw, 300px\" \/><\/p>\n<p><strong>CATERINA BERTOLINI<\/strong><\/p>\n<p>Originaire de Padoue, Caterina Bertolini est titulaire d\u2019une ma\u00eetrise en droit \u00e0 l&rsquo;Universit\u00e9 de Firenze (1986). Elle a entam\u00e9 sa carri\u00e8re diplomatique en 1990, \u00e9tant affect\u00e9e \u00e0 la Direction G\u00e9n\u00e9rale de la Coop\u00e9ration au D\u00e9veloppement du Minist\u00e8re des Affaires Etrang\u00e8res.<\/p>\n<p>En 1992, elle a \u00e9t\u00e9 nomm\u00e9e Deuxi\u00e8me Secr\u00e9taire commerciale \u00e0 Lima, o\u00f9 elle est rest\u00e9e jusqu&rsquo;en 1996, avant de servir en tant que Premi\u00e8re Secr\u00e9taire \u00e0 Caracas jusqu&rsquo;en 1999. De retour \u00e0 Rome, elle a \u00e9t\u00e9 nomm\u00e9e Conseill\u00e8re de L\u00e9gation en 2000 et a \u00e9t\u00e9 affect\u00e9e en tant que responsable du bureau du cofinancement des Organisations Non Gouvernementales \u00e0 la Direction G\u00e9n\u00e9rale de la Coop\u00e9ration au D\u00e9veloppement.<\/p>\n<p>En 2003, elle a \u00e9t\u00e9 affect\u00e9e en tant que Conseill\u00e8re \u00e0 la Repr\u00e9sentation Permanente aupr\u00e8s de l&rsquo;Union Europ\u00e9enne \u00e0 Bruxelles, o\u00f9 elle a suivi les groupes de travail du Conseil ACP, Afrique et D\u00e9veloppement. En 2006, elle a \u00e9t\u00e9 promue Conseill\u00e8re d&rsquo;Ambassade avant d&rsquo;occuper le poste de Charg\u00e9e d&rsquo;Affaires avec lettre \u00e0 San Salvador en 2007, o\u00f9 elle a \u00e9t\u00e9 confirm\u00e9e en tant qu&rsquo;Ambassadrice en 2010.<\/p>\n<p>En 2011, elle a occup\u00e9 un poste hors cadre en tant que directrice \u00e0 l&rsquo;UNOPS (<em>United Nations Organization for Project Service<\/em>) au P\u00e9rou. En 2013, elle a \u00e9t\u00e9 promue au rang de Ministre Pl\u00e9nipotentiaire et nomm\u00e9e Vice-Directrice G\u00e9n\u00e9rale pour la Mondialisation et les Questions Mondiales, ainsi que Directrice Centrale pour les Pays d&rsquo;Am\u00e9rique latine.<\/p>\n<p>De 2016 \u00e0 2018, elle a \u00e9t\u00e9 Ambassadrice d&rsquo;Italie \u00e0 Bogot\u00e1. En 2019, elle est retourn\u00e9e \u00e0 Rome en tant qu&rsquo;Envoy\u00e9e Sp\u00e9ciale du Minist\u00e8re des Affaires Etrang\u00e8res et de la Coop\u00e9ration Internationale pour les Pays des Cara\u00efbes. De fin 2019 \u00e0 d\u00e9but 2024, elle a \u00e9t\u00e9 Ambassadrice d&rsquo;Italie \u00e0 Quito.<\/p>\n<p>Le 22 janvier 2024, elle a pris ses fonctions en tant qu&rsquo;Ambassadrice d\u00e9sign\u00e9e d&rsquo;Italie \u00e0 Dakar, couvrant le S\u00e9n\u00e9gal, le Cap-Vert, la Gambie et la Guin\u00e9e-Bissau.<\/p>\n","protected":false},"excerpt":{"rendered":"CATERINA BERTOLINI Originaire de Padoue, Caterina Bertolini est titulaire d\u2019une ma\u00eetrise en droit \u00e0 l&rsquo;Universit\u00e9 de Firenze (1986). Elle a entam\u00e9 sa carri\u00e8re diplomatique en 1990, \u00e9tant affect\u00e9e \u00e0 la Direction G\u00e9n\u00e9rale de la Coop\u00e9ration au D\u00e9veloppement du Minist\u00e8re des Affaires Etrang\u00e8res. En 1992, elle a \u00e9t\u00e9 nomm\u00e9e Deuxi\u00e8me Secr\u00e9taire commerciale \u00e0 Lima, o\u00f9 elle [&hellip;]","protected":false},"author":1,"featured_media":0,"parent":161,"menu_order":0,"comment_status":"closed","ping_status":"closed","template":"","meta":{"footnotes":""},"class_list":["post-166","page","type-page","status-publish","hentry"],"_links":{"self":[{"href":"https:\/\/ambdakar.esteri.it\/fr\/wp-json\/wp\/v2\/pages\/166","targetHints":{"allow":["GET"]}}],"collection":[{"href":"https:\/\/ambdakar.esteri.it\/fr\/wp-json\/wp\/v2\/pages"}],"about":[{"href":"https:\/\/ambdakar.esteri.it\/fr\/wp-json\/wp\/v2\/types\/page"}],"author":[{"embeddable":true,"href":"https:\/\/ambdakar.esteri.it\/fr\/wp-json\/wp\/v2\/users\/1"}],"replies":[{"embeddable":true,"href":"https:\/\/ambdakar.esteri.it\/fr\/wp-json\/wp\/v2\/comments?post=166"}],"version-history":[{"count":6,"href":"https:\/\/ambdakar.esteri.it\/fr\/wp-json\/wp\/v2\/pages\/166\/revisions"}],"predecessor-version":[{"id":4741,"href":"https:\/\/ambdakar.esteri.it\/fr\/wp-json\/wp\/v2\/pages\/166\/revisions\/4741"}],"up":[{"embeddable":true,"href":"https:\/\/ambdakar.esteri.it\/fr\/wp-json\/wp\/v2\/pages\/161"}],"wp:attachment":[{"href":"https:\/\/ambdakar.esteri.it\/fr\/wp-json\/wp\/v2\/media?parent=166"}],"curies":[{"name":"wp","href":"https:\/\/api.w.org\/{rel}","templated":true}]}}