{"id":168,"date":"2023-09-25T15:18:30","date_gmt":"2023-09-25T15:18:30","guid":{"rendered":"https:\/\/ambdakar.esteri.it\/chi-siamo\/contatti\/"},"modified":"2026-03-25T11:29:27","modified_gmt":"2026-03-25T11:29:27","slug":"contatti","status":"publish","type":"page","link":"https:\/\/ambdakar.esteri.it\/fr\/chi-siamo\/contatti\/","title":{"rendered":"Contacts"},"content":{"rendered":"<p><a href=\"https:\/\/ambdakar.esteri.it\/wp-content\/uploads\/2026\/03\/Netiquette-social-1.pdf\">N\u00e9tiquette pour l\u2019utilisation des r\u00e9seaux sociaux<\/a><\/p>\n<p data-start=\"38\" data-end=\"84\"><strong data-start=\"38\" data-end=\"63\">Standard t\u00e9l\u00e9phonique<\/strong><br data-start=\"63\" data-end=\"66\" \/>00221 33 889 26 36<\/p>\n<p data-start=\"86\" data-end=\"146\">Le standard est actif du lundi au vendredi, de 9h30 \u00e0 13h30.<\/p>\n<p data-start=\"148\" data-end=\"185\"><strong data-start=\"148\" data-end=\"185\">Adresses de courrier \u00e9lectronique<\/strong><\/p>\n<p data-start=\"187\" data-end=\"229\">Secr\u00e9tariat : <a class=\"decorated-link cursor-pointer\" rel=\"noopener\" data-start=\"201\" data-end=\"227\">ambasciata.dakar@esteri.it<\/a><\/p>\n<p data-start=\"231\" data-end=\"287\">Chancellerie consulaire : <a class=\"decorated-link cursor-pointer\" rel=\"noopener\" data-start=\"257\" data-end=\"285\">consolato.ambdakar@esteri.it<\/a><\/p>\n<p data-start=\"289\" data-end=\"369\">Chancellerie consulaire \u2013 passeports et documents : <a class=\"decorated-link cursor-pointer\" rel=\"noopener\" data-start=\"341\" data-end=\"367\">dakar.passaporti@esteri.it<\/a><\/p>\n<p data-start=\"371\" data-end=\"444\">Chancellerie consulaire \u2013 \u00e9tat civil : <a class=\"decorated-link cursor-pointer\" rel=\"noopener\" data-start=\"410\" data-end=\"442\">dakar.serviziconsolari@esteri.it<\/a><\/p>\n<p data-start=\"446\" data-end=\"520\">Chancellerie consulaire \u2013 l\u00e9galisations : <a class=\"decorated-link cursor-pointer\" rel=\"noopener\" data-start=\"488\" data-end=\"518\">dakar.legalizzazioni@esteri.it<\/a><\/p>\n<p data-start=\"522\" data-end=\"566\">Bureau des visas : <a class=\"decorated-link cursor-pointer\" rel=\"noopener\" data-start=\"541\" data-end=\"564\">visa.ambdakar@esteri.it<\/a><\/p>\n<p data-start=\"568\" data-end=\"635\">Bureau des visas \u2013 visas d\u2019affaires : <a class=\"decorated-link cursor-pointer\" rel=\"noopener\" data-start=\"606\" data-end=\"633\">dakar.vistiaffari@esteri.it<\/a><\/p>\n<p data-start=\"637\" data-end=\"696\">Bureau des visas \u2013 nulla osta : <a class=\"decorated-link cursor-pointer\" rel=\"noopener\" data-start=\"669\" data-end=\"694\">dakar.nullaosta@esteri.it<\/a><\/p>\n<p data-start=\"698\" data-end=\"758\">Bureau des visas \u2013 visas d\u2019\u00e9tudes : <a class=\"decorated-link cursor-pointer\" rel=\"noopener\" data-start=\"734\" data-end=\"756\">dakar.studio@esteri.it<\/a><\/p>\n<p data-start=\"760\" data-end=\"812\">Bureau commercial : <a class=\"decorated-link cursor-pointer\" rel=\"noopener\" data-start=\"780\" data-end=\"810\">commerciale.ambdakar@esteri.it<\/a><\/p>\n<p data-start=\"814\" data-end=\"873\">Bureau administratif et comptable : <a class=\"decorated-link cursor-pointer\" rel=\"noopener\" data-start=\"850\" data-end=\"871\">dakar.ammin@esteri.it<\/a><\/p>\n<p data-start=\"875\" data-end=\"934\">Institut Italien de Culture de Dakar : <a class=\"decorated-link cursor-pointer\" rel=\"noopener\" data-start=\"914\" data-end=\"932\">iicdakar@esteri.it<\/a><\/p>\n<p data-start=\"936\" data-end=\"972\">Bureau ICE de Dakar : <a class=\"decorated-link cursor-pointer\" rel=\"noopener\" data-start=\"958\" data-end=\"970\">dakar@ice.it<\/a><\/p>\n<p data-start=\"974\" data-end=\"1006\">AICS Dakar : <a class=\"decorated-link cursor-pointer\" rel=\"noopener\" data-start=\"987\" data-end=\"1004\">dakar@aics.gov.it<\/a><\/p>\n<p data-start=\"1008\" data-end=\"1068\">Attach\u00e9 militaire (Rabat) : <a class=\"decorated-link cursor-pointer\" rel=\"noopener\" data-start=\"1036\" data-end=\"1066\">difeitalia.rabat@smd.difesa.it<\/a><\/p>\n<p data-start=\"1070\" data-end=\"1086\"><strong data-start=\"1070\" data-end=\"1086\">Adresses PEC<\/strong><\/p>\n<p data-start=\"1088\" data-end=\"1128\">Secr\u00e9tariat : <a class=\"decorated-link cursor-pointer\" rel=\"noopener\" data-start=\"1102\" data-end=\"1126\">amb.dakar@cert.esteri.it<\/a><\/p>\n<p data-start=\"1130\" data-end=\"1192\">Chancellerie consulaire : <a class=\"decorated-link cursor-pointer\" rel=\"noopener\" data-start=\"1156\" data-end=\"1190\">amb.dakar.consolare@cert.esteri.it<\/a><\/p>\n<p data-start=\"1194\" data-end=\"1245\">Bureau des visas : <a class=\"decorated-link cursor-pointer\" rel=\"noopener\" data-start=\"1213\" data-end=\"1243\">amb.dakar.visti@cert.esteri.it<\/a><\/p>\n<p data-start=\"1247\" data-end=\"1312\">Institut Italien de Culture de Dakar : <a class=\"decorated-link cursor-pointer\" rel=\"noopener\" data-start=\"1286\" data-end=\"1310\">iic.dakar@cert.esteri.it<\/a><\/p>\n<p data-start=\"1314\" data-end=\"1350\">AICS Dakar : <a class=\"decorated-link cursor-pointer\" rel=\"noopener\" data-start=\"1327\" data-end=\"1348\">dakar@pec.aics.gov.it<\/a><\/p>\n","protected":false},"excerpt":{"rendered":"N\u00e9tiquette pour l\u2019utilisation des r\u00e9seaux sociaux Standard t\u00e9l\u00e9phonique00221 33 889 26 36 Le standard est actif du lundi au vendredi, de 9h30 \u00e0 13h30. Adresses de courrier \u00e9lectronique Secr\u00e9tariat : ambasciata.dakar@esteri.it Chancellerie consulaire : consolato.ambdakar@esteri.it Chancellerie consulaire \u2013 passeports et documents : dakar.passaporti@esteri.it Chancellerie consulaire \u2013 \u00e9tat civil : dakar.serviziconsolari@esteri.it Chancellerie consulaire \u2013 l\u00e9galisations : [&hellip;]","protected":false},"author":1,"featured_media":0,"parent":161,"menu_order":4,"comment_status":"closed","ping_status":"closed","template":"","meta":{"footnotes":""},"class_list":["post-168","page","type-page","status-publish","hentry"],"_links":{"self":[{"href":"https:\/\/ambdakar.esteri.it\/fr\/wp-json\/wp\/v2\/pages\/168","targetHints":{"allow":["GET"]}}],"collection":[{"href":"https:\/\/ambdakar.esteri.it\/fr\/wp-json\/wp\/v2\/pages"}],"about":[{"href":"https:\/\/ambdakar.esteri.it\/fr\/wp-json\/wp\/v2\/types\/page"}],"author":[{"embeddable":true,"href":"https:\/\/ambdakar.esteri.it\/fr\/wp-json\/wp\/v2\/users\/1"}],"replies":[{"embeddable":true,"href":"https:\/\/ambdakar.esteri.it\/fr\/wp-json\/wp\/v2\/comments?post=168"}],"version-history":[{"count":4,"href":"https:\/\/ambdakar.esteri.it\/fr\/wp-json\/wp\/v2\/pages\/168\/revisions"}],"predecessor-version":[{"id":5160,"href":"https:\/\/ambdakar.esteri.it\/fr\/wp-json\/wp\/v2\/pages\/168\/revisions\/5160"}],"up":[{"embeddable":true,"href":"https:\/\/ambdakar.esteri.it\/fr\/wp-json\/wp\/v2\/pages\/161"}],"wp:attachment":[{"href":"https:\/\/ambdakar.esteri.it\/fr\/wp-json\/wp\/v2\/media?parent=168"}],"curies":[{"name":"wp","href":"https:\/\/api.w.org\/{rel}","templated":true}]}}