{"id":169,"date":"2023-04-11T18:01:19","date_gmt":"2023-04-11T18:01:19","guid":{"rendered":"https:\/\/ambdakar.esteri.it\/chi-siamo\/gli-uffici\/"},"modified":"2026-01-15T17:33:48","modified_gmt":"2026-01-15T17:33:48","slug":"gli-uffici","status":"publish","type":"page","link":"https:\/\/ambdakar.esteri.it\/fr\/chi-siamo\/gli-uffici\/","title":{"rendered":"Les bureaux"},"content":{"rendered":"<p data-start=\"38\" data-end=\"149\"><strong data-start=\"38\" data-end=\"149\">Au cours de l\u2019ann\u00e9e 2026, les bureaux de l\u2019Ambassade seront ferm\u00e9s \u00e0 l\u2019occasion des jours f\u00e9ri\u00e9s suivants :<\/strong><\/p>\n<p data-start=\"151\" data-end=\"483\">1er janvier \u2013 Jour de l\u2019An<br data-start=\"177\" data-end=\"180\" \/>20 mars \u2013 Korit\u00e9 (f\u00eate mobile)<br data-start=\"210\" data-end=\"213\" \/>4 avril \u2013 F\u00eate nationale du S\u00e9n\u00e9gal<br data-start=\"248\" data-end=\"251\" \/>6 avril \u2013 Lundi de P\u00e2ques<br data-start=\"276\" data-end=\"279\" \/>1er mai \u2013 F\u00eate du Travail<br data-start=\"304\" data-end=\"307\" \/>27 mai \u2013 Tabaski (f\u00eate mobile)<br data-start=\"337\" data-end=\"340\" \/>2 juin \u2013 F\u00eate de la R\u00e9publique italienne<br data-start=\"380\" data-end=\"383\" \/>15 ao\u00fbt \u2013 Assomption<br data-start=\"403\" data-end=\"406\" \/>1er novembre \u2013 Toussaint<br data-start=\"430\" data-end=\"433\" \/>25 d\u00e9cembre \u2013 No\u00ebl<br data-start=\"451\" data-end=\"454\" \/>26 d\u00e9cembre \u2013 Saint-\u00c9tienne<\/p>\n<p data-start=\"490\" data-end=\"509\"><strong data-start=\"490\" data-end=\"509\">Chef de Mission<\/strong><\/p>\n<p data-start=\"511\" data-end=\"573\">Ambassadrice Caterina BERTOLINI<br data-start=\"542\" data-end=\"545\" \/><a class=\"decorated-link cursor-pointer\" rel=\"noopener\" data-start=\"545\" data-end=\"571\">ambasciata.dakar@esteri.it<\/a><\/p>\n<p data-start=\"575\" data-end=\"599\"><strong data-start=\"575\" data-end=\"599\">Vice-Chef de Mission<\/strong><\/p>\n<p data-start=\"601\" data-end=\"680\">Deuxi\u00e8me Secr\u00e9taire commercial Ludovico BANOVA<br data-start=\"649\" data-end=\"652\" \/><a class=\"decorated-link cursor-pointer\" rel=\"noopener\" data-start=\"652\" data-end=\"678\">ambasciata.dakar@esteri.it<\/a><\/p>\n<p data-start=\"687\" data-end=\"714\"><strong data-start=\"687\" data-end=\"714\">Chancellerie consulaire<\/strong><\/p>\n<p data-start=\"716\" data-end=\"791\">Chef de la Chancellerie consulaire, Deuxi\u00e8me Secr\u00e9taire Giovanni GRIFFO<\/p>\n<p data-start=\"793\" data-end=\"849\"><a class=\"decorated-link cursor-pointer\" rel=\"noopener\" data-start=\"793\" data-end=\"821\">consolato.ambdakar@esteri.it<\/a><br data-start=\"821\" data-end=\"824\" \/><a class=\"decorated-link cursor-pointer\" rel=\"noopener\" data-start=\"824\" data-end=\"847\">visa.ambdakar@esteri.it<\/a><\/p>\n<p data-start=\"851\" data-end=\"925\">PEC : <a class=\"decorated-link cursor-pointer\" rel=\"noopener\" data-start=\"857\" data-end=\"891\">amb.dakar.consolare@cert.esteri.it<\/a>, <a class=\"decorated-link cursor-pointer\" rel=\"noopener\" data-start=\"893\" data-end=\"923\">amb.dakar.visti@cert.esteri.it<\/a><\/p>\n<p data-start=\"927\" data-end=\"1057\">Horaires d\u2019ouverture : du lundi au vendredi de 9h00 \u00e0 13h00 et de 14h00 \u00e0 16h00. L\u2019acc\u00e8s se fait uniquement sur rendez-vous.<\/p>\n<p data-start=\"1064\" data-end=\"1085\"><strong data-start=\"1064\" data-end=\"1085\">Bureau commercial<\/strong><\/p>\n<p data-start=\"1087\" data-end=\"1173\">Responsable du Bureau commercial, Deuxi\u00e8me Secr\u00e9taire commercial Ludovico BANOVA<\/p>\n<p data-start=\"1175\" data-end=\"1207\"><a class=\"decorated-link cursor-pointer\" rel=\"noopener\" data-start=\"1175\" data-end=\"1205\">commerciale.ambdakar@esteri.it<\/a><\/p>\n<p data-start=\"1214\" data-end=\"1250\"><strong data-start=\"1214\" data-end=\"1250\">Bureau de l\u2019Attach\u00e9 scientifique<\/strong><\/p>\n<p data-start=\"1252\" data-end=\"1301\">Attach\u00e9 scientifique, Docteur Eugenio CAVALLO<\/p>\n<p data-start=\"1303\" data-end=\"1331\"><a class=\"decorated-link cursor-pointer\" rel=\"noopener\" data-start=\"1303\" data-end=\"1329\">ambasciata.dakar@esteri.it<\/a><\/p>\n<p data-start=\"1338\" data-end=\"1375\"><strong data-start=\"1338\" data-end=\"1375\">Bureau administratif et comptable<\/strong><\/p>\n<p data-start=\"1377\" data-end=\"1482\">Responsable du Bureau administratif et comptable, Commissaire adjoint Raffaella Anna Domenica CANAL<\/p>\n<p data-start=\"1484\" data-end=\"1507\"><a class=\"decorated-link cursor-pointer\" rel=\"noopener\" data-start=\"1484\" data-end=\"1505\">dakar.ammin@esteri.it<\/a><\/p>\n<p data-start=\"1514\" data-end=\"1554\"><strong data-start=\"1514\" data-end=\"1554\">Institut Italien de Culture de Dakar<\/strong><\/p>\n<p data-start=\"1556\" data-end=\"1587\">Directrice Serena CINQUEGRANA<\/p>\n<p data-start=\"1589\" data-end=\"1642\"><a class=\"decorated-link cursor-pointer\" rel=\"noopener\" data-start=\"1589\" data-end=\"1607\">iicdakar@esteri.it<\/a><br data-start=\"1607\" data-end=\"1610\" \/>PEC : <a class=\"decorated-link cursor-pointer\" rel=\"noopener\" data-start=\"1616\" data-end=\"1640\">iic.dakar@cert.esteri.it<\/a><\/p>\n<p data-start=\"1649\" data-end=\"1730\"><strong data-start=\"1649\" data-end=\"1730\">AICS \u2013 Agence Italienne pour la Coop\u00e9ration au D\u00e9veloppement, Bureau de Dakar<\/strong><\/p>\n<p data-start=\"1732\" data-end=\"1759\">Directeur Giovanni GRANDI<\/p>\n<p data-start=\"1761\" data-end=\"1810\"><a class=\"decorated-link cursor-pointer\" rel=\"noopener\" data-start=\"1761\" data-end=\"1778\">dakar@aics.gov.it<\/a><br data-start=\"1778\" data-end=\"1781\" \/>PEC : <a class=\"decorated-link cursor-pointer\" rel=\"noopener\" data-start=\"1787\" data-end=\"1808\">dakar@pec.aics.gov.it<\/a><\/p>\n<p data-start=\"1817\" data-end=\"1934\"><strong data-start=\"1817\" data-end=\"1934\">ICE \u2013 Agence pour la promotion \u00e0 l\u2019\u00e9tranger et l\u2019internationalisation des entreprises italiennes, Bureau de Dakar<\/strong><\/p>\n<p data-start=\"1936\" data-end=\"1966\">Directeur Alessandro GERBINO<\/p>\n<p data-start=\"1968\" data-end=\"1982\"><a class=\"decorated-link cursor-pointer\" rel=\"noopener\" data-start=\"1968\" data-end=\"1980\">ice@dakar.it<\/a><\/p>\n<p data-start=\"1989\" data-end=\"2028\"><strong data-start=\"1989\" data-end=\"2028\">Bureau de l\u2019Expert pour la s\u00e9curit\u00e9<\/strong><\/p>\n<p data-start=\"2030\" data-end=\"2099\">Premier Dirigeant de la Police d\u2019\u00c9tat, Docteure Alessandra ORTENZI<\/p>\n<p data-start=\"2101\" data-end=\"2129\"><a class=\"decorated-link cursor-pointer\" rel=\"noopener\" data-start=\"2101\" data-end=\"2127\">ambasciata.dakar@esteri.it<\/a><\/p>\n<p data-start=\"2136\" data-end=\"2171\"><strong data-start=\"2136\" data-end=\"2171\">Attach\u00e9 de D\u00e9fense bas\u00e9 \u00e0 Rabat<\/strong><\/p>\n<p data-start=\"2173\" data-end=\"2213\">Capitaine de vaisseau Riccardo LEONI<\/p>\n<p data-start=\"2215\" data-end=\"2247\"><a class=\"decorated-link cursor-pointer\" rel=\"noopener\" data-start=\"2215\" data-end=\"2245\">difeitalia.rabat@smd.difesa.it<\/a><\/p>\n","protected":false},"excerpt":{"rendered":"Au cours de l\u2019ann\u00e9e 2026, les bureaux de l\u2019Ambassade seront ferm\u00e9s \u00e0 l\u2019occasion des jours f\u00e9ri\u00e9s suivants : 1er janvier \u2013 Jour de l\u2019An20 mars \u2013 Korit\u00e9 (f\u00eate mobile)4 avril \u2013 F\u00eate nationale du S\u00e9n\u00e9gal6 avril \u2013 Lundi de P\u00e2ques1er mai \u2013 F\u00eate du Travail27 mai \u2013 Tabaski (f\u00eate mobile)2 juin \u2013 F\u00eate de la [&hellip;]","protected":false},"author":1,"featured_media":0,"parent":161,"menu_order":4,"comment_status":"closed","ping_status":"closed","template":"","meta":{"footnotes":""},"class_list":["post-169","page","type-page","status-publish","hentry"],"_links":{"self":[{"href":"https:\/\/ambdakar.esteri.it\/fr\/wp-json\/wp\/v2\/pages\/169","targetHints":{"allow":["GET"]}}],"collection":[{"href":"https:\/\/ambdakar.esteri.it\/fr\/wp-json\/wp\/v2\/pages"}],"about":[{"href":"https:\/\/ambdakar.esteri.it\/fr\/wp-json\/wp\/v2\/types\/page"}],"author":[{"embeddable":true,"href":"https:\/\/ambdakar.esteri.it\/fr\/wp-json\/wp\/v2\/users\/1"}],"replies":[{"embeddable":true,"href":"https:\/\/ambdakar.esteri.it\/fr\/wp-json\/wp\/v2\/comments?post=169"}],"version-history":[{"count":3,"href":"https:\/\/ambdakar.esteri.it\/fr\/wp-json\/wp\/v2\/pages\/169\/revisions"}],"predecessor-version":[{"id":4747,"href":"https:\/\/ambdakar.esteri.it\/fr\/wp-json\/wp\/v2\/pages\/169\/revisions\/4747"}],"up":[{"embeddable":true,"href":"https:\/\/ambdakar.esteri.it\/fr\/wp-json\/wp\/v2\/pages\/161"}],"wp:attachment":[{"href":"https:\/\/ambdakar.esteri.it\/fr\/wp-json\/wp\/v2\/media?parent=169"}],"curies":[{"name":"wp","href":"https:\/\/api.w.org\/{rel}","templated":true}]}}