{"id":170,"date":"2023-04-11T18:07:19","date_gmt":"2023-04-11T18:07:19","guid":{"rendered":"https:\/\/ambdakar.esteri.it\/chi-siamo\/numeri-di-emergenza\/"},"modified":"2026-01-15T17:37:15","modified_gmt":"2026-01-15T17:37:15","slug":"numeri-di-emergenza","status":"publish","type":"page","link":"https:\/\/ambdakar.esteri.it\/fr\/chi-siamo\/numeri-di-emergenza\/","title":{"rendered":"Num\u00e9ros d&rsquo;urgence"},"content":{"rendered":"<p data-start=\"38\" data-end=\"368\"><strong data-start=\"38\" data-end=\"60\">Num\u00e9ro d\u2019urgence :<\/strong> 00221 78 3090 714.<br data-start=\"79\" data-end=\"82\" \/>Op\u00e9rationnel uniquement en dehors des horaires d\u2019ouverture des bureaux et les week-ends.<br data-start=\"170\" data-end=\"173\" \/>Par situations d\u2019urgence, on entend : accidents graves entra\u00eenant une hospitalisation ou des d\u00e9c\u00e8s \u00e0 la suite d\u2019actes criminels ; arrestations ; perte, vol ou confiscation de documents de voyage.<\/p>\n<p data-start=\"370\" data-end=\"538\">En cas d\u2019urgence au Cap-Vert, en Gambie ou en Guin\u00e9e-Bissau, il est \u00e9galement possible de contacter les <a href=\"https:\/\/ambdakar.esteri.it\/fr\/chi-siamo\/la-rete-consolare\/\">Consuls honoraires et les Correspondants consulaires respectifs<\/a>.<\/p>\n<h2 data-start=\"545\" data-end=\"556\">S\u00e9curit\u00e9<\/h2>\n<p data-start=\"558\" data-end=\"1163\">L\u2019Ambassade d\u2019Italie \u00e0 Dakar est comp\u00e9tente pour les affaires consulaires dans six pays d\u2019Afrique de l\u2019Ouest : le S\u00e9n\u00e9gal, la Gambie, le Cap-Vert, le Mali, la Guin\u00e9e-Bissau et la Guin\u00e9e (Conakry). Chacun de ces pays pr\u00e9sente des caract\u00e9ristiques diff\u00e9rentes et des niveaux de risques distincts, sanitaires ou plus sp\u00e9cifiquement li\u00e9s \u00e0 la s\u00e9curit\u00e9, pour les ressortissants \u00e9trangers et les voyageurs en g\u00e9n\u00e9ral. Dans les limites de ses capacit\u00e9s, ressources et comp\u00e9tences, l\u2019Ambassade a pour mission d\u2019assurer l\u2019assistance aux ressortissants italiens pr\u00e9sents sur le territoire des pays de sa comp\u00e9tence.<\/p>\n<p data-start=\"1165\" data-end=\"1436\">\u00c0 cet effet, la collaboration active des ressortissants eux-m\u00eames rev\u00eat une importance fondamentale. Cela implique avant tout la n\u00e9cessit\u00e9, pour les Italiens se trouvant \u00e0 l\u2019\u00e9tranger ou souhaitant s\u2019y rendre, de s\u2019informer \u00e0 l\u2019avance sur les diff\u00e9rents profils de risque.<\/p>\n<p data-start=\"1438\" data-end=\"1942\">Il est en premier lieu vivement recommand\u00e9 de consulter le site <a class=\"decorated-link\" href=\"http:\/\/www.viaggiaresicuri.it\" target=\"_new\" rel=\"noopener\" data-start=\"1502\" data-end=\"1524\">www.viaggiaresicuri.it<\/a>, g\u00e9r\u00e9 par le MAECI en collaboration avec les Ambassades et les Consulats \u00e0 l\u2019\u00e9tranger. Ce site fournit, pour chaque pays du monde, une s\u00e9rie d\u2019informations utiles et n\u00e9cessaires d\u2019ordre sanitaire, bureaucratique, douanier et s\u00e9curitaire, ainsi que des adresses d\u2019h\u00f4pitaux, d\u2019organismes d\u2019int\u00e9r\u00eat \u00e9conomique et commercial, et bien entendu les contacts des Ambassades et Consulats comp\u00e9tents (ordinaires ou honoraires).<\/p>\n<p data-start=\"1944\" data-end=\"3085\">Il est \u00e9galement recommand\u00e9 de consulter le site <a class=\"decorated-link\" href=\"http:\/\/www.dovesiamonelmondo.it\" target=\"_new\" rel=\"noopener\" data-start=\"1993\" data-end=\"2017\">www.dovesiamonelmondo.it<\/a>. Initialement con\u00e7u pour les touristes et les travailleurs en mission \u00e0 l\u2019\u00e9tranger, ce site propose d\u00e9sormais un formulaire d\u2019enregistrement \u00e9galement pour les \u00ab r\u00e9sidents temporaires \u00bb qui, qu\u2019ils soient inscrits ou non \u00e0 l\u2019AIRE, s\u00e9journent \u00e0 l\u2019\u00e9tranger pour de longues p\u00e9riodes. Le site offre la possibilit\u00e9 (y compris aux r\u00e9sidents \u00e0 l\u2019\u00e9tranger) d\u2019indiquer son lieu de r\u00e9sidence sur une carte. Ce service est gratuit et conforme \u00e0 la l\u00e9gislation sur la protection des donn\u00e9es personnelles. Les informations sont en effet utilis\u00e9es uniquement en cas d\u2019urgence et toutes les donn\u00e9es fournies sont automatiquement supprim\u00e9es deux jours apr\u00e8s la date de fin de s\u00e9jour indiqu\u00e9e. L\u2019objectif est de faciliter l\u2019assistance en cas d\u2019urgence et d\u2019aider les Ambassades \u00e0 v\u00e9rifier la pr\u00e9sence effective et stable des ressortissants, \u00e9l\u00e9ment fondamental pour une intervention rapide en situation d\u2019urgence. Il est rappel\u00e9 que l\u2019enregistrement sur le site n\u2019a aucune incidence sur les obligations d\u2019inscription \u00e0 l\u2019AIRE pour les citoyens r\u00e9sidant de mani\u00e8re stable \u00e0 l\u2019\u00e9tranger.<\/p>\n<p data-start=\"3087\" data-end=\"4686\">Lorsque le voyage et le s\u00e9jour \u00e0 l\u2019\u00e9tranger poursuivent des finalit\u00e9s autres que le simple tourisme (activit\u00e9s humanitaires, coop\u00e9ration, \u00e9tudes ou autres), il est vivement conseill\u00e9 de prendre contact avec l\u2019Ambassade (voir page Contacts) afin de fournir tous les d\u00e9tails relatifs au voyage, \u00e0 ses objectifs et aux \u00e9ventuelles exigences particuli\u00e8res, notamment en mati\u00e8re douani\u00e8re et de proc\u00e9dures administratives pour les marchandises et les v\u00e9hicules. La communication de ses donn\u00e9es est en effet essentielle pour garantir l\u2019efficacit\u00e9 des Plans d\u2019urgence que l\u2019Ambassade \u00e9labore, en \u00e9troite coordination avec l\u2019Unit\u00e9 de Crise du Minist\u00e8re des Affaires \u00e9trang\u00e8res, afin de pr\u00e9server la s\u00e9curit\u00e9 des ressortissants italiens \u00e0 l\u2019\u00e9tranger en cas de catastrophes naturelles ou de troubles politiques. Ces plans sont flexibles et diff\u00e8rent selon les sp\u00e9cificit\u00e9s de chaque pays, souvent en collaboration avec les autres Ambassades des pays membres de l\u2019Union europ\u00e9enne pr\u00e9sentes sur le territoire (en particulier dans les pays d\u2019accr\u00e9ditation secondaire o\u00f9 aucune structure institutionnelle italienne n\u2019est pr\u00e9sente). Ils peuvent inclure un r\u00e9seau de points de rassemblement g\u00e9r\u00e9s par des \u00ab chefs de r\u00e9seau \u00bb dans les zones les plus recul\u00e9es du pays concern\u00e9 et pr\u00e9voient des proc\u00e9dures de communication visant \u00e0 assurer, dans la mesure du possible, une information rapide et \u00e9tendue des ressortissants en cas d\u2019urgence. \u00c0 cette fin, il est essentiel pour les Ambassades de conna\u00eetre avec la plus grande pr\u00e9cision possible le nombre et la localisation des ressortissants pr\u00e9sents sur le territoire.<\/p>\n<p data-start=\"4688\" data-end=\"4919\">Une information compl\u00e8te devrait \u00e9galement inclure des contacts facilement joignables \u00e0 l\u2019\u00e9tranger, afin de faciliter une communication imm\u00e9diate (par courriel, SMS ou t\u00e9l\u00e9phone) de la part de l\u2019Ambassade en cas d\u2019urgence soudaine.<\/p>\n<p data-start=\"4921\" data-end=\"5211\">Les ressortissants d\u00e9j\u00e0 inscrits \u00e0 l\u2019AIRE, qui ont g\u00e9n\u00e9ralement fourni ces informations lors de leur inscription, sont encourag\u00e9s \u00e0 communiquer sans d\u00e9lai \u00e0 l\u2019Ambassade toute modification de leurs donn\u00e9es, et en particulier de leurs coordonn\u00e9es (t\u00e9l\u00e9phone, courriel) pr\u00e9c\u00e9demment indiqu\u00e9es.<\/p>\n","protected":false},"excerpt":{"rendered":"Num\u00e9ro d\u2019urgence : 00221 78 3090 714.Op\u00e9rationnel uniquement en dehors des horaires d\u2019ouverture des bureaux et les week-ends.Par situations d\u2019urgence, on entend : accidents graves entra\u00eenant une hospitalisation ou des d\u00e9c\u00e8s \u00e0 la suite d\u2019actes criminels ; arrestations ; perte, vol ou confiscation de documents de voyage. En cas d\u2019urgence au Cap-Vert, en Gambie ou [&hellip;]","protected":false},"author":1,"featured_media":0,"parent":161,"menu_order":6,"comment_status":"closed","ping_status":"closed","template":"","meta":{"footnotes":""},"class_list":["post-170","page","type-page","status-publish","hentry"],"_links":{"self":[{"href":"https:\/\/ambdakar.esteri.it\/fr\/wp-json\/wp\/v2\/pages\/170","targetHints":{"allow":["GET"]}}],"collection":[{"href":"https:\/\/ambdakar.esteri.it\/fr\/wp-json\/wp\/v2\/pages"}],"about":[{"href":"https:\/\/ambdakar.esteri.it\/fr\/wp-json\/wp\/v2\/types\/page"}],"author":[{"embeddable":true,"href":"https:\/\/ambdakar.esteri.it\/fr\/wp-json\/wp\/v2\/users\/1"}],"replies":[{"embeddable":true,"href":"https:\/\/ambdakar.esteri.it\/fr\/wp-json\/wp\/v2\/comments?post=170"}],"version-history":[{"count":3,"href":"https:\/\/ambdakar.esteri.it\/fr\/wp-json\/wp\/v2\/pages\/170\/revisions"}],"predecessor-version":[{"id":4750,"href":"https:\/\/ambdakar.esteri.it\/fr\/wp-json\/wp\/v2\/pages\/170\/revisions\/4750"}],"up":[{"embeddable":true,"href":"https:\/\/ambdakar.esteri.it\/fr\/wp-json\/wp\/v2\/pages\/161"}],"wp:attachment":[{"href":"https:\/\/ambdakar.esteri.it\/fr\/wp-json\/wp\/v2\/media?parent=170"}],"curies":[{"name":"wp","href":"https:\/\/api.w.org\/{rel}","templated":true}]}}