{"id":172,"date":"2023-04-11T17:08:52","date_gmt":"2023-04-11T17:08:52","guid":{"rendered":"https:\/\/ambdakar.esteri.it\/italia-e-repubblica-ceca\/"},"modified":"2026-03-25T11:33:25","modified_gmt":"2026-03-25T11:33:25","slug":"italia-e-senegal","status":"publish","type":"page","link":"https:\/\/ambdakar.esteri.it\/fr\/italia-e-senegal\/","title":{"rendered":"Italie et S\u00e9n\u00e9gal"},"content":{"rendered":"<p>L\u2019Italie a \u00e9t\u00e9 l\u2019un des premiers pays \u00e0 \u00e9tablir sa propre Ambassade au S\u00e9n\u00e9gal, en 1961.<\/p>\n<p>Depuis lors, les relations bilat\u00e9rales entre les deux \u00c9tats ont toujours \u00e9t\u00e9 marqu\u00e9es par l\u2019amiti\u00e9 et une \u00e9troite coop\u00e9ration, se d\u00e9veloppant \u00e9galement gr\u00e2ce \u00e0 l\u2019importante diaspora s\u00e9n\u00e9galaise r\u00e9sidant en Italie et au r\u00f4le jou\u00e9 par le S\u00e9n\u00e9gal en tant qu\u2019acteur de stabilit\u00e9 r\u00e9gionale en Afrique de l\u2019Ouest.<\/p>\n<p>En janvier 2025, le S\u00e9n\u00e9gal a \u00e9t\u00e9 inclus par le Gouvernement italien parmi les pays prioritaires du <a href=\"https:\/\/www.governo.it\/it\/piano-mattei\">Plan Mattei pour l\u2019Afrique<\/a>. Le S\u00e9n\u00e9gal fait \u00e9galement partie des pays d\u2019intervention prioritaire de la <a href=\"https:\/\/www.aics.gov.it\/\">Coop\u00e9ration italienne<\/a>.<\/p>\n<p>Les relations politiques entre les deux pays ont connu un moment de haut niveau \u00e0 l\u2019occasion de la\u00a0<a href=\"https:\/\/ambdakar.esteri.it\/fr\/news\/dall_ambasciata\/2025\/11\/mission-a-dakar-du-ministre-des-affaires-etrangeres-antonio-tajani-et-du-ministre-de-linterieur-matteo-piantedosi\/\">visite \u00e0 Dakar<\/a>\u00a0du Vice-Pr\u00e9sident du Conseil et Ministre des Affaires \u00e9trang\u00e8res et de la Coop\u00e9ration internationale, Antonio Tajani, le 29 octobre 2025 ; le Ministre de l\u2019Int\u00e9rieur, Matteo Piantedosi, a \u00e9galement pris part \u00e0 la mission aux c\u00f4t\u00e9s du Ministre Tajani. Quelques semaines auparavant, d\u00e9but septembre 2025, le Ministre de l\u2019Agriculture, de la Souverainet\u00e9 alimentaire et des For\u00eats, Francesco Lollobrigida, s\u2019\u00e9tait lui aussi rendu en visite \u00e0 Dakar.<\/p>\n<p>Ces visites r\u00e9centes ont ainsi donn\u00e9 une forte impulsion, \u00e0 la fois politique et technique, aux relations bilat\u00e9rales entre les deux pays.<\/p>\n","protected":false},"excerpt":{"rendered":"L\u2019Italie a \u00e9t\u00e9 l\u2019un des premiers pays \u00e0 \u00e9tablir sa propre Ambassade au S\u00e9n\u00e9gal, en 1961. Depuis lors, les relations bilat\u00e9rales entre les deux \u00c9tats ont toujours \u00e9t\u00e9 marqu\u00e9es par l\u2019amiti\u00e9 et une \u00e9troite coop\u00e9ration, se d\u00e9veloppant \u00e9galement gr\u00e2ce \u00e0 l\u2019importante diaspora s\u00e9n\u00e9galaise r\u00e9sidant en Italie et au r\u00f4le jou\u00e9 par le S\u00e9n\u00e9gal en tant [&hellip;]","protected":false},"author":1,"featured_media":0,"parent":0,"menu_order":4,"comment_status":"closed","ping_status":"closed","template":"","meta":{"footnotes":""},"class_list":["post-172","page","type-page","status-publish","hentry"],"_links":{"self":[{"href":"https:\/\/ambdakar.esteri.it\/fr\/wp-json\/wp\/v2\/pages\/172","targetHints":{"allow":["GET"]}}],"collection":[{"href":"https:\/\/ambdakar.esteri.it\/fr\/wp-json\/wp\/v2\/pages"}],"about":[{"href":"https:\/\/ambdakar.esteri.it\/fr\/wp-json\/wp\/v2\/types\/page"}],"author":[{"embeddable":true,"href":"https:\/\/ambdakar.esteri.it\/fr\/wp-json\/wp\/v2\/users\/1"}],"replies":[{"embeddable":true,"href":"https:\/\/ambdakar.esteri.it\/fr\/wp-json\/wp\/v2\/comments?post=172"}],"version-history":[{"count":6,"href":"https:\/\/ambdakar.esteri.it\/fr\/wp-json\/wp\/v2\/pages\/172\/revisions"}],"predecessor-version":[{"id":5164,"href":"https:\/\/ambdakar.esteri.it\/fr\/wp-json\/wp\/v2\/pages\/172\/revisions\/5164"}],"wp:attachment":[{"href":"https:\/\/ambdakar.esteri.it\/fr\/wp-json\/wp\/v2\/media?parent=172"}],"curies":[{"name":"wp","href":"https:\/\/api.w.org\/{rel}","templated":true}]}}