{"id":173,"date":"2023-04-11T18:10:30","date_gmt":"2023-04-11T18:10:30","guid":{"rendered":"https:\/\/ambdakar.esteri.it\/italia-e-repubblica-ceca\/diplomazia-economica\/"},"modified":"2026-03-25T11:36:19","modified_gmt":"2026-03-25T11:36:19","slug":"diplomazia-economica","status":"publish","type":"page","link":"https:\/\/ambdakar.esteri.it\/fr\/italia-e-senegal\/diplomazia-economica\/","title":{"rendered":"Diplomatie \u00e9conomique"},"content":{"rendered":"<p data-start=\"38\" data-end=\"671\">Les relations \u00e9conomiques et commerciales entre l\u2019Italie et le S\u00e9n\u00e9gal sont en forte croissance, port\u00e9es notamment par l\u2019inclusion du S\u00e9n\u00e9gal parmi les pays prioritaires du Plan Mattei pour l\u2019Afrique. Entre janvier et juillet 2025, les \u00e9changes commerciaux entre l\u2019Italie et le S\u00e9n\u00e9gal ont augment\u00e9 de plus de 109 % par rapport \u00e0 2024, avec une hausse des exportations italiennes de 13,5 %. D\u2019un point de vue commercial, le S\u00e9n\u00e9gal repr\u00e9sente pour l\u2019Italie le neuvi\u00e8me partenaire africain en termes d\u2019exportations et le cinqui\u00e8me en Afrique subsaharienne, tout en se classant au 22\u1d49 rang parmi les fournisseurs africains de l\u2019Italie.<\/p>\n<p data-start=\"673\" data-end=\"1119\">Le Bureau commercial de l\u2019Ambassade a coordonn\u00e9 l\u2019\u00e9laboration d\u2019un guide des investissements au S\u00e9n\u00e9gal, destin\u00e9 aux op\u00e9rateurs \u00e9conomiques italiens souhaitant acc\u00e9der au march\u00e9 s\u00e9n\u00e9galais. Ce guide a \u00e9t\u00e9 officiellement pr\u00e9sent\u00e9 par le Ministre Tajani lors du <a href=\"https:\/\/www.ice.it\/it\/settori\/collaborazione-industriale\/business-forum-italia-senegal\">Forum d\u2019affaires Italie\u2013S\u00e9n\u00e9gal<\/a>, qui s\u2019est tenu \u00e0 Dakar les 28 et 29 octobre 2025. Le guide peut \u00eatre t\u00e9l\u00e9charg\u00e9 gratuitement ici : <a href=\"https:\/\/ambdakar.esteri.it\/wp-content\/uploads\/2025\/11\/Diplomazia-della-crescita-destinazione-Senegal_compressed.pdf\"><strong data-start=\"1065\" data-end=\"1118\">Diplomatie de la croissance \u2013 destination S\u00e9n\u00e9gal<\/strong><\/a>.<\/p>\n<p data-start=\"1121\" data-end=\"1292\">Les entreprises italiennes peuvent contacter le Bureau commercial de l\u2019Ambassade via le portail <a href=\"https:\/\/nexus.esteri.it\/\">NEXUS<\/a> ou en \u00e9crivant \u00e0 l\u2019adresse suivante : <a class=\"decorated-link cursor-pointer\" rel=\"noopener\" data-start=\"1261\" data-end=\"1291\">commerciale.ambdakar@esteri.it<\/a>.<\/p>\n<p data-start=\"1294\" data-end=\"1987\">Dans le cadre du renforcement de sa pr\u00e9sence en Afrique, l\u2019<a href=\"https:\/\/www.ice.it\/it\">Agence ICE<\/a> a ouvert un Bureau \u00e0 Dakar au d\u00e9but de l\u2019ann\u00e9e 2024. Le Bureau ICE de Dakar, situ\u00e9 au sein des locaux de l\u2019Ambassade d\u2019Italie, est \u00e9galement comp\u00e9tent pour les march\u00e9s voisins de la C\u00f4te d\u2019Ivoire, de la Guin\u00e9e et du Mali. L\u2019objectif de l\u2019Agence ICE est d\u2019accompagner les entreprises italiennes dans leur insertion sur le march\u00e9 s\u00e9n\u00e9galais. Parmi ses activit\u00e9s, l\u2019ICE coordonne la participation des entreprises italiennes aux foires, organise des missions d\u2019entreprises italiennes au S\u00e9n\u00e9gal ainsi que des missions d\u2019op\u00e9rateurs s\u00e9n\u00e9galais en Italie. L\u2019ICE promeut \u00e9galement des programmes de formation et des rencontres B2B.<\/p>\n<p data-start=\"1989\" data-end=\"2101\">Des informations d\u00e9taill\u00e9es \u00e0 destination des entreprises sont disponibles sur le portail <a href=\"https:\/\/www.infomercatiesteri.it\/paese.php?id_paesi=27\"><strong data-start=\"2079\" data-end=\"2100\">infoMercatiEsteri<\/strong><\/a>.<\/p>\n<p>Au sein de l\u2019Ambassade d\u2019Italie \u00e0 Dakar, un\u00a0<em>flying desk<\/em>\u00a0de SIMEST est \u00e9galement h\u00e9berg\u00e9, rattach\u00e9 au Bureau SIMEST de Rabat.<\/p>\n<p>Des informations d\u00e9taill\u00e9es suppl\u00e9mentaires \u00e0 destination des entreprises sont disponibles dans l\u2019\u00e9dition de janvier 2026 de la newsletter\u00a0<em>Diplomatie \u00c9conomique Italienne<\/em>, consacr\u00e9e au S\u00e9n\u00e9gal, accessible <a href=\"https:\/\/ambdakar.esteri.it\/wp-content\/uploads\/2026\/02\/Newsletter_DEI_1-26-2.pdf\">ici<\/a>.<\/p>\n","protected":false},"excerpt":{"rendered":"Les relations \u00e9conomiques et commerciales entre l\u2019Italie et le S\u00e9n\u00e9gal sont en forte croissance, port\u00e9es notamment par l\u2019inclusion du S\u00e9n\u00e9gal parmi les pays prioritaires du Plan Mattei pour l\u2019Afrique. Entre janvier et juillet 2025, les \u00e9changes commerciaux entre l\u2019Italie et le S\u00e9n\u00e9gal ont augment\u00e9 de plus de 109 % par rapport \u00e0 2024, avec une [&hellip;]","protected":false},"author":1,"featured_media":0,"parent":172,"menu_order":0,"comment_status":"closed","ping_status":"closed","template":"","meta":{"footnotes":""},"class_list":["post-173","page","type-page","status-publish","hentry"],"_links":{"self":[{"href":"https:\/\/ambdakar.esteri.it\/fr\/wp-json\/wp\/v2\/pages\/173","targetHints":{"allow":["GET"]}}],"collection":[{"href":"https:\/\/ambdakar.esteri.it\/fr\/wp-json\/wp\/v2\/pages"}],"about":[{"href":"https:\/\/ambdakar.esteri.it\/fr\/wp-json\/wp\/v2\/types\/page"}],"author":[{"embeddable":true,"href":"https:\/\/ambdakar.esteri.it\/fr\/wp-json\/wp\/v2\/users\/1"}],"replies":[{"embeddable":true,"href":"https:\/\/ambdakar.esteri.it\/fr\/wp-json\/wp\/v2\/comments?post=173"}],"version-history":[{"count":6,"href":"https:\/\/ambdakar.esteri.it\/fr\/wp-json\/wp\/v2\/pages\/173\/revisions"}],"predecessor-version":[{"id":5167,"href":"https:\/\/ambdakar.esteri.it\/fr\/wp-json\/wp\/v2\/pages\/173\/revisions\/5167"}],"up":[{"embeddable":true,"href":"https:\/\/ambdakar.esteri.it\/fr\/wp-json\/wp\/v2\/pages\/172"}],"wp:attachment":[{"href":"https:\/\/ambdakar.esteri.it\/fr\/wp-json\/wp\/v2\/media?parent=173"}],"curies":[{"name":"wp","href":"https:\/\/api.w.org\/{rel}","templated":true}]}}