{"id":174,"date":"2023-04-11T18:08:31","date_gmt":"2023-04-11T18:08:31","guid":{"rendered":"https:\/\/ambdakar.esteri.it\/chi-siamo\/la-rete-consolare\/"},"modified":"2026-03-25T11:30:59","modified_gmt":"2026-03-25T11:30:59","slug":"la-rete-consolare","status":"publish","type":"page","link":"https:\/\/ambdakar.esteri.it\/fr\/chi-siamo\/la-rete-consolare\/","title":{"rendered":"Le r\u00e9seau consulaire"},"content":{"rendered":"<p><strong>CORRESPONDANT CONSULAIRE \u00c0 PRAIA &#8211; \u00ceLE DE SANTIAGO<\/strong><\/p>\n<p>BRUNO MICOLI<\/p>\n<p>T\u00e9l\u00e9phone bureau +238 3567100<\/p>\n<p>T\u00e9l\u00e9phone urgences +238 9332564<\/p>\n<p>Whatsapp seulement messages <a href=\"https:\/\/wa.me\/393313940105\">+39\u00a0331\u00a03940105<\/a><\/p>\n<p>Email: <a href=\"mailto:italconsulcapoverde@gmail.com\">italconsulcapoverde@gmail.com<\/a><\/p>\n<p>&nbsp;<\/p>\n<p><strong>CORRESPONDANT CONSULAIRE \u00c0 SAL REI &#8211; \u00ceLE DE BOA VISTA<\/strong><\/p>\n<p>CLAUDIO MORLIN<\/p>\n<p>Email: claudio.morlin@gmail.com<\/p>\n<p>Whatsapp: +238 9967581<\/p>\n<p>&nbsp;<\/p>\n<p><strong>CONSULAT HONORAIRE \u00c0 BANJUL &#8211; GAMBIE<\/strong><\/p>\n<p>MEHDI BENSOUDA<\/p>\n<p>Senegambia strip c\/o Kololi Casino Complex Senegambia<\/p>\n<p>Mail:\u00a0mehdi286@hotmail.co.uk<\/p>\n<p>T\u00e9l: 002202484848<\/p>\n<p><a href=\"https:\/\/ambdakar.esteri.it\/wp-content\/uploads\/2023\/11\/Decret-de-limitation-des-fonctions.pdf\">D\u00e9cret de limitation des fonctions<\/a><\/p>\n<p>&nbsp;<\/p>\n<p><strong>CORRESPONDANT CONSULAIRE \u00c0 BISSAU &#8211; GUIN\u00c9E-BISSAU<\/strong><\/p>\n<p>GRAZIANO BIAZZI<\/p>\n<p>Avenida Pansau Na Isna Zona Coqueiro-Samaritana &#8211; Bissau<\/p>\n<p>Mail: consolatogb@gmail.com<\/p>\n","protected":false},"excerpt":{"rendered":"CORRESPONDANT CONSULAIRE \u00c0 PRAIA &#8211; \u00ceLE DE SANTIAGO BRUNO MICOLI T\u00e9l\u00e9phone bureau +238 3567100 T\u00e9l\u00e9phone urgences +238 9332564 Whatsapp seulement messages +39\u00a0331\u00a03940105 Email: italconsulcapoverde@gmail.com &nbsp; CORRESPONDANT CONSULAIRE \u00c0 SAL REI &#8211; \u00ceLE DE BOA VISTA CLAUDIO MORLIN Email: claudio.morlin@gmail.com Whatsapp: +238 9967581 &nbsp; CONSULAT HONORAIRE \u00c0 BANJUL &#8211; GAMBIE MEHDI BENSOUDA Senegambia strip c\/o Kololi [&hellip;]","protected":false},"author":1,"featured_media":0,"parent":161,"menu_order":8,"comment_status":"closed","ping_status":"closed","template":"","meta":{"footnotes":""},"class_list":["post-174","page","type-page","status-publish","hentry"],"_links":{"self":[{"href":"https:\/\/ambdakar.esteri.it\/fr\/wp-json\/wp\/v2\/pages\/174","targetHints":{"allow":["GET"]}}],"collection":[{"href":"https:\/\/ambdakar.esteri.it\/fr\/wp-json\/wp\/v2\/pages"}],"about":[{"href":"https:\/\/ambdakar.esteri.it\/fr\/wp-json\/wp\/v2\/types\/page"}],"author":[{"embeddable":true,"href":"https:\/\/ambdakar.esteri.it\/fr\/wp-json\/wp\/v2\/users\/1"}],"replies":[{"embeddable":true,"href":"https:\/\/ambdakar.esteri.it\/fr\/wp-json\/wp\/v2\/comments?post=174"}],"version-history":[{"count":6,"href":"https:\/\/ambdakar.esteri.it\/fr\/wp-json\/wp\/v2\/pages\/174\/revisions"}],"predecessor-version":[{"id":5161,"href":"https:\/\/ambdakar.esteri.it\/fr\/wp-json\/wp\/v2\/pages\/174\/revisions\/5161"}],"up":[{"embeddable":true,"href":"https:\/\/ambdakar.esteri.it\/fr\/wp-json\/wp\/v2\/pages\/161"}],"wp:attachment":[{"href":"https:\/\/ambdakar.esteri.it\/fr\/wp-json\/wp\/v2\/media?parent=174"}],"curies":[{"name":"wp","href":"https:\/\/api.w.org\/{rel}","templated":true}]}}