{"id":177,"date":"2023-04-11T18:24:01","date_gmt":"2023-04-11T18:24:01","guid":{"rendered":"https:\/\/ambdakar.esteri.it\/italia-e-repubblica-ceca\/diplomazia-economica\/fare-affari-in-italia\/"},"modified":"2026-03-25T11:39:57","modified_gmt":"2026-03-25T11:39:57","slug":"fare-affari-in-italia","status":"publish","type":"page","link":"https:\/\/ambdakar.esteri.it\/fr\/italia-e-senegal\/diplomazia-economica\/fare-affari-in-italia\/","title":{"rendered":"Faire des affaires en Italie"},"content":{"rendered":"<p>Le minist\u00e8re des Affaires \u00e9trang\u00e8res et de la Coop\u00e9ration internationale s&rsquo;engage quotidiennement \u00e0 rendre le \u00ab Syst\u00e8me Italie \u00bb toujours plus comp\u00e9titif et attractif, tant au profit de nos entreprises que des nouveaux investisseurs. \u00c0 cette fin, le MAECI a plac\u00e9 la diplomatie de la croissance au c\u0153ur de ses activit\u00e9s, en misant \u00e9galement sur l&rsquo;attraction de capitaux financiers et d&rsquo;investissements productifs provenant de l&rsquo;\u00e9tranger.<\/p>\n<p>Dans ce contexte, le MAECI, notamment par l\u2019interm\u00e9diaire de l\u2019ambassade, joue un r\u00f4le central dans le dialogue permanent avec les investisseurs \u00e9trangers (soci\u00e9t\u00e9s, groupes industriels, entreprises, fonds souverains et fonds d\u2019investissement) int\u00e9ress\u00e9s par des investissements dans notre pays, ainsi que dans la communication des opportunit\u00e9s d\u2019investissement existantes sur notre territoire, en mettant en avant les r\u00e9formes qui ont contribu\u00e9 \u00e0 cr\u00e9er en Italie un environnement entrepreneurial de plus en plus favorable aux affaires.<\/p>\n<p>L\u2019ambassade \u00e0 Dakar constitue le premier point de contact pour les investisseurs institutionnels et les grands investisseurs priv\u00e9s s\u00e9n\u00e9galais et des autres pays relevant de sa comp\u00e9tence.<\/p>\n<p>Pour plus d\u2019informations sur les raisons d\u2019investir en Italie, consultez la page <a href=\"https:\/\/www.esteri.it\/it\/diplomazia-economica-e-politica-commerciale\/diplomaziaeconomica\/l-attrazione-degli-investimenti\/perche-investire-in-italia\/\">Pourquoi investir en Italie ?\u00a0 \u2013 Minist\u00e8re des Affaires \u00e9trang\u00e8res et de la Coop\u00e9ration internationale<\/a>.<\/p>\n","protected":false},"excerpt":{"rendered":"Le minist\u00e8re des Affaires \u00e9trang\u00e8res et de la Coop\u00e9ration internationale s&rsquo;engage quotidiennement \u00e0 rendre le \u00ab Syst\u00e8me Italie \u00bb toujours plus comp\u00e9titif et attractif, tant au profit de nos entreprises que des nouveaux investisseurs. \u00c0 cette fin, le MAECI a plac\u00e9 la diplomatie de la croissance au c\u0153ur de ses activit\u00e9s, en misant \u00e9galement sur [&hellip;]","protected":false},"author":1,"featured_media":0,"parent":173,"menu_order":0,"comment_status":"closed","ping_status":"closed","template":"","meta":{"footnotes":""},"class_list":["post-177","page","type-page","status-publish","hentry"],"_links":{"self":[{"href":"https:\/\/ambdakar.esteri.it\/fr\/wp-json\/wp\/v2\/pages\/177","targetHints":{"allow":["GET"]}}],"collection":[{"href":"https:\/\/ambdakar.esteri.it\/fr\/wp-json\/wp\/v2\/pages"}],"about":[{"href":"https:\/\/ambdakar.esteri.it\/fr\/wp-json\/wp\/v2\/types\/page"}],"author":[{"embeddable":true,"href":"https:\/\/ambdakar.esteri.it\/fr\/wp-json\/wp\/v2\/users\/1"}],"replies":[{"embeddable":true,"href":"https:\/\/ambdakar.esteri.it\/fr\/wp-json\/wp\/v2\/comments?post=177"}],"version-history":[{"count":6,"href":"https:\/\/ambdakar.esteri.it\/fr\/wp-json\/wp\/v2\/pages\/177\/revisions"}],"predecessor-version":[{"id":5173,"href":"https:\/\/ambdakar.esteri.it\/fr\/wp-json\/wp\/v2\/pages\/177\/revisions\/5173"}],"up":[{"embeddable":true,"href":"https:\/\/ambdakar.esteri.it\/fr\/wp-json\/wp\/v2\/pages\/173"}],"wp:attachment":[{"href":"https:\/\/ambdakar.esteri.it\/fr\/wp-json\/wp\/v2\/media?parent=177"}],"curies":[{"name":"wp","href":"https:\/\/api.w.org\/{rel}","templated":true}]}}