{"id":178,"date":"2023-04-11T18:23:52","date_gmt":"2023-04-11T18:23:52","guid":{"rendered":"https:\/\/ambdakar.esteri.it\/italia-e-repubblica-ceca\/diplomazia-economica\/fare-affari-nella-repubblica-ceca\/"},"modified":"2026-03-25T11:38:01","modified_gmt":"2026-03-25T11:38:01","slug":"fare-affari-in-senegal","status":"publish","type":"page","link":"https:\/\/ambdakar.esteri.it\/fr\/italia-e-senegal\/diplomazia-economica\/fare-affari-in-senegal\/","title":{"rendered":"Faire des affaires au S\u00e9n\u00e9gal"},"content":{"rendered":"<p>Le S\u00e9n\u00e9gal est un partenaire cl\u00e9 dans la r\u00e9gion, porte d\u2019acc\u00e8s privil\u00e9gi\u00e9e au march\u00e9 africain pour nos entreprises, notamment dans les secteurs prioritaires tels que l\u2019agriculture, les \u00e9nergies renouvelables, le num\u00e9rique, l\u2019industrie de transformation et les infrastructures. Il fait \u00e9galement partie des pays pilotes du Plan Mattei et constitue un partenaire prioritaire pour la coop\u00e9ration au d\u00e9veloppement italienne et pour le programme Global Gateway de l\u2019Union europ\u00e9enne.<\/p>\n<p>Extrait de la pr\u00e9face \u00e9crite par le Ministre des Affaires \u00e9trang\u00e8res Antonio Tajani pour le guide\u00a0<em><a href=\"https:\/\/ambdakar.esteri.it\/wp-content\/uploads\/2025\/11\/Diplomazia-della-crescita-destinazione-Senegal_compressed.pdf\">Diplomazia della crescita : Destination S\u00e9n\u00e9gal<\/a><\/em>.<\/p>\n<p>L\u2019Office commercial de l\u2019Ambassade et l\u2019<a href=\"https:\/\/www.ice.it\/it\/mercati\/senegal\/dakar\">Office ICE<\/a> de Dakar sont \u00e0 disposition pour fournir des informations aux entrepreneurs italiens int\u00e9ress\u00e9s par des op\u00e9rations commerciales et des investissements au S\u00e9n\u00e9gal. FAQ sur l\u2019assistance aux entreprises italiennes \u00e0 l\u2019\u00e9tranger : <a href=\"https:\/\/ambdakar.esteri.it\/wp-content\/uploads\/2023\/11\/faq_assistenza_alle_imprese.pdf\">FAQ<\/a>.<\/p>\n<p>Le Gouvernement italien offre de nombreuses opportunit\u00e9s pour accompagner l\u2019internationalisation des entreprises ; ci-dessous les principales.<\/p>\n<p><strong>ICE<\/strong><\/p>\n<p>L\u2019ICE est l\u2019organisme public italien charg\u00e9 de promouvoir, faciliter et d\u00e9velopper les \u00e9changes entre les entreprises et op\u00e9rateurs commerciaux italiens et leurs homologues \u00e9trangers.<\/p>\n<p><strong>Services gratuits :<\/strong><\/p>\n<ul>\n<li>Informations g\u00e9n\u00e9rales d\u2019orientation initiale sur les possibilit\u00e9s d\u2019acc\u00e8s au march\u00e9 ;<\/li>\n<li>Guides de march\u00e9 : informations sur le cadre \u00e9conomique g\u00e9n\u00e9ral, le risque pays, les \u00e9changes commerciaux et les flux d\u2019investissement, la r\u00e9glementation douani\u00e8re, fiscale et soci\u00e9taire, ainsi qu\u2019une analyse des opportunit\u00e9s pour les produits italiens avec indication des secteurs prometteurs sur chaque march\u00e9 ;<\/li>\n<li>Statistiques d\u2019information pr\u00e9liminaire : statistiques pr\u00e9\u00e9tablies sur les donn\u00e9es macro\u00e9conomiques et d\u2019\u00e9changes de l\u2019Italie, par pays et par secteur ;<\/li>\n<li>Informations sur les appels d\u2019offres internationaux ;<\/li>\n<li>Informations sur le financement international ;<\/li>\n<li>Recherche de professionnels locaux : interpr\u00e8tes, traducteurs, avocats, experts-comptables, techniciens, consultants, organisations sp\u00e9cialis\u00e9es, soci\u00e9t\u00e9s de certification, cabinets techniques, etc.<\/li>\n<\/ul>\n<p><strong>Services payants :<\/strong><\/p>\n<ul>\n<li>Recherches de march\u00e9 personnalis\u00e9es ;<\/li>\n<li>Liste de contacts personnalis\u00e9e ;<\/li>\n<li>Recherche de clients et de partenaires \u00e9trangers ;<\/li>\n<li>Organisation de rencontres d\u2019affaires ;<\/li>\n<li>Informations confidentielles sur les entreprises \u00e9trang\u00e8res ;<\/li>\n<li>Assistance juridique, douani\u00e8re et fiscale ;<\/li>\n<li>Assistance pour la participation aux appels d\u2019offres ;<\/li>\n<li>Assistance dans les n\u00e9gociations commerciales ;<\/li>\n<li>Pr\u00e9paration de projets de contrats ;<\/li>\n<li>Informations sur les partenaires pour les investissements ;<\/li>\n<li>Ex\u00e9cution des proc\u00e9dures requises par les normes locales ;<\/li>\n<li>Recherche de personnel sur place ;<\/li>\n<li>Utilisation des structures ICE ;<\/li>\n<li>Recherche de locaux, b\u00e2timents, terrains ;<\/li>\n<li>Assistance pour la r\u00e9solution des litiges ;<\/li>\n<li>R\u00e9cup\u00e9ration de la TVA ;<\/li>\n<li>Suivi et d\u00e9veloppement des canaux de distribution ;<\/li>\n<li>Assistance dans les relations avec la client\u00e8le.<\/li>\n<\/ul>\n<p><strong>CDP <\/strong><\/p>\n<p>La <a href=\"https:\/\/www.cdp.it\/sitointernet\/en\/homepage.page\">Cassa Depositi e Prestiti<\/a> met \u00e0 disposition des entrepreneurs un large \u00e9ventail d\u2019outils financiers pour l\u2019internationalisation. CDP peut accorder des financements \u00e0 moyen et long terme, participer \u00e0 des fonds en equity et en dette, fournir des services de conseil technique et financier, g\u00e9rer des fonds th\u00e9matiques et agit \u00e9galement comme banque de d\u00e9veloppement pour la coop\u00e9ration italienne.<\/p>\n<p><strong>SACE<\/strong><\/p>\n<p>Services d\u2019Assurance du Commerce Ext\u00e9rieur (<a href=\"http:\/\/www.sace.it\/\">SACE S.p.A<\/a>.) est une soci\u00e9t\u00e9 d\u2019assurance-cr\u00e9dit \u00e0 l\u2019exportation avec un capital souscrit par le Minist\u00e8re de l\u2019\u00c9conomie et des Finances. Elle assure et r\u00e9assure les risques de nature politique, \u00e9conomique et commerciale auxquels sont expos\u00e9s les op\u00e9rateurs italiens dans leurs transactions internationales. Elle soutient les exportations des petites et moyennes entreprises italiennes en facilitant l\u2019acc\u00e8s \u00e0 l\u2019assurance-cr\u00e9dit.<\/p>\n<p><strong>SIMEST<\/strong><\/p>\n<p><a href=\"http:\/\/www.simest.it\/\">SIMEST S.p.A<\/a>. est l\u2019agence publique qui accompagne le d\u00e9veloppement et la promotion des entreprises italiennes \u00e0 l\u2019\u00e9tranger. Elle promeut et soutient les activit\u00e9s \u00e0 l&rsquo;\u00e9tranger de toutes les entreprises italiennes, en particulier les petites et moyennes entreprises, y compris celles des secteurs du commerce, de l&rsquo;artisanat et du tourisme, ainsi que les coop\u00e9ratives, les consortiums et autres organismes \u00e9conomiques, par le biais de deux axes d&rsquo;activit\u00e9 principaux : le soutien aux \u00e9changes commerciaux et le soutien aux investissements \u00e0 l&rsquo;\u00e9tranger. Elle fournit des services d&rsquo;assistance et de conseil pour toutes les phases du lancement et de la r\u00e9alisation d&rsquo;investissements \u00e0 l&rsquo;\u00e9tranger ; elle apporte un soutien financier aux investissements des entreprises italiennes \u00e0 l&rsquo;\u00e9tranger par la gestion d&rsquo;incitations et d&rsquo;aides directes.<\/p>\n<p>La participation de SIMEST au capital des entreprises \u00e9trang\u00e8res permet de partager le risque potentiel de la nouvelle initiative avec un partenaire institutionnel qui apporte ses propres capitaux et met \u00e0 disposition son exp\u00e9rience de longue date sur les march\u00e9s \u00e9trangers, acquise gr\u00e2ce \u00e0 sa participation \u00e0 des centaines de projets \u00e0 travers le monde ;<\/p>\n<p><strong>PORTAILS DU MAECI POUR L&rsquo;INTERNATIONALISATION<\/strong><\/p>\n<p>Le minist\u00e8re des Affaires \u00e9trang\u00e8res et de la Coop\u00e9ration internationale met \u00e0 disposition de nombreuses plateformes destin\u00e9es aux entreprises qui souhaitent mettre en \u0153uvre une strat\u00e9gie d&rsquo;internationalisation, parmi lesquelles:<\/p>\n<ul>\n<li><a href=\"https:\/\/nexus.esteri.it\/\">NEXUS<\/a> pour contacter le bureau commercial de l&rsquo;ambassade;<\/li>\n<li>Le <a href=\"https:\/\/eventisistemapaese.esteri.it\/EventiSistemaPaese\/index.asp?#home\">portail des \u00e9v\u00e9nements<\/a> \u00e9conomiques et commerciaux organis\u00e9s par le MAECI;<\/li>\n<li><a href=\"https:\/\/www.infomercatiesteri.it\/\">infoMercatiEsteri<\/a> pour obtenir des informations actualis\u00e9es sur les pays;<\/li>\n<li><a href=\"https:\/\/extender.esteri.it\/sito\/appalti-internazionali-anticipazioni-grandi-progetti\">ExTender<\/a> pour trouver des appels d&rsquo;offres internationaux;<\/li>\n<li>Le <a href=\"https:\/\/piano-export.gov.it\/\">portail du plan pour l&rsquo;exportation<\/a>;<\/li>\n<li><a href=\"https:\/\/opportunitaly.gov.it\/fr-FR\">OpportunItaly<\/a>, pour pr\u00e9senter les opportunit\u00e9s offertes par le Syst\u00e8me Italie.<\/li>\n<\/ul>\n","protected":false},"excerpt":{"rendered":"Le S\u00e9n\u00e9gal est un partenaire cl\u00e9 dans la r\u00e9gion, porte d\u2019acc\u00e8s privil\u00e9gi\u00e9e au march\u00e9 africain pour nos entreprises, notamment dans les secteurs prioritaires tels que l\u2019agriculture, les \u00e9nergies renouvelables, le num\u00e9rique, l\u2019industrie de transformation et les infrastructures. Il fait \u00e9galement partie des pays pilotes du Plan Mattei et constitue un partenaire prioritaire pour la coop\u00e9ration [&hellip;]","protected":false},"author":1,"featured_media":0,"parent":173,"menu_order":0,"comment_status":"closed","ping_status":"closed","template":"","meta":{"footnotes":""},"class_list":["post-178","page","type-page","status-publish","hentry"],"_links":{"self":[{"href":"https:\/\/ambdakar.esteri.it\/fr\/wp-json\/wp\/v2\/pages\/178","targetHints":{"allow":["GET"]}}],"collection":[{"href":"https:\/\/ambdakar.esteri.it\/fr\/wp-json\/wp\/v2\/pages"}],"about":[{"href":"https:\/\/ambdakar.esteri.it\/fr\/wp-json\/wp\/v2\/types\/page"}],"author":[{"embeddable":true,"href":"https:\/\/ambdakar.esteri.it\/fr\/wp-json\/wp\/v2\/users\/1"}],"replies":[{"embeddable":true,"href":"https:\/\/ambdakar.esteri.it\/fr\/wp-json\/wp\/v2\/comments?post=178"}],"version-history":[{"count":5,"href":"https:\/\/ambdakar.esteri.it\/fr\/wp-json\/wp\/v2\/pages\/178\/revisions"}],"predecessor-version":[{"id":5170,"href":"https:\/\/ambdakar.esteri.it\/fr\/wp-json\/wp\/v2\/pages\/178\/revisions\/5170"}],"up":[{"embeddable":true,"href":"https:\/\/ambdakar.esteri.it\/fr\/wp-json\/wp\/v2\/pages\/173"}],"wp:attachment":[{"href":"https:\/\/ambdakar.esteri.it\/fr\/wp-json\/wp\/v2\/media?parent=178"}],"curies":[{"name":"wp","href":"https:\/\/api.w.org\/{rel}","templated":true}]}}