{"id":181,"date":"2023-04-11T18:10:45","date_gmt":"2023-04-11T18:10:45","guid":{"rendered":"https:\/\/ambdakar.esteri.it\/italia-e-repubblica-ceca\/diplomazia-culturale\/"},"modified":"2026-03-25T11:41:27","modified_gmt":"2026-03-25T11:41:27","slug":"diplomazia-culturale","status":"publish","type":"page","link":"https:\/\/ambdakar.esteri.it\/fr\/italia-e-senegal\/diplomazia-culturale\/","title":{"rendered":"Diplomatie culturelle"},"content":{"rendered":"<p>Les relations culturelles entre l&rsquo;Italie et le S\u00e9n\u00e9gal sont historiquement bien \u00e9tablies et reposent sur un dialogue constant, soutenu \u00e9galement par la pr\u00e9sence importante de la communaut\u00e9 s\u00e9n\u00e9galaise en Italie.<\/p>\n<p>L&rsquo;ambassade d&rsquo;Italie \u00e0 Dakar promeut de nombreuses initiatives dans les domaines culturel et universitaire, accompagn\u00e9es d&rsquo;une coop\u00e9ration interuniversitaire croissante qui t\u00e9moigne de l&rsquo;int\u00e9r\u00eat des jeunes S\u00e9n\u00e9galais pour l&rsquo;Italie et la langue italienne. Des missions arch\u00e9ologiques et ethnographiques soutenues par l&rsquo;Italie sont \u00e9galement men\u00e9es au S\u00e9n\u00e9gal.<\/p>\n<p>Un accord de coop\u00e9ration culturelle, scientifique et technique, ratifi\u00e9 en 2017, est en vigueur entre les deux pays depuis le 17 f\u00e9vrier 2015. Il vise \u00e0 favoriser la connaissance mutuelle des cultures respectives et des activit\u00e9s intellectuelles, artistiques et scientifiques, ainsi qu\u2019\u00e0 promouvoir les \u00e9changes entre institutions culturelles, universitaires et de recherche, notamment par le biais de bourses d\u2019\u00e9tudes.<\/p>\n<p>Le 30 janvier 2020 a \u00e9t\u00e9 inaugur\u00e9 l\u2019<a href=\"https:\/\/www.bing.com\/search?pglt=43&amp;q=IIC+DAKAR&amp;cvid=77196093f71342cd849155fc4432a038&amp;gs_lcrp=EgRlZGdlKgYIABBFGDkyBggAEEUYOTIGCAEQRRg8MgYIAhBFGDwyBggDEEUYPNIBCDI4MzhqMGoxqAIAsAIA&amp;FORM=ANNTA1&amp;PC=U531\">Institut italien de culture de Dakar<\/a>, qui est install\u00e9 depuis 2024 dans le quartier du <a href=\"https:\/\/maps.app.goo.gl\/ujijeFoupXg4CJos6\">Plateau<\/a>. L\u2019Institut est la section culturelle de l\u2019ambassade et a pour mission de promouvoir et de diffuser la langue et la culture italiennes au S\u00e9n\u00e9gal, en favorisant le dialogue interculturel dans les domaines des arts, de la culture et des sciences. \u00c0 ce titre, il organise des manifestations culturelles sur le territoire s\u00e9n\u00e9galais et des cours de langue italienne. Il est \u00e9galement centre d\u2019examen pour la Certification de connaissance de l\u2019italien comme langue \u00e9trang\u00e8re (CILS \u2013 Universit\u00e9 pour \u00e9trangers de Sienne). L&rsquo;Institut dispose \u00e9galement d&rsquo;une biblioth\u00e8que italienne qui propose la consultation et le pr\u00eat de nombreux ouvrages dans les domaines de la litt\u00e9rature, de la fiction, de l&rsquo;histoire, de l&rsquo;art, des essais, de la langue italienne et de la bande dessin\u00e9e.<\/p>\n<p>L&rsquo;Institut italien de culture de Dakar est membre du cluster EUNIC S\u00e9n\u00e9gal, le r\u00e9seau des instituts culturels europ\u00e9ens et des services culturels des ambassades europ\u00e9ennes pr\u00e9sents dans le pays. Infos : <a href=\"https:\/\/eunicsenegal.com\/\">https:\/\/eunicsenegal.com\/<\/a><\/p>\n","protected":false},"excerpt":{"rendered":"Les relations culturelles entre l&rsquo;Italie et le S\u00e9n\u00e9gal sont historiquement bien \u00e9tablies et reposent sur un dialogue constant, soutenu \u00e9galement par la pr\u00e9sence importante de la communaut\u00e9 s\u00e9n\u00e9galaise en Italie. L&rsquo;ambassade d&rsquo;Italie \u00e0 Dakar promeut de nombreuses initiatives dans les domaines culturel et universitaire, accompagn\u00e9es d&rsquo;une coop\u00e9ration interuniversitaire croissante qui t\u00e9moigne de l&rsquo;int\u00e9r\u00eat des jeunes [&hellip;]","protected":false},"author":1,"featured_media":0,"parent":172,"menu_order":2,"comment_status":"closed","ping_status":"closed","template":"","meta":{"footnotes":""},"class_list":["post-181","page","type-page","status-publish","hentry"],"_links":{"self":[{"href":"https:\/\/ambdakar.esteri.it\/fr\/wp-json\/wp\/v2\/pages\/181","targetHints":{"allow":["GET"]}}],"collection":[{"href":"https:\/\/ambdakar.esteri.it\/fr\/wp-json\/wp\/v2\/pages"}],"about":[{"href":"https:\/\/ambdakar.esteri.it\/fr\/wp-json\/wp\/v2\/types\/page"}],"author":[{"embeddable":true,"href":"https:\/\/ambdakar.esteri.it\/fr\/wp-json\/wp\/v2\/users\/1"}],"replies":[{"embeddable":true,"href":"https:\/\/ambdakar.esteri.it\/fr\/wp-json\/wp\/v2\/comments?post=181"}],"version-history":[{"count":4,"href":"https:\/\/ambdakar.esteri.it\/fr\/wp-json\/wp\/v2\/pages\/181\/revisions"}],"predecessor-version":[{"id":5174,"href":"https:\/\/ambdakar.esteri.it\/fr\/wp-json\/wp\/v2\/pages\/181\/revisions\/5174"}],"up":[{"embeddable":true,"href":"https:\/\/ambdakar.esteri.it\/fr\/wp-json\/wp\/v2\/pages\/172"}],"wp:attachment":[{"href":"https:\/\/ambdakar.esteri.it\/fr\/wp-json\/wp\/v2\/media?parent=181"}],"curies":[{"name":"wp","href":"https:\/\/api.w.org\/{rel}","templated":true}]}}