{"id":182,"date":"2023-04-11T18:24:57","date_gmt":"2023-04-11T18:24:57","guid":{"rendered":"https:\/\/ambdakar.esteri.it\/italia-e-repubblica-ceca\/diplomazia-culturale\/lingua-e-cultura-italiana\/"},"modified":"2026-03-25T11:43:46","modified_gmt":"2026-03-25T11:43:46","slug":"lingua-e-cultura-italiana","status":"publish","type":"page","link":"https:\/\/ambdakar.esteri.it\/fr\/italia-e-senegal\/diplomazia-culturale\/lingua-e-cultura-italiana\/","title":{"rendered":"Langue et culture italienne"},"content":{"rendered":"<p><strong>Langue et culture italiennes au S\u00e9n\u00e9gal<\/strong><\/p>\n<p>La langue et la culture italiennes sont largement r\u00e9pandues au S\u00e9n\u00e9gal, gr\u00e2ce \u00e9galement aux liens humains et professionnels solides entre les deux pays. On observe un int\u00e9r\u00eat croissant pour l\u2019apprentissage de l\u2019italien, en particulier chez les jeunes, tant dans le cadre scolaire qu\u2019universitaire.<\/p>\n<p>L\u2019italien est enseign\u00e9 comme langue \u00e9trang\u00e8re optionnelle dans les coll\u00e8ges et les lyc\u00e9es, et est \u00e9galement pr\u00e9sent dans certains instituts de formation professionnelle. L\u2019enseignement s\u2019est progressivement \u00e9tendu \u00e0 de nombreuses villes du pays, avec des enseignants form\u00e9s \u00e0 la Facult\u00e9 des Sciences et Technologies de l\u2019\u00c9ducation et de la Formation (FASTEF) de l\u2019Universit\u00e9 Cheikh Anta Diop (UCAD).<\/p>\n<p>\u00c0 l\u2019Universit\u00e9 Cheikh Anta Diop, un cursus complet de licence en langue et litt\u00e9rature italiennes est propos\u00e9 au sein de la Facult\u00e9 des Lettres. L\u2019enseignement de l\u2019italien \u00e0 l\u2019UCAD remonte \u00e0 1986 ; depuis 1992, une Section d\u2019italien est op\u00e9rationnelle au D\u00e9partement des Langues et Civilisations Romanes.<\/p>\n<p>Un lecteur de langue italienne est \u00e9galement pr\u00e9sent \u00e0 l\u2019UCAD, le Professeur Gerardo Capunto, t\u00e9moignant de la coop\u00e9ration acad\u00e9mique entre l\u2019Italie et le S\u00e9n\u00e9gal.<\/p>\n<p><strong>\u00c9tudier l\u2019italien au S\u00e9n\u00e9gal<\/strong><\/p>\n<p>L\u2019Institut italien de culture de Dakar, organisme du Minist\u00e8re des Affaires \u00c9trang\u00e8res et de la Coop\u00e9ration Internationale (MAECI) pour la promotion de la langue et de la culture italiennes au S\u00e9n\u00e9gal, organise des cours de langue italienne dispens\u00e9s par des enseignants qualifi\u00e9s, ainsi que deux sessions annuelles d\u2019examen pour la Certification de connaissance de l\u2019italien langue \u00e9trang\u00e8re (CILS \u2013 Universit\u00e9 pour \u00e9trangers de Sienne).<\/p>\n<p><strong>Pour plus d\u2019informations :<\/strong><\/p>\n<p><a href=\"https:\/\/iicdakar.esteri.it\/it\/lingua-e-cultura\/i-corsi-di-lingua\/\">https:\/\/iicdakar.esteri.it\/it\/lingua-e-cultura\/i-corsi-di-lingua\/<\/a><\/p>\n<p><a href=\"https:\/\/iicdakar.esteri.it\/it\/lingua-e-cultura\/certificazioni\/\">https:\/\/iicdakar.esteri.it\/it\/lingua-e-cultura\/certificazioni\/<\/a><\/p>\n<p><strong>Secr\u00e9tariat des cours de langue<\/strong><\/p>\n<p>Email : iicdakar.segreteria@esteri.it \u2013 T\u00e9l. : (+221) 76 1541951<\/p>\n<p>Du lundi au vendredi de 10h \u00e0 13h et de 14h \u00e0 17h<\/p>\n","protected":false},"excerpt":{"rendered":"Langue et culture italiennes au S\u00e9n\u00e9gal La langue et la culture italiennes sont largement r\u00e9pandues au S\u00e9n\u00e9gal, gr\u00e2ce \u00e9galement aux liens humains et professionnels solides entre les deux pays. On observe un int\u00e9r\u00eat croissant pour l\u2019apprentissage de l\u2019italien, en particulier chez les jeunes, tant dans le cadre scolaire qu\u2019universitaire. L\u2019italien est enseign\u00e9 comme langue \u00e9trang\u00e8re [&hellip;]","protected":false},"author":1,"featured_media":0,"parent":181,"menu_order":0,"comment_status":"closed","ping_status":"closed","template":"","meta":{"footnotes":""},"class_list":["post-182","page","type-page","status-publish","hentry"],"_links":{"self":[{"href":"https:\/\/ambdakar.esteri.it\/fr\/wp-json\/wp\/v2\/pages\/182","targetHints":{"allow":["GET"]}}],"collection":[{"href":"https:\/\/ambdakar.esteri.it\/fr\/wp-json\/wp\/v2\/pages"}],"about":[{"href":"https:\/\/ambdakar.esteri.it\/fr\/wp-json\/wp\/v2\/types\/page"}],"author":[{"embeddable":true,"href":"https:\/\/ambdakar.esteri.it\/fr\/wp-json\/wp\/v2\/users\/1"}],"replies":[{"embeddable":true,"href":"https:\/\/ambdakar.esteri.it\/fr\/wp-json\/wp\/v2\/comments?post=182"}],"version-history":[{"count":3,"href":"https:\/\/ambdakar.esteri.it\/fr\/wp-json\/wp\/v2\/pages\/182\/revisions"}],"predecessor-version":[{"id":5176,"href":"https:\/\/ambdakar.esteri.it\/fr\/wp-json\/wp\/v2\/pages\/182\/revisions\/5176"}],"up":[{"embeddable":true,"href":"https:\/\/ambdakar.esteri.it\/fr\/wp-json\/wp\/v2\/pages\/181"}],"wp:attachment":[{"href":"https:\/\/ambdakar.esteri.it\/fr\/wp-json\/wp\/v2\/media?parent=182"}],"curies":[{"name":"wp","href":"https:\/\/api.w.org\/{rel}","templated":true}]}}