{"id":183,"date":"2023-04-11T18:24:28","date_gmt":"2023-04-11T18:24:28","guid":{"rendered":"https:\/\/ambdakar.esteri.it\/italia-e-repubblica-ceca\/diplomazia-culturale\/missioni-archeologiche\/"},"modified":"2023-11-23T11:09:09","modified_gmt":"2023-11-23T11:09:09","slug":"missioni-archeologiche","status":"publish","type":"page","link":"https:\/\/ambdakar.esteri.it\/fr\/italia-e-senegal\/diplomazia-culturale\/missioni-archeologiche\/","title":{"rendered":"Missions arch\u00e9ologiques"},"content":{"rendered":"<p><strong>Missions arch\u00e9ologiques, anthropologiques et ethnologiques<\/strong><\/p>\n<p>L&rsquo;Italie soutient, dans les pays accr\u00e9dit\u00e9s, des missions arch\u00e9ologiques, anthropologiques et ethnologiques men\u00e9es par des universit\u00e9s et des centres de recherche italiens en collaboration avec des entit\u00e9s locales homologues.<\/p>\n<p>Actuellement, pour les pays relevant de la comp\u00e9tence de cette Ambassade, sont en cours une mission ethnologique au S\u00e9n\u00e9gal et en Afrique de l&rsquo;Ouest, r\u00e9alis\u00e9e par l&rsquo;Universit\u00e9 de Milan Bicocca, et une mission ethnologique en Afrique subsaharienne, r\u00e9alis\u00e9e par l&rsquo;Universit\u00e9 de Turin.<\/p>\n","protected":false},"excerpt":{"rendered":"Missions arch\u00e9ologiques, anthropologiques et ethnologiques L&rsquo;Italie soutient, dans les pays accr\u00e9dit\u00e9s, des missions arch\u00e9ologiques, anthropologiques et ethnologiques men\u00e9es par des universit\u00e9s et des centres de recherche italiens en collaboration avec des entit\u00e9s locales homologues. Actuellement, pour les pays relevant de la comp\u00e9tence de cette Ambassade, sont en cours une mission ethnologique au S\u00e9n\u00e9gal et en [&hellip;]","protected":false},"author":1,"featured_media":0,"parent":181,"menu_order":0,"comment_status":"closed","ping_status":"closed","template":"","meta":{"footnotes":""},"class_list":["post-183","page","type-page","status-publish","hentry"],"_links":{"self":[{"href":"https:\/\/ambdakar.esteri.it\/fr\/wp-json\/wp\/v2\/pages\/183","targetHints":{"allow":["GET"]}}],"collection":[{"href":"https:\/\/ambdakar.esteri.it\/fr\/wp-json\/wp\/v2\/pages"}],"about":[{"href":"https:\/\/ambdakar.esteri.it\/fr\/wp-json\/wp\/v2\/types\/page"}],"author":[{"embeddable":true,"href":"https:\/\/ambdakar.esteri.it\/fr\/wp-json\/wp\/v2\/users\/1"}],"replies":[{"embeddable":true,"href":"https:\/\/ambdakar.esteri.it\/fr\/wp-json\/wp\/v2\/comments?post=183"}],"version-history":[{"count":2,"href":"https:\/\/ambdakar.esteri.it\/fr\/wp-json\/wp\/v2\/pages\/183\/revisions"}],"predecessor-version":[{"id":1152,"href":"https:\/\/ambdakar.esteri.it\/fr\/wp-json\/wp\/v2\/pages\/183\/revisions\/1152"}],"up":[{"embeddable":true,"href":"https:\/\/ambdakar.esteri.it\/fr\/wp-json\/wp\/v2\/pages\/181"}],"wp:attachment":[{"href":"https:\/\/ambdakar.esteri.it\/fr\/wp-json\/wp\/v2\/media?parent=183"}],"curies":[{"name":"wp","href":"https:\/\/api.w.org\/{rel}","templated":true}]}}