{"id":184,"date":"2023-04-11T18:24:38","date_gmt":"2023-04-11T18:24:38","guid":{"rendered":"https:\/\/ambdakar.esteri.it\/italia-e-repubblica-ceca\/diplomazia-culturale\/studiare-in-italia\/"},"modified":"2026-03-25T11:44:50","modified_gmt":"2026-03-25T11:44:50","slug":"studiare-in-italia","status":"publish","type":"page","link":"https:\/\/ambdakar.esteri.it\/fr\/italia-e-senegal\/diplomazia-culturale\/studiare-in-italia\/","title":{"rendered":"\u00c9tudier en Italie"},"content":{"rendered":"<p><strong>\u00c9tudier \u00e0 l\u2019universit\u00e9 en Italie<\/strong><\/p>\n<p>Chaque ann\u00e9e, le Minist\u00e8re italien des Affaires \u00c9trang\u00e8res met \u00e0 disposition des \u00e9tudiants et enseignants s\u00e9n\u00e9galais des <a href=\"https:\/\/studyinitaly.esteri.it\/\">bourses pour suivre des cours universitaires et post-universitaires en Italie<\/a>. L\u2019appel \u00e0 candidatures est g\u00e9n\u00e9ralement publi\u00e9 au mois de mars sur le site web de l\u2019Ambassade d\u2019Italie \u00e0 Dakar.<\/p>\n<p>Dans le cadre de l\u2019autonomie universitaire, en vigueur \u00e0 la fois en Italie et au S\u00e9n\u00e9gal, des accords de coop\u00e9ration priv\u00e9s ont \u00e9t\u00e9 conclus au fil des ann\u00e9es entre les universit\u00e9s des deux pays pour favoriser l\u2019\u00e9change d\u2019\u00e9tudiants et d\u2019enseignants. Les proc\u00e9dures d\u2019inscription commencent normalement au printemps. Les \u00e9tudiants admis par les universit\u00e9s italiennes d\u00e9posent leur demande de visa pendant l\u2019\u00e9t\u00e9 selon des modalit\u00e9s coordonn\u00e9es par l\u2019Ambassade d\u2019Italie \u00e0 Dakar.<\/p>\n<p>Un lecteur universitaire est pr\u00e9sent \u00e0 l\u2019Ambassade d\u2019Italie \u00e0 Dakar. Le Bureau du lecteur de l\u2019Ambassade fournit des informations et des conseils pour l\u2019inscription dans les \u00e9coles et universit\u00e9s en Italie. Le lecteur actuellement en poste est le Professeur Gerardo Caputo. Pour le contacter, il est possible d\u2019\u00e9crire \u00e0 l\u2019adresse email : <a href=\"ambasciata.dakar@esteri.it\">ambasciata.dakar@esteri.it<\/a>, \u00e0 l\u2019attention du Lecteur Universitaire.<\/p>\n<p><strong>Conditions pour \u00e9tudier en Italie<\/strong><\/p>\n<p>Les \u00e9tudiants sont admis \u00e0 \u00e9tudier en Italie sur la base de l\u2019\u00e9quivalence de leurs dipl\u00f4mes obtenus \u00e0 l\u2019\u00e9tranger. Pour obtenir cette \u00e9quivalence, d\u00e9finie par les autorit\u00e9s scolaires et universitaires italiennes, il est n\u00e9cessaire d\u2019obtenir la \u00ab d\u00e9claration de valeur \u00bb. Cette d\u00e9claration est d\u00e9livr\u00e9e par le Bureau Consulaire de l\u2019Ambassade.<\/p>\n<p>Pour entrer sur le territoire italien, les \u00e9tudiants ont besoin d\u2019un visa \u00e9tudiant.<\/p>\n<p>L\u2019Ambassade d\u00e9livre, sur demande, un certificat de faible revenu. Ce certificat est requis par les universit\u00e9s italiennes pour b\u00e9n\u00e9ficier d\u2019une r\u00e9duction des frais d\u2019inscription, de bourses d\u2019\u00e9tudes ou de logements universitaires. Les \u00e9tudiants souhaitant obtenir ce certificat doivent adresser leur demande \u00e0 l\u2019adresse email suivante pour prendre rendez-vous : <a href=\"dakar.legalizzazioni@esteri.it\">dakar.legalizzazioni@esteri.it<\/a>. Les demandeurs doivent pr\u00e9senter \u00e0 l\u2019Ambassade les documents suivants :<\/p>\n<ol>\n<li>Copie du certificat de pauvret\u00e9 d\u00e9livr\u00e9 par les autorit\u00e9s locales (si disponible)<\/li>\n<li>Certificat de ch\u00f4mage d\u00e9livr\u00e9 par les autorit\u00e9s locales (si disponible)<\/li>\n<li>Les trois derni\u00e8res fiches de paie des parents ou des tuteurs \u00e9ventuels<\/li>\n<li>Relev\u00e9 bancaire des parents ou des tuteurs \u00e9ventuels<\/li>\n<li>Certificat de vie collective et de charge de famille<\/li>\n<\/ol>\n","protected":false},"excerpt":{"rendered":"\u00c9tudier \u00e0 l\u2019universit\u00e9 en Italie Chaque ann\u00e9e, le Minist\u00e8re italien des Affaires \u00c9trang\u00e8res met \u00e0 disposition des \u00e9tudiants et enseignants s\u00e9n\u00e9galais des bourses pour suivre des cours universitaires et post-universitaires en Italie. L\u2019appel \u00e0 candidatures est g\u00e9n\u00e9ralement publi\u00e9 au mois de mars sur le site web de l\u2019Ambassade d\u2019Italie \u00e0 Dakar. Dans le cadre de [&hellip;]","protected":false},"author":1,"featured_media":0,"parent":181,"menu_order":0,"comment_status":"closed","ping_status":"closed","template":"","meta":{"footnotes":""},"class_list":["post-184","page","type-page","status-publish","hentry"],"_links":{"self":[{"href":"https:\/\/ambdakar.esteri.it\/fr\/wp-json\/wp\/v2\/pages\/184","targetHints":{"allow":["GET"]}}],"collection":[{"href":"https:\/\/ambdakar.esteri.it\/fr\/wp-json\/wp\/v2\/pages"}],"about":[{"href":"https:\/\/ambdakar.esteri.it\/fr\/wp-json\/wp\/v2\/types\/page"}],"author":[{"embeddable":true,"href":"https:\/\/ambdakar.esteri.it\/fr\/wp-json\/wp\/v2\/users\/1"}],"replies":[{"embeddable":true,"href":"https:\/\/ambdakar.esteri.it\/fr\/wp-json\/wp\/v2\/comments?post=184"}],"version-history":[{"count":3,"href":"https:\/\/ambdakar.esteri.it\/fr\/wp-json\/wp\/v2\/pages\/184\/revisions"}],"predecessor-version":[{"id":5179,"href":"https:\/\/ambdakar.esteri.it\/fr\/wp-json\/wp\/v2\/pages\/184\/revisions\/5179"}],"up":[{"embeddable":true,"href":"https:\/\/ambdakar.esteri.it\/fr\/wp-json\/wp\/v2\/pages\/181"}],"wp:attachment":[{"href":"https:\/\/ambdakar.esteri.it\/fr\/wp-json\/wp\/v2\/media?parent=184"}],"curies":[{"name":"wp","href":"https:\/\/api.w.org\/{rel}","templated":true}]}}