{"id":185,"date":"2023-04-11T18:24:48","date_gmt":"2023-04-11T18:24:48","guid":{"rendered":"https:\/\/ambdakar.esteri.it\/italia-e-repubblica-ceca\/diplomazia-culturale\/turismo\/"},"modified":"2026-03-25T11:42:14","modified_gmt":"2026-03-25T11:42:14","slug":"turismo","status":"publish","type":"page","link":"https:\/\/ambdakar.esteri.it\/fr\/italia-e-senegal\/diplomazia-culturale\/turismo\/","title":{"rendered":"Tourisme"},"content":{"rendered":"<p><strong>Voyager en Italie<\/strong><\/p>\n<p>Mer, montagne, villes d\u2019art, parcs nationaux et sites UNESCO : l\u2019Italie offre mille possibilit\u00e9s de voyage, gr\u00e2ce \u00e0 un patrimoine naturel, culturel et paysager unique au monde. Chaque destination repr\u00e9sente une exp\u00e9rience diff\u00e9rente et inoubliable, \u00e0 vivre et \u00e0 appr\u00e9cier en toute saison.<\/p>\n<p>Pour plus d\u2019informations : <a href=\"https:\/\/www.italia.it\/fr\">https:\/\/www.italia.it\/fr<\/a>.<\/p>\n<p>Pour des informations sur les visas d\u2019entr\u00e9e en Italie, il est recommand\u00e9 de visiter la section suivante : <a href=\"https:\/\/ambdakar.esteri.it\/fr\/servizi-consolari-e-visti\/servizi-per-il-cittadino-straniero\/\">https:\/\/ambdakar.esteri.it\/fr\/servizi-consolari-e-visti\/servizi-per-il-cittadino-straniero\/<\/a><\/p>\n<p><strong>Voyager au S\u00e9n\u00e9gal<\/strong><\/p>\n<p>Parmi les principaux sites d\u2019int\u00e9r\u00eat figurent deux lieux inscrits sur la Liste du patrimoine mondial de l\u2019UNESCO : l\u2019\u00eele de Gor\u00e9e, symbole de la m\u00e9moire historique li\u00e9e \u00e0 la traite des esclaves et important centre culturel ; la ville historique de Saint-Louis, ancienne capitale de l\u2019Afrique occidentale fran\u00e7aise, caract\u00e9ris\u00e9e par un patrimoine architectural et urbain remarquable, et aujourd\u2019hui ville accueillant d\u2019importants festivals culturels (<a href=\"https:\/\/www.saintlouisjazz.org\/\">Festival International de Jazz<\/a>, Stlouis\u2019DOCS, Duo Solo Danse, Au Tour des Cordes) ainsi que le <a href=\"https:\/\/musee-mupho.com\/accueil-musee-mupho\/\">Mus\u00e9e de la Photographie Mupho<\/a>.<\/p>\n<p>L\u2019offre touristique est compl\u00e9t\u00e9e par les parcs naturels et les r\u00e9serves (notamment le Parc national des oiseaux du Djoudj et le Delta du Saloum) ainsi que par les zones c\u00f4ti\u00e8res, de la Petite C\u00f4te \u00e0 la Casamance.<\/p>\n<p>Pour plus d\u2019informations, il est conseill\u00e9 de consulter le portail officiel de l\u2019Agence s\u00e9n\u00e9galaise de promotion touristique (ASPT) : <a href=\"https:\/\/www.visitezlesenegal.com\/\">https:\/\/www.visitezlesenegal.com\/<\/a><\/p>\n<p>Il est \u00e9galement recommand\u00e9 aux citoyens italiens se rendant ou s\u00e9journant au S\u00e9n\u00e9gal de s\u2019enregistrer sur le portail \u00ab Dove siamo nel mondo \u00bb et de consulter le site \u00ab Viaggiare Sicuri \u00bb pour les mises \u00e0 jour sur la s\u00e9curit\u00e9, la sant\u00e9 et les conditions de voyage : <a href=\"https:\/\/www.viaggiaresicuri.it\/find-country\/country\/SEN\">https:\/\/www.viaggiaresicuri.it\/find-country\/country\/SEN<\/a>.<\/p>\n","protected":false},"excerpt":{"rendered":"Voyager en Italie Mer, montagne, villes d\u2019art, parcs nationaux et sites UNESCO : l\u2019Italie offre mille possibilit\u00e9s de voyage, gr\u00e2ce \u00e0 un patrimoine naturel, culturel et paysager unique au monde. Chaque destination repr\u00e9sente une exp\u00e9rience diff\u00e9rente et inoubliable, \u00e0 vivre et \u00e0 appr\u00e9cier en toute saison. Pour plus d\u2019informations : https:\/\/www.italia.it\/fr. Pour des informations sur [&hellip;]","protected":false},"author":1,"featured_media":0,"parent":181,"menu_order":0,"comment_status":"closed","ping_status":"closed","template":"","meta":{"footnotes":""},"class_list":["post-185","page","type-page","status-publish","hentry"],"_links":{"self":[{"href":"https:\/\/ambdakar.esteri.it\/fr\/wp-json\/wp\/v2\/pages\/185","targetHints":{"allow":["GET"]}}],"collection":[{"href":"https:\/\/ambdakar.esteri.it\/fr\/wp-json\/wp\/v2\/pages"}],"about":[{"href":"https:\/\/ambdakar.esteri.it\/fr\/wp-json\/wp\/v2\/types\/page"}],"author":[{"embeddable":true,"href":"https:\/\/ambdakar.esteri.it\/fr\/wp-json\/wp\/v2\/users\/1"}],"replies":[{"embeddable":true,"href":"https:\/\/ambdakar.esteri.it\/fr\/wp-json\/wp\/v2\/comments?post=185"}],"version-history":[{"count":3,"href":"https:\/\/ambdakar.esteri.it\/fr\/wp-json\/wp\/v2\/pages\/185\/revisions"}],"predecessor-version":[{"id":5175,"href":"https:\/\/ambdakar.esteri.it\/fr\/wp-json\/wp\/v2\/pages\/185\/revisions\/5175"}],"up":[{"embeddable":true,"href":"https:\/\/ambdakar.esteri.it\/fr\/wp-json\/wp\/v2\/pages\/181"}],"wp:attachment":[{"href":"https:\/\/ambdakar.esteri.it\/fr\/wp-json\/wp\/v2\/media?parent=185"}],"curies":[{"name":"wp","href":"https:\/\/api.w.org\/{rel}","templated":true}]}}