{"id":186,"date":"2023-04-11T18:10:55","date_gmt":"2023-04-11T18:10:55","guid":{"rendered":"https:\/\/ambdakar.esteri.it\/italia-e-repubblica-ceca\/diplomazia-scientifica\/"},"modified":"2026-03-25T11:45:43","modified_gmt":"2026-03-25T11:45:43","slug":"diplomazia-scientifica","status":"publish","type":"page","link":"https:\/\/ambdakar.esteri.it\/fr\/italia-e-senegal\/diplomazia-scientifica\/","title":{"rendered":"Diplomatie scientifique"},"content":{"rendered":"<p>La diplomatie scientifique constitue un outil strat\u00e9gique de l\u2019action internationale de l\u2019Italie pour promouvoir la coop\u00e9ration dans les domaines de la recherche, de l\u2019innovation et du transfert technologique.<\/p>\n<p>Les activit\u00e9s de diplomatie scientifique comprennent la promotion des excellences italiennes du monde acad\u00e9mique, le soutien aux chercheurs italiens \u00e0 l\u2019\u00e9tranger, l\u2019organisation d\u2019initiatives scientifiques, la valorisation de l\u2019enseignement sup\u00e9rieur en coordination avec les Instituts Italiens de Culture, le soutien \u00e0 l\u2019industrie italienne de haute technologie en synergie avec les bureaux \u00e9conomiques et commerciaux des missions diplomatiques, ainsi que l\u2019implication des institutions de recherche dans les projets de coop\u00e9ration au d\u00e9veloppement promus par l\u2019Agence Italienne pour la Coop\u00e9ration au D\u00e9veloppement.<\/p>\n<p>\u00c0 l\u2019Ambassade d\u2019Italie \u00e0 Dakar, un Attach\u00e9 Scientifique est en poste, dont l\u2019objectif est de renforcer la coop\u00e9ration entre l\u2019Italie et les pays d\u2019accr\u00e9ditation \u2013 S\u00e9n\u00e9gal, Gambie, Guin\u00e9e-Bissau et Cap-Vert \u2013 dans les domaines de la recherche, de l\u2019innovation et de l\u2019enseignement sup\u00e9rieur, en promouvant les excellences scientifiques et technologiques italiennes et en favorisant le dialogue avec les institutions locales.<\/p>\n<p>Au cours de l\u2019ann\u00e9e 2025, les activit\u00e9s de diplomatie scientifique de l\u2019Ambassade se sont concentr\u00e9es sur le d\u00e9veloppement de partenariats entre universit\u00e9s et centres de recherche. Des s\u00e9minaires, ateliers, rencontres th\u00e9matiques et cours acad\u00e9miques ont \u00e9t\u00e9 organis\u00e9s dans de nombreuses universit\u00e9s et institutions de recherche des pays d\u2019accr\u00e9ditation, avec la participation d\u2019enseignants et de chercheurs italiens. Ces initiatives ont favoris\u00e9 l\u2019\u00e9change de comp\u00e9tences et la cr\u00e9ation de collaborations scientifiques durables.<\/p>\n<p>Des missions acad\u00e9miques italiennes ont \u00e9galement \u00e9t\u00e9 accompagn\u00e9es au S\u00e9n\u00e9gal et au Cap-Vert, facilitant le dialogue avec les partenaires locaux et soutenant le lancement de nouveaux projets conjoints dans diff\u00e9rents domaines scientifiques.<\/p>\n<p>Une attention particuli\u00e8re a \u00e9t\u00e9 port\u00e9e \u00e0 la promotion de la mobilit\u00e9 des enseignants, chercheurs et \u00e9tudiants, ainsi qu\u2019\u00e0 la diffusion des bourses d\u2019\u00e9tudes, programmes de financement et opportunit\u00e9s offertes par les institutions italiennes et europ\u00e9ennes, au b\u00e9n\u00e9fice des jeunes, des chercheurs et des institutions des pays d\u2019accr\u00e9ditation.<\/p>\n","protected":false},"excerpt":{"rendered":"La diplomatie scientifique constitue un outil strat\u00e9gique de l\u2019action internationale de l\u2019Italie pour promouvoir la coop\u00e9ration dans les domaines de la recherche, de l\u2019innovation et du transfert technologique. Les activit\u00e9s de diplomatie scientifique comprennent la promotion des excellences italiennes du monde acad\u00e9mique, le soutien aux chercheurs italiens \u00e0 l\u2019\u00e9tranger, l\u2019organisation d\u2019initiatives scientifiques, la valorisation de [&hellip;]","protected":false},"author":1,"featured_media":0,"parent":172,"menu_order":4,"comment_status":"closed","ping_status":"closed","template":"","meta":{"footnotes":""},"class_list":["post-186","page","type-page","status-publish","hentry"],"_links":{"self":[{"href":"https:\/\/ambdakar.esteri.it\/fr\/wp-json\/wp\/v2\/pages\/186","targetHints":{"allow":["GET"]}}],"collection":[{"href":"https:\/\/ambdakar.esteri.it\/fr\/wp-json\/wp\/v2\/pages"}],"about":[{"href":"https:\/\/ambdakar.esteri.it\/fr\/wp-json\/wp\/v2\/types\/page"}],"author":[{"embeddable":true,"href":"https:\/\/ambdakar.esteri.it\/fr\/wp-json\/wp\/v2\/users\/1"}],"replies":[{"embeddable":true,"href":"https:\/\/ambdakar.esteri.it\/fr\/wp-json\/wp\/v2\/comments?post=186"}],"version-history":[{"count":3,"href":"https:\/\/ambdakar.esteri.it\/fr\/wp-json\/wp\/v2\/pages\/186\/revisions"}],"predecessor-version":[{"id":5182,"href":"https:\/\/ambdakar.esteri.it\/fr\/wp-json\/wp\/v2\/pages\/186\/revisions\/5182"}],"up":[{"embeddable":true,"href":"https:\/\/ambdakar.esteri.it\/fr\/wp-json\/wp\/v2\/pages\/172"}],"wp:attachment":[{"href":"https:\/\/ambdakar.esteri.it\/fr\/wp-json\/wp\/v2\/media?parent=186"}],"curies":[{"name":"wp","href":"https:\/\/api.w.org\/{rel}","templated":true}]}}