{"id":187,"date":"2023-04-11T18:11:52","date_gmt":"2023-04-11T18:11:52","guid":{"rendered":"https:\/\/ambdakar.esteri.it\/italia-e-repubblica-ceca\/cooperazione-allo-sviluppo\/"},"modified":"2026-03-25T11:46:31","modified_gmt":"2026-03-25T11:46:31","slug":"cooperazione-allo-sviluppo","status":"publish","type":"page","link":"https:\/\/ambdakar.esteri.it\/fr\/italia-e-senegal\/cooperazione-allo-sviluppo\/","title":{"rendered":"Coop\u00e9ration au d\u00e9veloppement"},"content":{"rendered":"<p><strong>Le S\u00e9n\u00e9gal dans la coop\u00e9ration italienne<\/strong><\/p>\n<p>Le S\u00e9n\u00e9gal fait partie des pays prioritaires de la Coop\u00e9ration Italienne, comme indiqu\u00e9 dans le <a href=\"https:\/\/www.esteri.it\/wp-content\/uploads\/2025\/07\/DOCUMENTO-TRIENNALE-DI-PROGRAMMAZIONE-20-GIUGNO-2025.pdf\">Document Triennal de Programmation et d\u2019Orientation de la Politique de Coop\u00e9ration au D\u00e9veloppement 2024-2026<\/a> publi\u00e9 par le Minist\u00e8re des Affaires \u00c9trang\u00e8res et de la Coop\u00e9ration Internationale. Depuis janvier 2025, le S\u00e9n\u00e9gal est \u00e9galement devenu un pays prioritaire du Plan Mattei pour l\u2019Afrique, la strat\u00e9gie du Gouvernement italien visant \u00e0 instaurer un changement de paradigme dans les relations avec le continent africain et \u00e0 construire des partenariats sur une base d\u2019\u00e9galit\u00e9, d\u00e9passant la logique donateur-b\u00e9n\u00e9ficiaire et g\u00e9n\u00e9rant des avantages et opportunit\u00e9s r\u00e9ciproques.<\/p>\n<p>L\u2019objectif de la Coop\u00e9ration Italienne au S\u00e9n\u00e9gal est de promouvoir le d\u00e9veloppement durable, en soutenant le Gouvernement s\u00e9n\u00e9galais dans sa strat\u00e9gie nationale de d\u00e9veloppement et en collaborant avec les organisations de la soci\u00e9t\u00e9 civile, le secteur priv\u00e9 et les organisations internationales.<\/p>\n<p>Actuellement, le Programme de Partenariat S\u00e9n\u00e9gal-Italie 2024-2026 est en vigueur, pour une valeur totale de 105 millions d\u2019euros, sign\u00e9 lors du Sommet Italie-Afrique (9 janvier 2024) par le Vice-Pr\u00e9sident du Conseil et Ministre des Affaires \u00c9trang\u00e8res et de la Coop\u00e9ration Internationale, Antonio Tajani, et par l\u2019ancien Ministre de l\u2019\u00c9conomie, du Plan et de la Coop\u00e9ration du S\u00e9n\u00e9gal, S.E. Doudou Ka. Le programme pr\u00e9voit des interventions dans les secteurs prioritaires du d\u00e9veloppement rural, de l\u2019emploi, du secteur priv\u00e9 et de la formation professionnelle, de l\u2019\u00e9ducation, de l\u2019environnement et de la num\u00e9risation.<\/p>\n<p><strong>Agence Italienne pour la Coop\u00e9ration au D\u00e9veloppement \u2013 Bureau de Dakar<\/strong><\/p>\n<p>La Coop\u00e9ration Italienne est pr\u00e9sente au S\u00e9n\u00e9gal via le bureau r\u00e9gional de Dakar de l\u2019<a href=\"https:\/\/dakar.aics.gov.it\/\">Agence Italienne pour la Coop\u00e9ration au D\u00e9veloppement<\/a>, responsable de la programmation et de la gestion des projets au S\u00e9n\u00e9gal et dans les autres pays relevant de l\u2019Ambassade \u00e0 Dakar \u2013 Guin\u00e9e-Bissau, Gambie et Cap-Vert ; en outre, AICS Dakar est \u00e9galement responsable pour la Guin\u00e9e, le Mali, la Mauritanie et la Sierra Leone.<\/p>\n<p>Depuis plus de trente ans, la Coop\u00e9ration Italienne soutient les strat\u00e9gies des pays de la sous-r\u00e9gion visant la paix, l\u2019\u00e9radication de toutes les formes de pauvret\u00e9 et l\u2019\u00e9mancipation \u00e9conomique et sociale des groupes les plus vuln\u00e9rables, avec une attention particuli\u00e8re aux femmes, aux jeunes et aux personnes en situation de handicap. La pr\u00e9sence du si\u00e8ge de l\u2019AICS \u00e0 Dakar t\u00e9moigne de l\u2019importance que l\u2019Italie continue d\u2019accorder au d\u00e9veloppement du S\u00e9n\u00e9gal, pivot de la stabilit\u00e9 d\u00e9mocratique en Afrique de l\u2019Ouest. Dans le contexte actuel d\u2019instabilit\u00e9 et de crise r\u00e9gionale, l\u2019engagement de l\u2019Italie refl\u00e8te une strat\u00e9gie plus large de la Coop\u00e9ration Italienne pour soutenir le renforcement des processus d\u00e9mocratiques et le bien-\u00eatre socio-\u00e9conomique des populations des pays concern\u00e9s.<\/p>\n","protected":false},"excerpt":{"rendered":"Le S\u00e9n\u00e9gal dans la coop\u00e9ration italienne Le S\u00e9n\u00e9gal fait partie des pays prioritaires de la Coop\u00e9ration Italienne, comme indiqu\u00e9 dans le Document Triennal de Programmation et d\u2019Orientation de la Politique de Coop\u00e9ration au D\u00e9veloppement 2024-2026 publi\u00e9 par le Minist\u00e8re des Affaires \u00c9trang\u00e8res et de la Coop\u00e9ration Internationale. Depuis janvier 2025, le S\u00e9n\u00e9gal est \u00e9galement devenu [&hellip;]","protected":false},"author":1,"featured_media":0,"parent":172,"menu_order":6,"comment_status":"closed","ping_status":"closed","template":"","meta":{"footnotes":""},"class_list":["post-187","page","type-page","status-publish","hentry"],"_links":{"self":[{"href":"https:\/\/ambdakar.esteri.it\/fr\/wp-json\/wp\/v2\/pages\/187","targetHints":{"allow":["GET"]}}],"collection":[{"href":"https:\/\/ambdakar.esteri.it\/fr\/wp-json\/wp\/v2\/pages"}],"about":[{"href":"https:\/\/ambdakar.esteri.it\/fr\/wp-json\/wp\/v2\/types\/page"}],"author":[{"embeddable":true,"href":"https:\/\/ambdakar.esteri.it\/fr\/wp-json\/wp\/v2\/users\/1"}],"replies":[{"embeddable":true,"href":"https:\/\/ambdakar.esteri.it\/fr\/wp-json\/wp\/v2\/comments?post=187"}],"version-history":[{"count":5,"href":"https:\/\/ambdakar.esteri.it\/fr\/wp-json\/wp\/v2\/pages\/187\/revisions"}],"predecessor-version":[{"id":5184,"href":"https:\/\/ambdakar.esteri.it\/fr\/wp-json\/wp\/v2\/pages\/187\/revisions\/5184"}],"up":[{"embeddable":true,"href":"https:\/\/ambdakar.esteri.it\/fr\/wp-json\/wp\/v2\/pages\/172"}],"wp:attachment":[{"href":"https:\/\/ambdakar.esteri.it\/fr\/wp-json\/wp\/v2\/media?parent=187"}],"curies":[{"name":"wp","href":"https:\/\/api.w.org\/{rel}","templated":true}]}}