{"id":188,"date":"2023-04-11T17:08:57","date_gmt":"2023-04-11T17:08:57","guid":{"rendered":"https:\/\/ambdakar.esteri.it\/servizi-consolari-e-visti\/"},"modified":"2026-04-10T16:52:27","modified_gmt":"2026-04-10T16:52:27","slug":"servizi-consolari-e-visti","status":"publish","type":"page","link":"https:\/\/ambdakar.esteri.it\/fr\/servizi-consolari-e-visti\/","title":{"rendered":"Services consulaires et visas"},"content":{"rendered":"<p>&nbsp;<\/p>\n<p>La Chancellerie consulaire de l\u2019Ambassade d\u2019Italie \u00e0 Dakar est comp\u00e9tente pour les pays suivants : S\u00e9n\u00e9gal, Cap-Vert, Gambie, Guin\u00e9e-Bissau, Guin\u00e9e et Mali.<br \/>\nElle fournit des services consulaires et de visa \u00e9galement \u00e0 travers son <a href=\"https:\/\/ambdakar.esteri.it\/fr\/chi-siamo\/la-rete-consolare\/\">r\u00e9seau consulaire<\/a> pr\u00e9sent dans ces pays.<\/p>\n<p>L\u2019acc\u00e8s \u00e0 la Chancellerie consulaire de l\u2019Ambassade d\u2019Italie \u00e0 Dakar se fait sur rendez-vous, selon les modalit\u00e9s indiqu\u00e9es pour chaque service, consultables dans les sous-sections de ce site.<\/p>\n<p>Les services propos\u00e9s par la Chancellerie consulaire s\u2019adressent aussi bien aux <a href=\"https:\/\/ambdakar.esteri.it\/fr\/servizi-consolari-e-visti\/servizi-per-il-cittadino-italiano\/\">citoyens italiens<\/a> \u2013 r\u00e9sidant \u00e0 l\u2019\u00e9tranger ou temporairement \u2013 qu\u2019aux <a href=\"https:\/\/ambdakar.esteri.it\/fr\/servizi-consolari-e-visti\/servizi-per-il-cittadino-straniero\/\">citoyens \u00e9trangers<\/a>.<\/p>\n<p>Pour conna\u00eetre les coordonn\u00e9es des diff\u00e9rents bureaux, les horaires d\u2019ouverture et les modalit\u00e9s de prise de rendez-vous, veuillez consulter \u00e9galement la page <a href=\"https:\/\/ambdakar.esteri.it\/fr\/chi-siamo\/contatti\/\">Contacts<\/a>.<\/p>\n<p>Les services consulaires sont fournis selon les principes d\u2019\u00e9galit\u00e9, d\u2019impartialit\u00e9, d\u2019efficacit\u00e9 et de transparence. Il est rappel\u00e9 que l\u2019exercice de certains droits et l\u2019acc\u00e8s \u00e0 certains services sont r\u00e9serv\u00e9s aux Italiens inscrits au registre des Italiens r\u00e9sidant \u00e0 l\u2019\u00e9tranger (AIRE), obligatoire en vertu de la loi n\u00b0 470 de 1988.<\/p>\n","protected":false},"excerpt":{"rendered":"&nbsp; La Chancellerie consulaire de l\u2019Ambassade d\u2019Italie \u00e0 Dakar est comp\u00e9tente pour les pays suivants : S\u00e9n\u00e9gal, Cap-Vert, Gambie, Guin\u00e9e-Bissau, Guin\u00e9e et Mali. Elle fournit des services consulaires et de visa \u00e9galement \u00e0 travers son r\u00e9seau consulaire pr\u00e9sent dans ces pays. L\u2019acc\u00e8s \u00e0 la Chancellerie consulaire de l\u2019Ambassade d\u2019Italie \u00e0 Dakar se fait sur rendez-vous, [&hellip;]","protected":false},"author":1,"featured_media":0,"parent":0,"menu_order":6,"comment_status":"closed","ping_status":"closed","template":"","meta":{"footnotes":""},"class_list":["post-188","page","type-page","status-publish","hentry"],"_links":{"self":[{"href":"https:\/\/ambdakar.esteri.it\/fr\/wp-json\/wp\/v2\/pages\/188","targetHints":{"allow":["GET"]}}],"collection":[{"href":"https:\/\/ambdakar.esteri.it\/fr\/wp-json\/wp\/v2\/pages"}],"about":[{"href":"https:\/\/ambdakar.esteri.it\/fr\/wp-json\/wp\/v2\/types\/page"}],"author":[{"embeddable":true,"href":"https:\/\/ambdakar.esteri.it\/fr\/wp-json\/wp\/v2\/users\/1"}],"replies":[{"embeddable":true,"href":"https:\/\/ambdakar.esteri.it\/fr\/wp-json\/wp\/v2\/comments?post=188"}],"version-history":[{"count":6,"href":"https:\/\/ambdakar.esteri.it\/fr\/wp-json\/wp\/v2\/pages\/188\/revisions"}],"predecessor-version":[{"id":5256,"href":"https:\/\/ambdakar.esteri.it\/fr\/wp-json\/wp\/v2\/pages\/188\/revisions\/5256"}],"wp:attachment":[{"href":"https:\/\/ambdakar.esteri.it\/fr\/wp-json\/wp\/v2\/media?parent=188"}],"curies":[{"name":"wp","href":"https:\/\/api.w.org\/{rel}","templated":true}]}}