{"id":190,"date":"2023-04-11T18:13:11","date_gmt":"2023-04-11T18:13:11","guid":{"rendered":"https:\/\/ambdakar.esteri.it\/servizi-consolari-e-visti\/servizi-per-il-cittadino-italiano\/passaporti-e-carte-didentita\/"},"modified":"2026-04-03T10:38:39","modified_gmt":"2026-04-03T10:38:39","slug":"passaporti-e-carte-didentita","status":"publish","type":"page","link":"https:\/\/ambdakar.esteri.it\/fr\/servizi-consolari-e-visti\/servizi-per-il-cittadino-italiano\/passaporti-e-carte-didentita\/","title":{"rendered":"Passeports"},"content":{"rendered":"<p data-section-id=\"856mdh\" data-start=\"40\" data-end=\"55\"><strong>FORMULAIRES<\/strong><\/p>\n<ul>\n<li data-section-id=\"1uu564k\" data-start=\"361\" data-end=\"398\" data-is-last-node=\"\"><a href=\"https:\/\/ambdakar.esteri.it\/wp-content\/uploads\/2026\/01\/lista-doc-richiesta-passaporto.pdf\">Documenti necessari per il rilascio del passaporto<\/a>.\n<ul>\n<li><a class=\"\" href=\"https:\/\/ambdakar.esteri.it\/wp-content\/uploads\/2023\/11\/dichiarazione_accompagnamento_20142-1.docx\" data-focus-mouse=\"false\">Dichiarazione di accompagnamento<\/a><\/li>\n<li><a class=\"focus--mouse\" href=\"https:\/\/ambdakar.esteri.it\/wp-content\/uploads\/2023\/11\/domandarilasciomaggiorenneconfigli_nodata-1.pdf\" data-focus-mouse=\"true\">Domanda di rilascio<\/a><\/li>\n<li><a href=\"https:\/\/ambdakar.esteri.it\/wp-content\/uploads\/2023\/11\/dichiarazione_assenza_ostative_passaporto1-1.docx\">Dichiarazione assenza ostative passaporto<\/a><\/li>\n<li><a href=\"https:\/\/ambdakar.esteri.it\/wp-content\/uploads\/2023\/11\/domandapassaportoperminorenne1-1.doc\">Domanda passaporto per minorenne<\/a><\/li>\n<li><a class=\"focus--mouse\" href=\"https:\/\/ambdakar.esteri.it\/wp-content\/uploads\/2024\/03\/form1_-_atto_di_assenso_in_favore_dei_figli_minori.docx\" data-focus-mouse=\"true\">Atto di assenso in favore di figlio minore<\/a><\/li>\n<li><a href=\"https:\/\/ambdakar.esteri.it\/wp-content\/uploads\/2023\/11\/9fotografie-1.pdf\">Come fare le fotografie<\/a><\/li>\n<li><a href=\"https:\/\/ambdakar.esteri.it\/wp-content\/uploads\/2023\/11\/15istanza_giudice_tutelare1-1.doc\">Istanza giudice tutelare<\/a><\/li>\n<li><a href=\"https:\/\/ambdakar.esteri.it\/wp-content\/uploads\/2023\/11\/aggiornamentoriscossionipercezioniconsolaripassapo4-1.docx\">Riscossioni percezioni consolari<\/a><\/li>\n<\/ul>\n<\/li>\n<\/ul>\n<p data-section-id=\"1dh3v9o\" data-start=\"453\" data-end=\"476\"><strong>PRENDRE RENDEZ-VOUS<\/strong><\/p>\n<p data-start=\"478\" data-end=\"606\">La demande doit \u00eatre pr\u00e9sent\u00e9e via la plateforme Prenotami.<br data-start=\"537\" data-end=\"540\" \/>\u00c0 d\u00e9faut, il est possible d\u2019\u00e9crire \u00e0 : <a class=\"decorated-link cursor-pointer\" rel=\"noopener\" data-start=\"579\" data-end=\"605\">dakar.passaporti@esteri.it<\/a>.<\/p>\n<p data-section-id=\"ubt3g9\" data-start=\"613\" data-end=\"629\"><strong>INFORMATIONS<\/strong><\/p>\n<p data-start=\"631\" data-end=\"934\">Le passeport est un document de voyage et d\u2019identit\u00e9. Sa d\u00e9livrance rel\u00e8ve du Service des passeports de l\u2019Ambassade d\u2019Italie \u00e0 Dakar pour tous les citoyens italiens r\u00e9sidant dans la circonscription consulaire (S\u00e9n\u00e9gal, Gambie, Guin\u00e9e, Guin\u00e9e-Bissau, Cap-Vert et Mali) et r\u00e9guli\u00e8rement inscrits \u00e0 l\u2019AIRE.<\/p>\n<p data-start=\"936\" data-end=\"1237\">Pour r\u00e9sider et voyager dans les pays de l\u2019Union europ\u00e9enne, la carte d\u2019identit\u00e9 valable pour l\u2019expatriation est suffisante. Toutefois, il est fortement recommand\u00e9 de disposer d\u2019un passeport ordinaire en cours de validit\u00e9 afin de faciliter les proc\u00e9dures aux fronti\u00e8res et les transits internationaux.<\/p>\n<p data-start=\"1239\" data-end=\"1575\">Si le demandeur n\u2019est pas inscrit \u00e0 l\u2019AIRE de cette circonscription, l\u2019Ambassade d\u2019Italie \u00e0 Dakar devra pr\u00e9alablement demander le \u00ab NULLA OSTA \u00bb et la \u00ab D\u00c9L\u00c9GATION \u00bb \u00e0 l\u2019autorit\u00e9 comp\u00e9tente (Pr\u00e9fecture de police en Italie ou autre repr\u00e9sentation diplomatique \u00e0 l\u2019\u00e9tranger). Dans ce cas, les d\u00e9lais de d\u00e9livrance peuvent \u00eatre plus longs.<\/p>\n<p data-start=\"1577\" data-end=\"1811\"><strong data-start=\"1577\" data-end=\"1599\">Note biom\u00e9trique :<\/strong> La d\u00e9livrance du passeport n\u00e9cessite la pr\u00e9sence physique du demandeur aupr\u00e8s des bureaux de l\u2019Ambassade d\u2019Italie \u00e0 Dakar pour la prise des empreintes digitales (les mineurs de moins de 12 ans en sont exempt\u00e9s).<\/p>\n<p data-start=\"1813\" data-end=\"1911\">Conform\u00e9ment \u00e0 la r\u00e9glementation en vigueur, la dur\u00e9e de validit\u00e9 des passeports est la suivante :<\/p>\n<ul data-start=\"1913\" data-end=\"2026\">\n<li data-section-id=\"7i6s91\" data-start=\"1913\" data-end=\"1954\">3 ans pour les enfants de 0 \u00e0 3 ans ;<\/li>\n<li data-section-id=\"bhhtpg\" data-start=\"1955\" data-end=\"1997\">5 ans pour les mineurs de 3 \u00e0 18 ans ;<\/li>\n<li data-section-id=\"c0p0br\" data-start=\"1998\" data-end=\"2026\">10 ans pour les adultes.<\/li>\n<\/ul>\n<p data-start=\"2028\" data-end=\"2405\">Conform\u00e9ment au d\u00e9cret-loi 69\/2023, pour la d\u00e9livrance du passeport \u00e0 un parent d\u2019un mineur italien, l\u2019acte de consentement de l\u2019autre parent n\u2019est plus requis. Toutefois, en cas de risque que le d\u00e9part \u00e0 l\u2019\u00e9tranger entra\u00eene le non-respect des obligations envers les enfants, l\u2019autre parent peut demander une interdiction de d\u00e9livrance du document aupr\u00e8s du tribunal comp\u00e9tent.<\/p>\n<p data-start=\"2407\" data-end=\"2569\"><strong data-start=\"2407\" data-end=\"2422\">Attention :<\/strong> Pour la d\u00e9livrance d\u2019un passeport pour mineur, le consentement sign\u00e9 des deux parents ou des titulaires de l\u2019autorit\u00e9 parentale est obligatoire.<\/p>\n","protected":false},"excerpt":{"rendered":"FORMULAIRES Documenti necessari per il rilascio del passaporto. Dichiarazione di accompagnamento Domanda di rilascio Dichiarazione assenza ostative passaporto Domanda passaporto per minorenne Atto di assenso in favore di figlio minore Come fare le fotografie Istanza giudice tutelare Riscossioni percezioni consolari PRENDRE RENDEZ-VOUS La demande doit \u00eatre pr\u00e9sent\u00e9e via la plateforme Prenotami.\u00c0 d\u00e9faut, il est possible [&hellip;]","protected":false},"author":1,"featured_media":0,"parent":189,"menu_order":0,"comment_status":"closed","ping_status":"closed","template":"","meta":{"footnotes":""},"class_list":["post-190","page","type-page","status-publish","hentry"],"_links":{"self":[{"href":"https:\/\/ambdakar.esteri.it\/fr\/wp-json\/wp\/v2\/pages\/190","targetHints":{"allow":["GET"]}}],"collection":[{"href":"https:\/\/ambdakar.esteri.it\/fr\/wp-json\/wp\/v2\/pages"}],"about":[{"href":"https:\/\/ambdakar.esteri.it\/fr\/wp-json\/wp\/v2\/types\/page"}],"author":[{"embeddable":true,"href":"https:\/\/ambdakar.esteri.it\/fr\/wp-json\/wp\/v2\/users\/1"}],"replies":[{"embeddable":true,"href":"https:\/\/ambdakar.esteri.it\/fr\/wp-json\/wp\/v2\/comments?post=190"}],"version-history":[{"count":2,"href":"https:\/\/ambdakar.esteri.it\/fr\/wp-json\/wp\/v2\/pages\/190\/revisions"}],"predecessor-version":[{"id":5203,"href":"https:\/\/ambdakar.esteri.it\/fr\/wp-json\/wp\/v2\/pages\/190\/revisions\/5203"}],"up":[{"embeddable":true,"href":"https:\/\/ambdakar.esteri.it\/fr\/wp-json\/wp\/v2\/pages\/189"}],"wp:attachment":[{"href":"https:\/\/ambdakar.esteri.it\/fr\/wp-json\/wp\/v2\/media?parent=190"}],"curies":[{"name":"wp","href":"https:\/\/api.w.org\/{rel}","templated":true}]}}