{"id":199,"date":"2023-04-11T18:20:20","date_gmt":"2023-04-11T18:20:20","guid":{"rendered":"https:\/\/ambdakar.esteri.it\/servizi-consolari-e-visti\/servizi-per-il-cittadino-italiano\/codice-fiscale\/"},"modified":"2026-04-10T16:34:58","modified_gmt":"2026-04-10T16:34:58","slug":"codice-fiscale","status":"publish","type":"page","link":"https:\/\/ambdakar.esteri.it\/fr\/servizi-consolari-e-visti\/servizi-per-il-cittadino-italiano\/codice-fiscale\/","title":{"rendered":"Code fiscal"},"content":{"rendered":"<p><strong>FORMULAIRES<\/strong><\/p>\n<p><a class=\"focus--mouse\" href=\"https:\/\/ambdakar.esteri.it\/wp-content\/uploads\/2025\/03\/codice-fiscale.pdf\" data-focus-mouse=\"true\">Documenti necessari<\/a>.<\/p>\n<ul>\n<li><a href=\"https:\/\/ambdakar.esteri.it\/wp-content\/uploads\/2023\/11\/AA4_8-modello_codice_fiscale-2.pdf\">Modulo richiesta codice fiscale<\/a><\/li>\n<\/ul>\n<p><strong>COMMENT PRENDRE RENDEZ-VOUS<\/strong><\/p>\n<p>Les citoyens italiens inscrits \u00e0 l\u2019AIRE dans la circonscription consulaire de cette Ambassade peuvent t\u00e9l\u00e9charger directement le certificat d\u2019attribution du code fiscal via le portail <strong>Fast It<\/strong>.<\/p>\n<p>Comment faire ?<\/p>\n<ul>\n<li>Acc\u00e9dez au portail Fast It ;<\/li>\n<li>Cliquez sur \u00ab \u00c9tat civil consulaire et AIRE \u00bb, puis sur \u00ab Attribution du code fiscal \u00bb ;<\/li>\n<li>Confirmez les donn\u00e9es et lancez la demande ;<\/li>\n<li>T\u00e9l\u00e9chargez de mani\u00e8re autonome le certificat d\u2019attribution du code fiscal.<\/li>\n<\/ul>\n<p>Si vous ne parvenez pas \u00e0 t\u00e9l\u00e9charger le certificat :<\/p>\n<ul>\n<li>Inscrivez-vous sur le portail FAST IT ou connectez-vous si vous avez d\u00e9j\u00e0 un compte actif ;<\/li>\n<li>Demandez l\u2019\u00ab association en ligne \u00bb en cliquant sur \u00ab \u00c9tat civil consulaire et AIRE \u00bb, puis sur \u00ab Consulter sa fiche d\u2019\u00e9tat civil \u00bb ;<\/li>\n<li>Dans un d\u00e9lai de 2 jours ouvrables, vous recevrez un e-mail confirmant l\u2019association ;<\/li>\n<li>Reconnectez-vous au portail et t\u00e9l\u00e9chargez le certificat.<\/li>\n<\/ul>\n<p>Cette fonction n\u2019est pas disponible pour les citoyens italiens non inscrits \u00e0 l\u2019AIRE ni pour les citoyens \u00e9trangers, qui peuvent demander le code fiscal \u00e0 l\u2019adresse e-mail <strong><a href=\"mailto:consolato.ambdakar@esteri.it\">consolato.ambdakar@esteri.it<\/a><\/strong>.<\/p>\n<p><strong>INFORMATIONS<\/strong><\/p>\n<p>Concernant notamment les demandes d\u2019attribution du code fiscal provenant de citoyens \u00e9trangers, la loi 212\/2000 reconna\u00eet aux contribuables non r\u00e9sidents en Italie le droit de demander le code fiscal, d\u00e9fini (par la loi 63\/1993) comme un \u00e9l\u00e9ment d\u2019identification du sujet dans tout acte relatif \u00e0 des relations avec l\u2019administration publique.<\/p>\n<p>Ainsi, lorsque l\u2019attribution est n\u00e9cessaire pour l\u2019identification dans les relations avec les organismes et l\u2019administration publique italienne ou pour des obligations fiscales, la demande peut \u00eatre trait\u00e9e normalement.<\/p>\n<p>Toutefois, lorsque la proc\u00e9dure aupr\u00e8s de l\u2019administration publique italienne n\u00e9cessite obligatoirement l\u2019entr\u00e9e et la pr\u00e9sence en Italie du citoyen \u00e9tranger non communautaire, l\u2019attribution du code fiscal est effectu\u00e9e par le guichet unique de l\u2019immigration ou par la pr\u00e9fecture de police (Questura) au moment de la demande de permis de s\u00e9jour.<\/p>\n<hr \/>\n","protected":false},"excerpt":{"rendered":"FORMULAIRES Documenti necessari. Modulo richiesta codice fiscale COMMENT PRENDRE RENDEZ-VOUS Les citoyens italiens inscrits \u00e0 l\u2019AIRE dans la circonscription consulaire de cette Ambassade peuvent t\u00e9l\u00e9charger directement le certificat d\u2019attribution du code fiscal via le portail Fast It. Comment faire ? Acc\u00e9dez au portail Fast It ; Cliquez sur \u00ab \u00c9tat civil consulaire et AIRE \u00bb, [&hellip;]","protected":false},"author":1,"featured_media":0,"parent":189,"menu_order":18,"comment_status":"closed","ping_status":"closed","template":"","meta":{"footnotes":""},"class_list":["post-199","page","type-page","status-publish","hentry"],"_links":{"self":[{"href":"https:\/\/ambdakar.esteri.it\/fr\/wp-json\/wp\/v2\/pages\/199","targetHints":{"allow":["GET"]}}],"collection":[{"href":"https:\/\/ambdakar.esteri.it\/fr\/wp-json\/wp\/v2\/pages"}],"about":[{"href":"https:\/\/ambdakar.esteri.it\/fr\/wp-json\/wp\/v2\/types\/page"}],"author":[{"embeddable":true,"href":"https:\/\/ambdakar.esteri.it\/fr\/wp-json\/wp\/v2\/users\/1"}],"replies":[{"embeddable":true,"href":"https:\/\/ambdakar.esteri.it\/fr\/wp-json\/wp\/v2\/comments?post=199"}],"version-history":[{"count":3,"href":"https:\/\/ambdakar.esteri.it\/fr\/wp-json\/wp\/v2\/pages\/199\/revisions"}],"predecessor-version":[{"id":5252,"href":"https:\/\/ambdakar.esteri.it\/fr\/wp-json\/wp\/v2\/pages\/199\/revisions\/5252"}],"up":[{"embeddable":true,"href":"https:\/\/ambdakar.esteri.it\/fr\/wp-json\/wp\/v2\/pages\/189"}],"wp:attachment":[{"href":"https:\/\/ambdakar.esteri.it\/fr\/wp-json\/wp\/v2\/media?parent=199"}],"curies":[{"name":"wp","href":"https:\/\/api.w.org\/{rel}","templated":true}]}}