{"id":203,"date":"2023-04-11T18:22:23","date_gmt":"2023-04-11T18:22:23","guid":{"rendered":"https:\/\/ambdakar.esteri.it\/servizi-consolari-e-visti\/servizi-per-il-cittadino-straniero\/cittadinanza\/"},"modified":"2023-11-23T11:43:34","modified_gmt":"2023-11-23T11:43:34","slug":"cittadinanza","status":"publish","type":"page","link":"https:\/\/ambdakar.esteri.it\/fr\/servizi-consolari-e-visti\/servizi-per-il-cittadino-straniero\/cittadinanza\/","title":{"rendered":"Citoyennet\u00e9"},"content":{"rendered":"<p><strong>Citoyennet\u00e9<\/strong><\/p>\n<p>La citoyennet\u00e9 italienne repose sur le principe du jus sanguinis (droit du sang), selon lequel l&rsquo;enfant n\u00e9 d&rsquo;un p\u00e8re italien ou d&rsquo;une m\u00e8re italienne est italien. Il est cependant \u00e0 noter que la transmission de la citoyennet\u00e9 par la m\u00e8re aux enfants mineurs n&rsquo;est possible qu&rsquo;\u00e0 partir du 1er janvier 1948, en vertu d&rsquo;un arr\u00eat sp\u00e9cifique de la Cour constitutionnelle. Actuellement, la citoyennet\u00e9 italienne est r\u00e9gie par la loi n\u00b0 91 du 5.02.1992, qui, contrairement \u00e0 la loi pr\u00e9c\u00e9dente, r\u00e9\u00e9value le poids de la volont\u00e9 individuelle dans l&rsquo;acquisition et la perte de la citoyennet\u00e9 et reconna\u00eet le droit \u00e0 la d\u00e9tention simultan\u00e9e de plusieurs citoyennet\u00e9s, sous r\u00e9serve des dispositions diff\u00e9rentes pr\u00e9vues par des accords internationaux.<\/p>\n<p>**Modes d&rsquo;acquisition de la citoyennet\u00e9 italienne**<br \/>\n**Modes d&rsquo;acquisition automatiques**<\/p>\n<p>&#8211; Par filiation<br \/>\n&#8211; Par naissance sur le territoire italien, dans tous les cas o\u00f9 les parents sont inconnus, apatrides ou ne transmettent pas leur citoyennet\u00e9 \u00e0 l&rsquo;enfant selon la loi de l&rsquo;\u00c9tat auquel ils appartiennent ; dans le cas o\u00f9 l&rsquo;enfant d&rsquo;inconnus est trouv\u00e9 abandonn\u00e9 sur le territoire italien et que son statut civil ne peut pas \u00eatre d\u00e9termin\u00e9.<\/p>\n<p>&#8211; Par reconnaissance de paternit\u00e9 ou maternit\u00e9, pendant la minorit\u00e9 de l&rsquo;enfant (dans le cas o\u00f9 l&rsquo;enfant reconnu est majeur, il doit choisir la citoyennet\u00e9 dans l&rsquo;ann\u00e9e suivant la reconnaissance).<br \/>\n&#8211; Par adoption, que le mineur \u00e9tranger soit adopt\u00e9 par un citoyen italien par d\u00e9cision de l&rsquo;autorit\u00e9 judiciaire italienne, ou dans le cas o\u00f9 l&rsquo;adoption est prononc\u00e9e \u00e0 l&rsquo;\u00e9tranger et rendue effective en Italie par une ordonnance (\u00e9mise par le tribunal pour les mineurs) d&rsquo;inscription dans les registres de l&rsquo;\u00e9tat civil. Si l&rsquo;adopt\u00e9 est majeur, il peut acqu\u00e9rir la citoyennet\u00e9 italienne par naturalisation, apr\u00e8s une p\u00e9riode de r\u00e9sidence l\u00e9gale en Italie de 5 ans suivant l&rsquo;adoption (voir dans Modes d&rsquo;acquisition sur demande : Naturalisation).<\/p>\n<p>**Modes d&rsquo;acquisition sur demande**<\/p>\n<p>&#8211; D\u00e9claration de volont\u00e9 de l&rsquo;int\u00e9ress\u00e9<\/p>\n<p>&#8211; Si l&rsquo;\u00e9tranger est descendant d&rsquo;un citoyen italien par naissance (jusqu&rsquo;au 2e degr\u00e9), il peut obtenir la citoyennet\u00e9 s&rsquo;il (au choix) :<br \/>\n&#8211; Effectue le service militaire dans les forces arm\u00e9es italiennes.<br \/>\n&#8211; Occupe un poste public sous l&rsquo;autorit\u00e9 de l&rsquo;\u00c9tat, m\u00eame \u00e0 l&rsquo;\u00e9tranger.<br \/>\n&#8211; R\u00e9side l\u00e9galement en Italie depuis au moins deux ans au moment de sa majorit\u00e9.<\/p>\n<p>&#8211; Si l&rsquo;\u00e9tranger est n\u00e9 sur le territoire italien, il peut obtenir la citoyennet\u00e9 s&rsquo;il r\u00e9side l\u00e9galement et de mani\u00e8re ininterrompue en Italie depuis sa naissance jusqu&rsquo;\u00e0 sa majorit\u00e9.<\/p>\n<p>&#8211; Mariage avec un citoyen italien. Les exigences sont les suivantes :<br \/>\n&#8211; R\u00e9sidence l\u00e9gale en Italie pendant au moins deux ans apr\u00e8s le mariage (ces d\u00e9lais sont r\u00e9duits de moiti\u00e9 en pr\u00e9sence d&rsquo;enfants n\u00e9s ou adopt\u00e9s par les conjoints) ou trois ans de mariage si les conjoints r\u00e9sident \u00e0 l&rsquo;\u00e9tranger.<br \/>\n&#8211; Validit\u00e9 du mariage.<br \/>\n&#8211; Absence de condamnations p\u00e9nales.<br \/>\n&#8211; Absence d&rsquo;obstacles li\u00e9s \u00e0 la s\u00e9curit\u00e9 nationale.<\/p>\n<p>La demande d&rsquo;acquisition de la citoyennet\u00e9 doit \u00eatre adress\u00e9e au ministre de l&rsquo;Int\u00e9rieur et d\u00e9pos\u00e9e aupr\u00e8s de la pr\u00e9fecture de la province de r\u00e9sidence, si la r\u00e9sidence est en Italie, ou aupr\u00e8s de l&rsquo;autorit\u00e9 diplomatique-consulaire, si la r\u00e9sidence est \u00e0 l&rsquo;\u00e9tranger.<\/p>\n<p><strong>**Naturalisation**<\/strong><\/p>\n<p>Les conditions sont les suivantes :<\/p>\n<p>&#8211; Dix ans de r\u00e9sidence l\u00e9gale.<br \/>\n&#8211; Revenu suffisant.<br \/>\n&#8211; Absence de casiers judiciaires.<br \/>\n&#8211; Renonciation \u00e0 la citoyennet\u00e9 d&rsquo;origine (si applicable).<\/p>\n<p>Le nombre d&rsquo;ann\u00e9es peut \u00eatre r\u00e9duit \u00e0 :<\/p>\n<p>&#8211; Trois ans de r\u00e9sidence l\u00e9gale pour les descendants d&rsquo;anciens citoyens italiens par naissance jusqu&rsquo;au deuxi\u00e8me degr\u00e9 et pour les \u00e9trangers n\u00e9s sur le territoire italien.<br \/>\n&#8211; Quatre ans de r\u00e9sidence l\u00e9gale pour les citoyens d&rsquo;un \u00c9tat membre de l&rsquo;Union europ\u00e9enne.<br \/>\n&#8211; Cinq ans de r\u00e9sidence l\u00e9gale pour les apatrides et les r\u00e9fugi\u00e9s, ainsi que pour les \u00e9trangers majeurs adopt\u00e9s par des citoyens italiens.<br \/>\n&#8211; Sept ans de r\u00e9sidence l\u00e9gale pour l&rsquo;affili\u00e9 \u00e0 un citoyen italien.<br \/>\n&#8211; Aucune p\u00e9riode de r\u00e9sidence n&rsquo;est requise pour les \u00e9trangers ayant servi l&rsquo;\u00c9tat pendant au moins cinq ans, m\u00eame \u00e0 l&rsquo;\u00e9tranger.<\/p>\n<p>La demande de naturalisation doit \u00eatre adress\u00e9e au Pr\u00e9sident de la R\u00e9publique et d\u00e9pos\u00e9e aupr\u00e8s de la pr\u00e9fecture de la province de r\u00e9sidence.<\/p>\n<p>**Comment pr\u00e9senter une demande de citoyennet\u00e9**<\/p>\n<p>Pr\u00e9cisant que la question de la citoyennet\u00e9 rel\u00e8ve de la comp\u00e9tence du minist\u00e8re de l&rsquo;Int\u00e9rieur, veuillez noter que le demandeur non r\u00e9sident en Italie doit s&rsquo;inscrire sur le portail du minist\u00e8re de l&rsquo;Int\u00e9rieur d\u00e9di\u00e9, appel\u00e9 ALI.<\/p>\n<p>Apr\u00e8s vous \u00eatre connect\u00e9, vous aurez acc\u00e8s \u00e0 la proc\u00e9dure en ligne pour pr\u00e9senter la demande de citoyennet\u00e9.<\/p>\n<p>L&rsquo;utilisateur doit remplir tous les champs du formulaire et t\u00e9l\u00e9charger les documents obligatoires suivants indiqu\u00e9s par le minist\u00e8re de l&rsquo;Int\u00e9rieur pour effectuer la demande de citoyennet\u00e9 :<\/p>\n<p>&#8211; Extrait de naissance du pays d&rsquo;origine l\u00e9galis\u00e9 et traduit, complet avec toutes les informations, ou, en cas d&rsquo;impossibilit\u00e9 document\u00e9e, attestation d\u00e9livr\u00e9e par l&rsquo;autorit\u00e9 diplomatique-consulaire du pays d&rsquo;origine indiquant les informations exactes (nom, pr\u00e9nom, date et lieu de naissance), ainsi que la paternit\u00e9 et la maternit\u00e9 du demandeur.<br \/>\n&#8211; Casier judiciaire du pays d&rsquo;origine et des \u00e9ventuels pays tiers de r\u00e9sidence et des pays dont il d\u00e9tient la citoyennet\u00e9 (en conformit\u00e9 avec les obligations prescrites par la l\u00e9gislation en vigueur en mati\u00e8re de<\/p>\n<p>l\u00e9galisation\/apostille et de traduction).<br \/>\n&#8211; Re\u00e7u de paiement de 250 euros.<br \/>\n&#8211; Copie authentifi\u00e9e de la pi\u00e8ce d&rsquo;identit\u00e9 en cours de validit\u00e9 (avec traduction officielle en italien, si le document ne contient pas d&rsquo;indications r\u00e9dig\u00e9es, en plus de la langue originale, \u00e9galement en anglais ou en fran\u00e7ais), authentifi\u00e9e par la repr\u00e9sentation diplomatique-consulaire de l&rsquo;\u00c9tat \u00e9tranger qui l&rsquo;a d\u00e9livr\u00e9e.<br \/>\n&#8211; Dipl\u00f4me d\u00e9livr\u00e9 par un \u00e9tablissement d&rsquo;enseignement public ou priv\u00e9, ou certificat d\u00e9livr\u00e9 par un organisme certificateur. \u00c0 l&rsquo;heure actuelle, les organismes suivants sont consid\u00e9r\u00e9s comme des organismes certificateurs, appartenant au syst\u00e8me de certification unifi\u00e9 CLIQ (Certificazione Lingua Italiana di Qualit\u00e0) :<br \/>\n&#8211; Universit\u00e9 pour \u00e9trangers de Sienne.<br \/>\n&#8211; Universit\u00e9 pour \u00e9trangers de P\u00e9rouse.<br \/>\n&#8211; Universit\u00e9 Roma Tre.<br \/>\n&#8211; Soci\u00e9t\u00e9 Dante Alighieri.<\/p>\n<p>Par cons\u00e9quent, les certifications d\u00e9livr\u00e9es par ces organismes seront consid\u00e9r\u00e9es comme valides, \u00e9ventuellement en collaboration avec les instituts italiens de culture locaux.<\/p>\n<p>Des informations suppl\u00e9mentaires sont disponibles sur le site du minist\u00e8re des Affaires \u00e9trang\u00e8res, \u00e0 l&rsquo;adresse suivante : <a href=\"https:\/\/www.esteri.it\/mae\/it\/servizi\/italiani-all-estero\/cittadinanza.html\">https:\/\/www.esteri.it\/mae\/it\/servizi\/italiani-all-estero\/cittadinanza.html<\/a> et sur le site du minist\u00e8re de l&rsquo;Int\u00e9rieur <a href=\"https:\/\/cittadinanza.dlci.interno.it\">https:\/\/cittadinanza.dlci.interno.it<\/a><\/p>\n<p>Apr\u00e8s avoir soumis la demande en ligne, l&rsquo;utilisateur sera convoqu\u00e9 par l&rsquo;ambassade pour l&rsquo;identification et d&rsquo;autres proc\u00e9dures n\u00e9cessaires \u00e0 la finalisation de la demande, y compris l&rsquo;acquisition originale des documents joints \u00e0 la demande en ligne et de tout autre document utile \u00e0 l&rsquo;instruction de la demande.<\/p>\n<p>L&rsquo;office de l&rsquo;ambassade charg\u00e9 du traitement des demandes de citoyennet\u00e9 est le bureau consulaire, consolato.ambdakar@esteri.it.<\/p>\n","protected":false},"excerpt":{"rendered":"Citoyennet\u00e9 La citoyennet\u00e9 italienne repose sur le principe du jus sanguinis (droit du sang), selon lequel l&rsquo;enfant n\u00e9 d&rsquo;un p\u00e8re italien ou d&rsquo;une m\u00e8re italienne est italien. Il est cependant \u00e0 noter que la transmission de la citoyennet\u00e9 par la m\u00e8re aux enfants mineurs n&rsquo;est possible qu&rsquo;\u00e0 partir du 1er janvier 1948, en vertu d&rsquo;un [&hellip;]","protected":false},"author":1,"featured_media":0,"parent":202,"menu_order":2,"comment_status":"closed","ping_status":"closed","template":"","meta":{"footnotes":""},"class_list":["post-203","page","type-page","status-publish","hentry"],"_links":{"self":[{"href":"https:\/\/ambdakar.esteri.it\/fr\/wp-json\/wp\/v2\/pages\/203","targetHints":{"allow":["GET"]}}],"collection":[{"href":"https:\/\/ambdakar.esteri.it\/fr\/wp-json\/wp\/v2\/pages"}],"about":[{"href":"https:\/\/ambdakar.esteri.it\/fr\/wp-json\/wp\/v2\/types\/page"}],"author":[{"embeddable":true,"href":"https:\/\/ambdakar.esteri.it\/fr\/wp-json\/wp\/v2\/users\/1"}],"replies":[{"embeddable":true,"href":"https:\/\/ambdakar.esteri.it\/fr\/wp-json\/wp\/v2\/comments?post=203"}],"version-history":[{"count":2,"href":"https:\/\/ambdakar.esteri.it\/fr\/wp-json\/wp\/v2\/pages\/203\/revisions"}],"predecessor-version":[{"id":1168,"href":"https:\/\/ambdakar.esteri.it\/fr\/wp-json\/wp\/v2\/pages\/203\/revisions\/1168"}],"up":[{"embeddable":true,"href":"https:\/\/ambdakar.esteri.it\/fr\/wp-json\/wp\/v2\/pages\/202"}],"wp:attachment":[{"href":"https:\/\/ambdakar.esteri.it\/fr\/wp-json\/wp\/v2\/media?parent=203"}],"curies":[{"name":"wp","href":"https:\/\/api.w.org\/{rel}","templated":true}]}}