{"id":208,"date":"2023-04-11T17:48:10","date_gmt":"2023-04-11T17:48:10","guid":{"rendered":"https:\/\/ambdakar.esteri.it\/amministrazione-trasparente\/"},"modified":"2023-11-23T11:50:15","modified_gmt":"2023-11-23T11:50:15","slug":"amministrazione-trasparente","status":"publish","type":"page","link":"https:\/\/ambdakar.esteri.it\/fr\/amministrazione-trasparente\/","title":{"rendered":"Administration transparente"},"content":{"rendered":"<p><strong>Amministrazione Trasparente<\/strong><\/p>\n<p>Gli uffici diplomatico-consolari all&amp;#39 estero costituiscono articolazioni periferiche del Ministero degli Affari Esteri e della Cooperazione Internazionale, che assicura la trasparenza dei propri dati attraverso la sezione \u201camministrazione trasparente\u201d del sito\u00a0<a title=\"Ministero degli Affari Esteri e della Cooperazione Internazionale\" href=\"https:\/\/www.esteri.it\/it\">www.esteri.it<\/a>. Le sezioni della presente pagina rinviano in massima parte alle corrispondenti sezioni del sito dell&amp;#39 amministrazione centrale.<\/p>\n<p><strong>Per approfondimenti visita il sito dell\u2019 Autorit\u00e0 Nazionale Anticorruzione<\/strong>\u00a0(<a title=\"Autorita' Nazionale Anticorruzione\" href=\"https:\/\/www.anticorruzione.it\/\">ANAC)<\/a><\/p>\n<ul>\n<li><a title=\"Disposizioni Generali\" href=\"https:\/\/www.esteri.it\/it\/trasparenza_comunicazioni_legali\/disposizioni_generali\">Disposizioni generali<\/a><\/li>\n<li>Organizzazione<\/li>\n<\/ul>\n<ol>\n<li>Articolazione degli uffici<em>(art. 13, c. 1, lett. b, c)<\/em><\/li>\n<li>Telefono e posta elettronica<em>(art. 13, c. 1, lett. d)<\/em><\/li>\n<\/ol>\n<ul>\n<li>Consulenti e collaboratori\u00a0<em>(art. 15, c. 1, 2)<\/em><\/li>\n<\/ul>\n<div>\n<p><strong>2019<\/strong><\/p>\n<p>Consulenti 2019 \u2013 Non risultano dati da pubblicare<\/p>\n<p>Collaboratori 2019 \u2013 Non risultano dati da pubblicare<\/p>\n<p><strong>2018<\/strong><\/p>\n<p>Consulenti 2018 \u2013 Non risultano dati da pubblicare<\/p>\n<p><a href=\"https:\/\/ambdakar.esteri.it\/wp-content\/uploads\/2023\/11\/collaboratori-2018.pdf\">collaboratori 2018<\/a><\/p>\n<p><strong>2017<\/strong><\/p>\n<p><a href=\"https:\/\/ambdakar.esteri.it\/wp-content\/uploads\/2023\/11\/consulenti-2017.pdf\">consulenti 2017<\/a><\/p>\n<p><a href=\"https:\/\/ambdakar.esteri.it\/wp-content\/uploads\/2023\/11\/collaboratori_2017.pdf\">collaboratori_2017<\/a><\/p>\n<\/div>\n<ul>\n<li><a title=\"Personale\" href=\"https:\/\/www.esteri.it\/it\/trasparenza_comunicazioni_legali\/personale\">Personale<\/a><\/li>\n<li>Bandi di concorso<em>(art. 19)\u00a0<\/em><\/li>\n<\/ul>\n<p><strong>2019<\/strong><\/p>\n<p>\u2013 Avviso di assunzione di un impiegato a contratto da adibire ai servizi di assistente amministrativo dell\u2019Istituto Italiano di<\/p>\n<p>Cultura di Dakar Bando<\/p>\n<p><strong>AVVISO ASSUNZIONE 1 IMPIEGATO A CONTRATTO DA ADIBIRE AI SERVIZI DI ASSISTENTE AMMINISTRATIVO PRESSO L\u2019ISTITUTO ITALIANO DI CULTURA DI DAKAR<\/strong><\/p>\n<div>\n<p>L\u2019Ambasciata d\u2019Italia in Dakar rende noto che \u00e8 stato pubblicato un avviso di assunzione per n. 1 impiegato a contratto da adibire ai servizi di assistente amministrativo presso l\u2019Istituto Italiano di Cultura di Dakar.<\/p>\n<p>La scadenza per la presentazione delle candidature \u00e8 fissata entro e non oltre le ore 24.00 (locali) del 12 marzo 2020.<\/p>\n<p>Cliccare sul link di seguito per visualizzare\u00a0<a href=\"https:\/\/ambdakar.esteri.it\/Ambasciata_Dakar\/resource\/resource\/2020\/02\/avviso_assunzione.pdf\">l\u2019avviso di assunzione<\/a>\u00a0e scaricare il\u00a0<a href=\"https:\/\/ambdakar.esteri.it\/Ambasciata_Dakar\/resource\/resource\/2020\/02\/2._fac-simile_di_domanda_mod._02-1.pdf\">modulo di domanda<\/a>.<\/p>\n<\/div>\n<hr \/>\n<p>\u2013 Avviso di assunzione di un impiegato nel settore commerciale<\/p>\n<p>\u2013 Avviso di assunzione di un impiegato a contratto temporaneo\u00a0<a href=\"https:\/\/ambdakar.esteri.it\/wp-content\/uploads\/2023\/11\/avviso_temporaneo.pdf\">avviso_temporaneo<\/a><\/p>\n<p>\u2013 Avviso di assunzione di un impiegato a contratto da adibire ai servizi di collaboratore ammnistrativo nel settore contabilit\u00e0,<\/p>\n<p>manifestazioni culturali, traduzione pressol\u2019Istituto Italiano di Cultura\u00a0<a href=\"https:\/\/ambdakar.esteri.it\/wp-content\/uploads\/2023\/11\/avviso_assunzione_impiegato_collaboratore_amministrativo.pdf\">avviso_assunzione_impiegato_collaboratore_amministrativo<\/a><\/p>\n<p><a href=\"https:\/\/ambdakar.esteri.it\/wp-content\/uploads\/2023\/11\/2._fac-simile_di_domanda_mod._02-1.doc\">2._fac-simile_di_domanda_mod._02-1<\/a><\/p>\n<p>\u2013 Avviso di assunzione di un impiegato a contratto da adibire ai servizi di autista\/commesso\/centralinista presso<\/p>\n<p>l\u2019Istituto Italiano di Cultura\u00a0<a href=\"https:\/\/ambdakar.esteri.it\/wp-content\/uploads\/2023\/11\/avviso_assunzione_impiegato_commesso.pdf\">avviso_assunzione_impiegato_commesso<\/a><\/p>\n<p><a href=\"https:\/\/ambdakar.esteri.it\/wp-content\/uploads\/2023\/11\/2._fac-simile_di_domanda_mod._02-11.doc\">2._fac-simile_di_domanda_mod._02-1(1)<\/a><\/p>\n<p><strong>2018<\/strong><\/p>\n<p>\u2013 PROGRAMMA PACERSEN-BIS \u2013 Chef d\u2019\u00e9quipe\u00a0<a href=\"https:\/\/ambdakar.esteri.it\/wp-content\/uploads\/2023\/11\/chef_dequipe.pdf\">chef_dequipe<\/a><\/p>\n<p>Per i criteri di valutazione delle candidature, fare riferimento al punto 3 del bando<\/p>\n<p>\u2013 PROGRAMMA PACERSEN-BIS \u2013 Agent d\u2019Approvisionnement et Administratif\u00a0<a href=\"https:\/\/ambdakar.esteri.it\/wp-content\/uploads\/2023\/11\/agent_dapprovisionnement.pdf\">agent_dapprovisionnement<\/a><\/p>\n<p>Per i criteri di valutazione delle candidature, fare riferimento al punto 2 del bando<\/p>\n<p>\u2013 PROGRAMMA NEXUS \u2013 Assistent Passation des Marches et Administratif<\/p>\n<p>Per i criteri di valutazione delle candidature, fare riferimento al punto 3 del bando<\/p>\n<p>\u2013 PROGRAMMA NEXUS \u2013 Avviso di Selezione di Assistente in Appalti e Amministrazione\u00a0<a href=\"https:\/\/ambdakar.esteri.it\/ambasciata_dakar\/resource\/doc\/2018\/06\/program\">Bando<\/a><\/p>\n<p>\u2013 PROGRAMMA NEXUS \u2013 Pr\u00e9s\u00e9lection des cabinets pour les \u00e9tudes environnementales et \u00e9nerg\u00e9tiques dans les sites\u00a0\u00a0 i<\/p>\n<p>intervention prioritaires du programme WEFE-SENEGAL\u00a0<a href=\"https:\/\/ambdakar.esteri.it\/ambasciata_dakar\/resource\/doc\/2018\/06\/b1_ami_012\">Bando<\/a><\/p>\n<p>\u2013 PROGRAMMA PACERSEN BIS \u2013 Bandi di gara dell\u2019Agence Nationale d\u2019Insertion et de D\u00e9veloppement Agricole (ANIDA)<\/p>\n<p><a href=\"https:\/\/ambdakar.esteri.it\/wp-content\/uploads\/2023\/11\/dao_2_publication_lesoleil_25_008.pdf\">dao_2_publication_lesoleil_25_008<\/a><\/p>\n<p><img loading=\"lazy\" decoding=\"async\" class=\"alignnone size-medium wp-image-1016 img-fluid\" src=\"https:\/\/ambdakar.esteri.it\/wp-content\/uploads\/2023\/11\/le-soleil-300x212.png\" sizes=\"auto, (max-width: 300px) 100vw, 300px\" srcset=\"https:\/\/ambdakar.esteri.it\/wp-content\/uploads\/2023\/11\/le-soleil-300x212.png 300w, https:\/\/ambdakar.esteri.it\/wp-content\/uploads\/2023\/11\/le-soleil-1024x722.png 1024w, https:\/\/ambdakar.esteri.it\/wp-content\/uploads\/2023\/11\/le-soleil-768x541.png 768w, https:\/\/ambdakar.esteri.it\/wp-content\/uploads\/2023\/11\/le-soleil.png 1139w\" alt=\"\" width=\"300\" height=\"212\" \/><\/p>\n<p>\u2013 Avviso di assunzione di impiegati a contratto temporaneo\u00a0<a href=\"https:\/\/ambdakar.esteri.it\/ambasciata_dakar\/resource\/doc\/2018\/10\/avviso_assunzio\">Bando<\/a><\/p>\n<p><strong>2017<\/strong>\u00a0\u2013 Non risultano dati da pubblicare<\/p>\n<p><strong>2016<\/strong><\/p>\n<p>\u2013 Avviso di assunzione di impiegati a contratto da adibire al servizio commerciale\u00a0<a href=\"https:\/\/ambdakar.esteri.it\/wp-content\/uploads\/2023\/11\/avviso_di_assunzione_di_impiegati_a_contratto_da_adibire_al_servizio__commerciale.pdf\">avviso_di_assunzione_di_impiegati_a_contratto_da_adibire_al_servizio__commerciale<\/a><\/p>\n<p><strong>2015<\/strong><\/p>\n<p>\u2013 Avviso di assunzione di un impiegato a contratto a tempo indeterminato\u00a0<a href=\"https:\/\/ambdakar.esteri.it\/wp-content\/uploads\/2023\/11\/impiegati-a-contratto.pdf\">impiegati a contratto<\/a><\/p>\n<p><a title=\"Performance\" href=\"https:\/\/www.esteri.it\/it\/trasparenza_comunicazioni_legali\/Performance\/\">Performance<\/a><\/p>\n<p><a title=\"Enti controllati\" href=\"https:\/\/www.esteri.it\/it\/trasparenza_comunicazioni_legali\/Enti_controllati\/\">Enti controllati<\/a><\/p>\n<p><a href=\"https:\/\/www.esteri.it\/it\/trasparenza_comunicazioni_legali\/attivita_e_procedimenti\">Attivit\u00e0 e procedimenti<\/a><\/p>\n<ul>\n<li>Tipologie di procedimento\u00a0<em>(art. 35, c. 1, 2)<\/em><\/li>\n<\/ul>\n<p><a href=\"https:\/\/ambdakar.esteri.it\/ambasciata_dakar\/it\/ambasciata\/news\/dall_ambasciata\/2023\/04\/procedimenti-a-istanza-di-parte.html\">Procedimenti a istanza di parte<\/a><\/p>\n<div>\n<p>Procedimenti ad istanza di parte (art. 35 D.lgs. n. 33\/2013; art. 2, L. n. 241\/90)<\/p>\n<p>I termini indicati decorrono dalla data di effettiva accettazione delle istanze presentate secondo le specifiche modalit\u00e0 indicate.<\/p>\n<p>Ambasciata d\u2019Italia a Dakar \u2013 Cancelleria consolare<\/p>\n<p><a href=\"https:\/\/ambdakar.esteri.it\/wp-content\/uploads\/2023\/11\/tabella_procedimenti_a_istanza_di_parte_rev_16_3_2023.pdf\">tabella_procedimenti_a_istanza_di_parte_rev_16_3_2023<\/a><\/p>\n<p><a title=\"Provvedimenti\" href=\"https:\/\/www.esteri.it\/it\/trasparenza_comunicazioni_legali\/provvedimenti\">Provvedimenti<\/a><\/p>\n<p><a href=\"https:\/\/www.esteri.it\/it\/trasparenza_comunicazioni_legali\/controlli-sulle-imprese\">Controlli sulle imprese<\/a><\/p>\n<p><a href=\"https:\/\/ambdakar.esteri.it\/ambasciata_dakar\/it\/informazioni-e-servizi\/trasparenza-merito\/bandi-di-gara-e-contratti-ex-art.html\">Bandi di gara e contratti\u00a0<em>(ex art. 37)<\/em><\/a><\/p>\n<div>\n<p><strong>2016 \u2013 Esternalizzazione di servizi relativi allo svolgimento di attivit\u00e0 connesse al rilascio di visti di ingresso in Italia e legalizzazioni<\/strong><\/p>\n<ul>\n<li><a href=\"https:\/\/ambdakar.esteri.it\/wp-content\/uploads\/2023\/11\/determina_a_contrarre.pdf\">determina_a_contrarre<\/a><\/li>\n<li><a href=\"https:\/\/ambdakar.esteri.it\/wp-content\/uploads\/2023\/11\/contratto.pdf\">contratto<\/a><\/li>\n<li><a href=\"https:\/\/ambdakar.esteri.it\/wp-content\/uploads\/2023\/11\/determina_integrativa.pdf\">determina_integrativa<\/a><\/li>\n<li><a href=\"https:\/\/ambdakar.esteri.it\/wp-content\/uploads\/2023\/11\/atto_aggiuntivo_1.pdf\">atto_aggiuntivo_1<\/a><\/li>\n<li><a href=\"https:\/\/ambdakar.esteri.it\/wp-content\/uploads\/2023\/11\/atto_aggiuntivo_2.pdf\">atto_aggiuntivo_2<\/a><\/li>\n<li>Atto aggiuntivo 3:\u00a0<a href=\"https:\/\/ambdakar.esteri.it\/wp-content\/uploads\/2023\/11\/atto_agg_3_pag_1.pdf\">atto_agg_3_pag_1<\/a>\/\u00a0<a href=\"https:\/\/ambdakar.esteri.it\/wp-content\/uploads\/2023\/11\/atto_agg_3_pag_2.pdf\">atto_agg_3_pag_2<\/a>\/\u00a0<a href=\"https:\/\/ambdakar.esteri.it\/wp-content\/uploads\/2023\/11\/2.pdf\">2<\/a>\/\u00a0<a href=\"https:\/\/ambdakar.esteri.it\/wp-content\/uploads\/2023\/11\/5-6.pdf\">5 6<\/a>\/\u00a0<a href=\"https:\/\/ambdakar.esteri.it\/wp-content\/uploads\/2023\/11\/7-8.pdf\">7 8<\/a>\/\u00a0<a href=\"https:\/\/ambdakar.esteri.it\/wp-content\/uploads\/2023\/11\/9-10.pdf\">9 10<\/a><\/li>\n<li><a href=\"https:\/\/ambdakar.esteri.it\/wp-content\/uploads\/2023\/11\/atto_aggiuntivo_4.pdf\">atto_aggiuntivo_4<\/a><\/li>\n<li><a href=\"https:\/\/ambdakar.esteri.it\/wp-content\/uploads\/2023\/11\/atto_aggiuntivo_5.pdf\">atto_aggiuntivo_5<\/a><\/li>\n<\/ul>\n<p><a href=\"https:\/\/ambdakar.esteri.it\/wp-content\/uploads\/2023\/11\/bandi_di_gara_e_contratti_2017-2018-2019.pdf\">bandi_di_gara_e_contratti_2017-2018-2019<\/a><\/p>\n<p>Esternalizzazione di servizi relativi allo svolgimento di attivit\u00e0 connesse al rilascio di visti di ingresso in Italia e legalizzazioni.<\/p>\n<p><a href=\"https:\/\/ambdakar.esteri.it\/wp-content\/uploads\/2023\/11\/avviso_di_pre_informazione.pdf\">avviso_di_pre_informazione<\/a><\/p>\n<p>21.04.2022 \u2013 Pubblicazione documenti di gara:<\/p>\n<p><a href=\"https:\/\/ambdakar.esteri.it\/wp-content\/uploads\/2023\/11\/1._determina_a_contrarre_-_finale.pdf\">1._determina_a_contrarre_-_finale<\/a><\/p>\n<p><a href=\"https:\/\/ambdakar.esteri.it\/wp-content\/uploads\/2023\/11\/2_-_bando_di_gara_-_finale.pdf\">2_-_bando_di_gara_-_finale<\/a><\/p>\n<p><a href=\"https:\/\/ambdakar.esteri.it\/wp-content\/uploads\/2023\/11\/3_-__disciplinare_-_finale.pdf\">3_-__disciplinare_-_finale<\/a><\/p>\n<p><a href=\"https:\/\/ambdakar.esteri.it\/wp-content\/uploads\/2023\/11\/4_-__capitolato_tecnico_-_finale.pdf\">4_-__capitolato_tecnico_-_finale<\/a><\/p>\n<p><a href=\"https:\/\/ambdakar.esteri.it\/wp-content\/uploads\/2023\/11\/5_-_domanda_di_ammissione_-_finale.docx\">5_-_domanda_di_ammissione_-_finale<\/a><\/p>\n<p><a href=\"https:\/\/ambdakar.esteri.it\/wp-content\/uploads\/2023\/11\/6_-_modello_dgue_-_finale.docx\">6_-_modello_dgue_-_finale<\/a><\/p>\n<p><a href=\"https:\/\/ambdakar.esteri.it\/wp-content\/uploads\/2023\/11\/7_-_dichiarazioni_integrative_al_dgue_-_finale.docx\">7_-_dichiarazioni_integrative_al_dgue_-_finale<\/a><\/p>\n<p><a href=\"https:\/\/ambdakar.esteri.it\/wp-content\/uploads\/2023\/11\/8_-_contratto_-_finale.docx\">8_-_contratto_-_finale<\/a><\/p>\n<p><a href=\"https:\/\/ambdakar.esteri.it\/wp-content\/uploads\/2023\/11\/9_-_accordo_di_confidenzialit_-_finale.docx\">9_-_accordo_di_confidenzialit_-_finale<\/a><\/p>\n<p><a href=\"https:\/\/ambdakar.esteri.it\/wp-content\/uploads\/2023\/11\/10_-_lista_di_controllo_del_contenuto_delle_buste_-_finale.pdf\">10_-_lista_di_controllo_del_contenuto_delle_buste_-_finale<\/a><\/p>\n<p><a href=\"https:\/\/ambdakar.esteri.it\/wp-content\/uploads\/2023\/11\/Ricognizione-postazioni-stanze.xlsx\">Ricognizione postazioni stanze<\/a><\/p>\n<p><a href=\"https:\/\/ambdakar.esteri.it\/wp-content\/uploads\/2023\/11\/12_-_prospetto_riassuntivo_vfs_servizio_2021.pdf\">12_-_prospetto_riassuntivo_vfs_servizio_2021<\/a><\/p>\n<p><a href=\"https:\/\/ambdakar.esteri.it\/wp-content\/uploads\/2023\/11\/domande_e_risposte_13_giugno_20222.docx\">domande_e_risposte_13_giugno_2022(2)<\/a><\/p>\n<p><a href=\"https:\/\/ambdakar.esteri.it\/wp-content\/uploads\/2023\/11\/convocazione_prima_seduta_pubblica.pdf\">convocazione_prima_seduta_pubblica<\/a><\/p>\n<p><a href=\"https:\/\/ambdakar.esteri.it\/wp-content\/uploads\/2023\/11\/Immagine-scansionata-decreto_di_nomina_commissione.pdf\">Immagine scansionata \u2013 decreto_di_nomina_commissione<\/a><\/p>\n<p><a href=\"https:\/\/ambdakar.esteri.it\/wp-content\/uploads\/2023\/11\/Immagine-scansionata-convocazione_prima_seduta_pubblica.pdf\">Immagine scansionata \u2013 convocazione_prima_seduta_pubblica<\/a><\/p>\n<p><a href=\"https:\/\/ambdakar.esteri.it\/wp-content\/uploads\/2023\/11\/convocazione_seconda_seduta_pubblica_firmato.pdf\">convocazione_seconda_seduta_pubblica_firmato<\/a><\/p>\n<p><a href=\"https:\/\/ambdakar.esteri.it\/wp-content\/uploads\/2023\/11\/Immagine-scansionata-scheda_valutazione_offerta_tecnica-1.pdf\">Immagine scansionata \u2013 scheda_valutazione_offerta_tecnica<\/a><\/p>\n<p><a href=\"https:\/\/ambdakar.esteri.it\/wp-content\/uploads\/2023\/11\/Immagine-scansionata-verbale_seconda_seduta_pubblica-2.pdf\">Immagine scansionata \u2013 verbale_seconda_seduta_pubblica<\/a><\/p>\n<p><a href=\"https:\/\/ambdakar.esteri.it\/wp-content\/uploads\/2023\/11\/Immagine-scansionata-decreto_aggiudicazione.pdf\">Immagine scansionata \u2013 decreto_aggiudicazione<\/a><\/p>\n<p>20.04.2023 \u2013 Stipula del contratto con l\u2019aggiudicatario<\/p>\n<p>&nbsp;<\/p>\n<ul>\n<li><a title=\"Informazioni sulle singole procedure in formato tabellare \" href=\"https:\/\/www.esteri.it\/it\/trasparenza_comunicazioni_legali\/bandi-gara-contratti\/informazioni-sulle-singole-procedure\">Informazioni sulle singole procedure in formato tabellare<\/a><\/li>\n<li><a href=\"http:\/\/ambdakar.esteri.it\/ambasciata_dakar\/it\/informazioni-e-servizi\/trasparenza-merito\/sovvenzioni-contributi-sussidi.html\">Sovvenzioni, contributi, sussidi, vantaggi economici\u00a0<em>(ex art. 26 e 27)<\/em><\/a><\/li>\n<\/ul>\n<p><a href=\"https:\/\/ambdakar.esteri.it\/wp-content\/uploads\/2023\/11\/sussidi-2019_1.xls-sussidi_2019.pdf\">sussidi 2019_1.xls \u2013 sussidi_2019<\/a><\/p>\n<p><a href=\"https:\/\/ambdakar.esteri.it\/wp-content\/uploads\/2023\/11\/amministrazione_trasparente_2018_-_sussidi.pdf\">amministrazione_trasparente_2018_-_sussidi<\/a><\/p>\n<p><a href=\"https:\/\/ambdakar.esteri.it\/wp-content\/uploads\/2023\/11\/sussidi-2017_1.xls-sussidi_2017.pdf\">sussidi 2017_1.xls \u2013 sussidi_2017<\/a><\/p>\n<ul>\n<li><a title=\"Bilanci\" href=\"https:\/\/www.esteri.it\/it\/trasparenza_comunicazioni_legali\/bilanci\">Bilanci<\/a><\/li>\n<li><a href=\"https:\/\/www.esteri.it\/it\/trasparenza_comunicazioni_legali\/bilancio-trasparente\">Bilancio trasparente<\/a><\/li>\n<li><a title=\"Beni immobili e gestione patrimonio\" href=\"https:\/\/www.esteri.it\/it\/trasparenza_comunicazioni_legali\/beni_immobili_gestione_patrimonio\">Beni immobili e gestione patrimonio<\/a><\/li>\n<li><a title=\"Controlli e rilievi sull&amp;#39amministrazione\" href=\"https:\/\/www.esteri.it\/it\/trasparenza_comunicazioni_legali\/controlli-e-rilievi-sull-amministrazione\">Controlli e rilievi sull\u2019 amministrazione<\/a><\/li>\n<li><a title=\"Servizi erogati\" href=\"https:\/\/www.esteri.it\/it\/trasparenza_comunicazioni_legali\/servizi_erogati\">Servizi erogati<\/a><\/li>\n<li><a title=\"Pagamenti dell&amp;#39amministrazione\" href=\"https:\/\/www.esteri.it\/it\/trasparenza_comunicazioni_legali\/pagamenti%20amministrazione\">Pagamenti dell\u2019 amministrazione<\/a><\/li>\n<li><a href=\"https:\/\/www.esteri.it\/it\/trasparenza_comunicazioni_legali\/opere-pubbliche\">Opere pubbliche<\/a><\/li>\n<li><a href=\"https:\/\/www.esteri.it\/it\/trasparenza_comunicazioni_legali\/pianificazione_governo_territorio\">Pianificazione e governo del territorio<\/a><\/li>\n<li><a href=\"https:\/\/www.esteri.it\/it\/trasparenza_comunicazioni_legali\/informazioni_ambientali\">Informazioni ambientali<\/a><\/li>\n<li><a href=\"https:\/\/www.esteri.it\/it\/trasparenza_comunicazioni_legali\/interventi-straordinari-emergenza\">Interventi straordinari di emergenza<\/a><\/li>\n<li><a title=\"Altri contenuti\" href=\"https:\/\/www.esteri.it\/it\/trasparenza_comunicazioni_legali\/altri-contenuti-canale\">Altri contenuti<\/a><\/li>\n<\/ul>\n<p>&nbsp;<\/p>\n<\/div>\n<\/div>\n","protected":false},"excerpt":{"rendered":"Amministrazione Trasparente Gli uffici diplomatico-consolari all&amp;#39 estero costituiscono articolazioni periferiche del Ministero degli Affari Esteri e della Cooperazione Internazionale, che assicura la trasparenza dei propri dati attraverso la sezione \u201camministrazione trasparente\u201d del sito\u00a0www.esteri.it. Le sezioni della presente pagina rinviano in massima parte alle corrispondenti sezioni del sito dell&amp;#39 amministrazione centrale. Per approfondimenti visita il sito [&hellip;]","protected":false},"author":1,"featured_media":0,"parent":0,"menu_order":10,"comment_status":"closed","ping_status":"closed","template":"","meta":{"footnotes":""},"class_list":["post-208","page","type-page","status-publish","hentry"],"_links":{"self":[{"href":"https:\/\/ambdakar.esteri.it\/fr\/wp-json\/wp\/v2\/pages\/208","targetHints":{"allow":["GET"]}}],"collection":[{"href":"https:\/\/ambdakar.esteri.it\/fr\/wp-json\/wp\/v2\/pages"}],"about":[{"href":"https:\/\/ambdakar.esteri.it\/fr\/wp-json\/wp\/v2\/types\/page"}],"author":[{"embeddable":true,"href":"https:\/\/ambdakar.esteri.it\/fr\/wp-json\/wp\/v2\/users\/1"}],"replies":[{"embeddable":true,"href":"https:\/\/ambdakar.esteri.it\/fr\/wp-json\/wp\/v2\/comments?post=208"}],"version-history":[{"count":2,"href":"https:\/\/ambdakar.esteri.it\/fr\/wp-json\/wp\/v2\/pages\/208\/revisions"}],"predecessor-version":[{"id":1174,"href":"https:\/\/ambdakar.esteri.it\/fr\/wp-json\/wp\/v2\/pages\/208\/revisions\/1174"}],"wp:attachment":[{"href":"https:\/\/ambdakar.esteri.it\/fr\/wp-json\/wp\/v2\/media?parent=208"}],"curies":[{"name":"wp","href":"https:\/\/api.w.org\/{rel}","templated":true}]}}