{"id":5201,"date":"2026-04-03T10:36:09","date_gmt":"2026-04-03T10:36:09","guid":{"rendered":"https:\/\/ambdakar.esteri.it\/?page_id=5201"},"modified":"2026-04-03T10:36:09","modified_gmt":"2026-04-03T10:36:09","slug":"aire","status":"publish","type":"page","link":"https:\/\/ambdakar.esteri.it\/fr\/servizi-consolari-e-visti\/servizi-per-il-cittadino-italiano\/aire\/","title":{"rendered":"AIRE"},"content":{"rendered":"<p data-section-id=\"856mdh\" data-start=\"49\" data-end=\"64\"><strong>FORMULAIRES<\/strong><\/p>\n<p data-start=\"66\" data-end=\"119\"><a href=\"https:\/\/ambdakar.esteri.it\/wp-content\/uploads\/2025\/03\/ISCRIZIONE-AIRE.pdf\"><strong data-start=\"66\" data-end=\"119\">Documents n\u00e9cessaires pour l\u2019inscription \u00e0 l\u2019AIRE<\/strong><\/a><\/p>\n<ul data-start=\"121\" data-end=\"472\">\n<li><a href=\"https:\/\/ambdakar.esteri.it\/wp-content\/uploads\/2024\/02\/modulo-domanda-iscrizione-aire.doc\">Modulo di domanda iscrizione AIRE<\/a><\/li>\n<li><a class=\"focus--mouse\" href=\"https:\/\/ambdakar.esteri.it\/wp-content\/uploads\/2024\/02\/MODULO-DOMANDA-ISCRIZIONE-AIRE-MINORENNE.docx\" data-focus-mouse=\"true\">Modulo di domanda iscrizione AIRE per minorenni<\/a><\/li>\n<li><a href=\"https:\/\/ambdakar.esteri.it\/wp-content\/uploads\/2024\/02\/modulocambioindirizzo14-1.doc\">Modulo di variazione indirizzo (per connazionali gi\u00e0 iscritti AIRE)<\/a><\/li>\n<li><a href=\"https:\/\/ambdakar.esteri.it\/wp-content\/uploads\/2023\/11\/domanda_trasferimento_a_i_r_e_5-1.doc\">Modulo di cambio Comune italiano di iscrizione AIRE (per connazionali gi\u00e0 iscritti AIRE)<\/a><\/li>\n<li><a href=\"https:\/\/ambdakar.esteri.it\/wp-content\/uploads\/2025\/07\/Modulo-affidamento-di-residenza-1.pdf\">Modulo affidamento di residenza<\/a><\/li>\n<\/ul>\n<p data-section-id=\"nz794v\" data-start=\"479\" data-end=\"510\"><strong>COMMENT PRENDRE RENDEZ-VOUS<\/strong><\/p>\n<p data-start=\"512\" data-end=\"783\">Pour les citoyens majeurs, la demande doit \u00eatre effectu\u00e9e via le portail Fast.it.<br data-start=\"593\" data-end=\"596\" \/>Pour les citoyens mineurs, il convient de faire la demande directement aupr\u00e8s du Service de l\u2019\u00e9tat civil de l\u2019Ambassade (<a class=\"decorated-link cursor-pointer\" rel=\"noopener\" data-start=\"717\" data-end=\"749\">dakar.serviziconsolari@esteri.it<\/a> et <a class=\"decorated-link cursor-pointer\" rel=\"noopener\" data-start=\"753\" data-end=\"781\">consolato.ambdakar@esteri.it<\/a>).<\/p>\n<p data-section-id=\"ubt3g9\" data-start=\"790\" data-end=\"806\"><strong>INFORMATIONS<\/strong><\/p>\n<h4 data-start=\"808\" data-end=\"844\">Comment s\u2019inscrire \u00e0 l\u2019A.I.R.E.<\/h4>\n<p data-start=\"846\" data-end=\"1149\">L\u2019inscription \u00e0 l\u2019A.I.R.E. est effectu\u00e9e suite \u00e0 une d\u00e9claration faite par l\u2019int\u00e9ress\u00e9 aupr\u00e8s de l\u2019Ambassade \u00e0 Dakar dans les 90 jours suivant le transfert de r\u00e9sidence. Elle entra\u00eene simultan\u00e9ment la radiation du Registre de la population r\u00e9sidente (A.P.R.) de la commune d\u2019origine ou d\u2019une autre AIRE.<\/p>\n<p data-start=\"1151\" data-end=\"1252\">Pour entamer la proc\u00e9dure d\u2019inscription \u00e0 l\u2019AIRE, il faut \u00eatre en possession des documents suivants :<\/p>\n<ul data-start=\"1254\" data-end=\"1353\">\n<li data-section-id=\"13b3mxo\" data-start=\"1254\" data-end=\"1298\">passeport italien en cours de validit\u00e9 ;<\/li>\n<li data-section-id=\"1yr0grh\" data-start=\"1299\" data-end=\"1353\">preuve de r\u00e9sidence stable et l\u00e9gale \u00e0 l\u2019\u00e9tranger.<\/li>\n<\/ul>\n<p data-start=\"1355\" data-end=\"1622\">La demande d\u2019inscription, accompagn\u00e9e d\u2019une copie du passeport et des documents attestant la r\u00e9sidence stable \u00e0 l\u2019\u00e9tranger (par exemple contrat de travail, contrat de location), peut \u00eatre envoy\u00e9e \u00e0 :<br data-start=\"1554\" data-end=\"1557\" \/><a class=\"decorated-link cursor-pointer\" rel=\"noopener\" data-start=\"1557\" data-end=\"1589\">dakar.serviziconsolari@esteri.it<\/a> et <a class=\"decorated-link cursor-pointer\" rel=\"noopener\" data-start=\"1593\" data-end=\"1621\">consolato.ambdakar@esteri.it<\/a>.<\/p>\n<p data-start=\"1624\" data-end=\"1752\">L\u2019inscription peut \u00e9galement \u00eatre effectu\u00e9e d\u2019office, sur la base d\u2019informations port\u00e9es \u00e0 la connaissance du bureau consulaire.<\/p>\n<p data-start=\"1754\" data-end=\"1794\">L\u2019inscription \u00e0 l\u2019A.I.R.E. est gratuite.<\/p>\n<h4 data-start=\"1801\" data-end=\"1861\">Que se passe-t-il si l\u2019on ne s\u2019inscrit pas \u00e0 l\u2019A.I.R.E.<\/h4>\n<p data-start=\"1863\" data-end=\"2080\">L\u2019inscription \u00e0 l\u2019A.I.R.E. doit \u00eatre d\u00e9clar\u00e9e aupr\u00e8s du bureau consulaire comp\u00e9tent dans les 90 jours suivant le transfert de r\u00e9sidence et entra\u00eene la radiation de l\u2019A.P.R. de la commune d\u2019origine ou d\u2019une autre AIRE.<\/p>\n<p data-start=\"2082\" data-end=\"2493\">Toute personne ne respectant pas les obligations d\u2019enregistrement pr\u00e9vues par la loi du 24 d\u00e9cembre 1954 n\u00b0 1228, la loi du 27 octobre 1988 n\u00b0 470, ainsi que leurs r\u00e8glements d\u2019application, est passible de sanctions administratives p\u00e9cuniaires, conform\u00e9ment \u00e0 la loi du 30 d\u00e9cembre 2023 n\u00b0 213.<br data-start=\"2376\" data-end=\"2379\" \/>L\u2019autorit\u00e9 comp\u00e9tente pour constater et appliquer la sanction est la commune dans laquelle le citoyen est inscrit.<\/p>\n<p data-start=\"2495\" data-end=\"2765\">La proc\u00e9dure de constatation et de sanction est r\u00e9gie par la loi du 24 novembre 1981 n\u00b0 689, dont l\u2019article 1 dispose que :<br data-start=\"2618\" data-end=\"2621\" \/>\u00ab Nul ne peut \u00eatre soumis \u00e0 des sanctions administratives sans qu\u2019une loi entr\u00e9e en vigueur avant la commission de l\u2019infraction ne le pr\u00e9voie. \u00bb<\/p>\n<h4 data-start=\"2772\" data-end=\"2823\">La mise \u00e0 jour de l\u2019A.I.R.E. d\u00e9pend du citoyen<\/h4>\n<p data-start=\"2825\" data-end=\"2928\">L\u2019int\u00e9ress\u00e9 doit mettre \u00e0 jour ses donn\u00e9es sur Fast.it ou communiquer rapidement au bureau consulaire :<\/p>\n<ul data-start=\"2930\" data-end=\"3158\">\n<li data-section-id=\"15wiei2\" data-start=\"2930\" data-end=\"2991\">le transfert de sa r\u00e9sidence ou habitation \u00e0 l\u2019\u00e9tranger ;<\/li>\n<li data-section-id=\"1jdc333\" data-start=\"2992\" data-end=\"3116\">les changements d\u2019\u00e9tat civil afin de permettre leur transcription en Italie (mariage, naissance, divorce, d\u00e9c\u00e8s, etc.) ;<\/li>\n<li data-section-id=\"17iumd9\" data-start=\"3117\" data-end=\"3158\">la perte de la citoyennet\u00e9 italienne.<\/li>\n<\/ul>\n<p data-start=\"3160\" data-end=\"3551\">Les citoyens inscrits \u00e0 l\u2019AIRE qui rentrent d\u00e9finitivement en Italie doivent se pr\u00e9senter aupr\u00e8s de la commune italienne o\u00f9 ils souhaitent s\u2019\u00e9tablir afin de d\u00e9clarer leur nouvelle adresse.<br data-start=\"3348\" data-end=\"3351\" \/>\u00c0 la m\u00eame date, la commune proc\u00e9dera \u00e0 la radiation de l\u2019AIRE et \u00e0 l\u2019inscription \u00e0 l\u2019A.P.R. (registre de la population r\u00e9sidente). La commune informera officiellement le consulat de la date de retour.<\/p>\n<p data-start=\"3553\" data-end=\"3714\">Le d\u00e9faut de mise \u00e0 jour des informations, notamment en cas de changement d\u2019adresse, emp\u00eache le contact avec le citoyen et la r\u00e9ception des documents \u00e9lectoraux.<\/p>\n<p data-start=\"3716\" data-end=\"3835\">Il est important de communiquer une adresse correcte et compl\u00e8te conform\u00e9ment aux r\u00e8gles postales du pays de r\u00e9sidence.<\/p>\n<h4 data-start=\"3842\" data-end=\"3870\">Radiation de l\u2019A.I.R.E.<\/h4>\n<p data-start=\"3872\" data-end=\"3911\">La radiation de l\u2019A.I.R.E. intervient :<\/p>\n<ul data-start=\"3913\" data-end=\"4229\">\n<li data-section-id=\"1yh6ym1\" data-start=\"3913\" data-end=\"3993\">en cas d\u2019inscription \u00e0 l\u2019A.P.R. d\u2019une commune italienne (retour en Italie) ;<\/li>\n<li data-section-id=\"1c1tvss\" data-start=\"3994\" data-end=\"4049\">en cas de d\u00e9c\u00e8s, y compris d\u00e9clar\u00e9 judiciairement ;<\/li>\n<li data-section-id=\"1060vsd\" data-start=\"4050\" data-end=\"4180\">en cas d\u2019introuvabilit\u00e9 pr\u00e9sum\u00e9e (apr\u00e8s 100 ans ou deux v\u00e9rifications successives, ou adresse invalide sans nouvelle connue) ;<\/li>\n<li data-section-id=\"519rnv\" data-start=\"4181\" data-end=\"4229\">en cas de perte de la citoyennet\u00e9 italienne.<\/li>\n<\/ul>\n<h4 data-start=\"4236\" data-end=\"4280\">Pour les personnes en s\u00e9jour temporaire<\/h4>\n<p data-start=\"4282\" data-end=\"4533\">Il est recommand\u00e9 aux personnes se trouvant temporairement au S\u00e9n\u00e9gal, au Cap-Vert, en Gambie, en Guin\u00e9e, en Guin\u00e9e-Bissau ou au Mali, et qui ne doivent donc pas s\u2019inscrire \u00e0 l\u2019AIRE, de signaler leur pr\u00e9sence sur le portail \u00ab Dove siamo nel Mondo \u00bb.<\/p>\n","protected":false},"excerpt":{"rendered":"FORMULAIRES Documents n\u00e9cessaires pour l\u2019inscription \u00e0 l\u2019AIRE Modulo di domanda iscrizione AIRE Modulo di domanda iscrizione AIRE per minorenni Modulo di variazione indirizzo (per connazionali gi\u00e0 iscritti AIRE) Modulo di cambio Comune italiano di iscrizione AIRE (per connazionali gi\u00e0 iscritti AIRE) Modulo affidamento di residenza COMMENT PRENDRE RENDEZ-VOUS Pour les citoyens majeurs, la demande doit [&hellip;]","protected":false},"author":9,"featured_media":0,"parent":189,"menu_order":1,"comment_status":"closed","ping_status":"closed","template":"","meta":{"footnotes":""},"class_list":["post-5201","page","type-page","status-publish","hentry"],"_links":{"self":[{"href":"https:\/\/ambdakar.esteri.it\/fr\/wp-json\/wp\/v2\/pages\/5201","targetHints":{"allow":["GET"]}}],"collection":[{"href":"https:\/\/ambdakar.esteri.it\/fr\/wp-json\/wp\/v2\/pages"}],"about":[{"href":"https:\/\/ambdakar.esteri.it\/fr\/wp-json\/wp\/v2\/types\/page"}],"author":[{"embeddable":true,"href":"https:\/\/ambdakar.esteri.it\/fr\/wp-json\/wp\/v2\/users\/9"}],"replies":[{"embeddable":true,"href":"https:\/\/ambdakar.esteri.it\/fr\/wp-json\/wp\/v2\/comments?post=5201"}],"version-history":[{"count":1,"href":"https:\/\/ambdakar.esteri.it\/fr\/wp-json\/wp\/v2\/pages\/5201\/revisions"}],"predecessor-version":[{"id":5202,"href":"https:\/\/ambdakar.esteri.it\/fr\/wp-json\/wp\/v2\/pages\/5201\/revisions\/5202"}],"up":[{"embeddable":true,"href":"https:\/\/ambdakar.esteri.it\/fr\/wp-json\/wp\/v2\/pages\/189"}],"wp:attachment":[{"href":"https:\/\/ambdakar.esteri.it\/fr\/wp-json\/wp\/v2\/media?parent=5201"}],"curies":[{"name":"wp","href":"https:\/\/api.w.org\/{rel}","templated":true}]}}