{"id":5209,"date":"2026-04-03T10:43:51","date_gmt":"2026-04-03T10:43:51","guid":{"rendered":"https:\/\/ambdakar.esteri.it\/?page_id=5209"},"modified":"2026-04-03T10:43:51","modified_gmt":"2026-04-03T10:43:51","slug":"adoptions","status":"publish","type":"page","link":"https:\/\/ambdakar.esteri.it\/fr\/servizi-consolari-e-visti\/servizi-per-il-cittadino-italiano\/adoptions\/","title":{"rendered":"Adoptions"},"content":{"rendered":"<p data-start=\"55\" data-end=\"371\">Les adoptions internationales sont r\u00e9gies par la loi n\u00b0 183\/84, telle que modifi\u00e9e par la loi n\u00b0 476\/98 portant \u00ab ratification et ex\u00e9cution de la Convention pour la protection des enfants et la coop\u00e9ration en mati\u00e8re d\u2019adoption internationale, conclue \u00e0 La Haye le 29 mai 1993 \u00bb, ainsi que par la loi n\u00b0 149 de 2001.<\/p>\n<p data-start=\"373\" data-end=\"924\">La Convention de La Haye a pour objectif principal d\u2019\u00e9tablir des garanties afin que les adoptions internationales se d\u00e9roulent dans l\u2019int\u00e9r\u00eat sup\u00e9rieur de l\u2019enfant et dans le respect des droits qui lui sont reconnus au niveau international, de mettre en place un syst\u00e8me de coop\u00e9ration entre les \u00c9tats contractants afin d\u2019assurer le respect de ces garanties, ainsi que de pr\u00e9venir l\u2019enl\u00e8vement, la vente ou la traite d\u2019enfants. Les \u00c9tats membres sont consultables \u00e0 l\u2019adresse suivante :<br data-start=\"859\" data-end=\"862\" \/><a class=\"decorated-link\" href=\"http:\/\/www.hcch.net\/index_en.php?act=conventions.status&amp;cid=69\" target=\"_new\" rel=\"noopener\" data-start=\"862\" data-end=\"924\">http:\/\/www.hcch.net\/index_en.php?act=conventions.status&amp;cid=69<\/a><\/p>\n<p data-start=\"926\" data-end=\"1108\">Pour toute information relative \u00e0 la proc\u00e9dure \u00e0 suivre pour adopter un enfant \u00e9tranger, il est possible de consulter le site web de la Commission pour les adoptions internationales.<\/p>\n<p data-section-id=\"1qhkjiq\" data-start=\"1115\" data-end=\"1147\"><strong>Entr\u00e9e de l\u2019enfant en Italie<\/strong><\/p>\n<p data-start=\"1149\" data-end=\"1526\">Pour pouvoir entrer en Italie, l\u2019enfant adopt\u00e9 doit \u00eatre muni d\u2019un visa d\u2019entr\u00e9e pour adoption, appos\u00e9 sur le passeport \u00e9tranger d\u00e9livr\u00e9 par le pays d\u2019origine.<br data-start=\"1308\" data-end=\"1311\" \/>Pour l\u2019octroi du visa par le r\u00e9seau diplomatique et consulaire, il est n\u00e9cessaire que l\u2019autorisation d\u2019entr\u00e9e et de s\u00e9jour en Italie de l\u2019enfant ait \u00e9t\u00e9 d\u00e9livr\u00e9e par la Commission pour les adoptions internationales.<\/p>\n<p data-start=\"1528\" data-end=\"1719\">La demande de visa est trait\u00e9e dans les plus brefs d\u00e9lais afin de r\u00e9pondre aux besoins du couple. Toutefois, la d\u00e9livrance effective du visa reste soumise aux d\u00e9lais techniques de traitement.<\/p>\n<p data-start=\"1721\" data-end=\"2074\">Conform\u00e9ment \u00e0 l\u2019article 33 de la loi n\u00b0 184 de 1983, tel que modifi\u00e9 par la loi n\u00b0 476 de 1998, les autorit\u00e9s consulaires ne peuvent d\u00e9livrer de visa d\u2019entr\u00e9e sur le territoire italien \u00e0 des mineurs \u00e9trangers en vue d\u2019une adoption en dehors des cas pr\u00e9vus par la loi et sans l\u2019autorisation pr\u00e9alable de la Commission pour les adoptions internationales.<\/p>\n<p data-start=\"2076\" data-end=\"2179\">Une fois entr\u00e9 en Italie, le mineur re\u00e7oit de la Questura comp\u00e9tente un permis de s\u00e9jour pour adoption.<\/p>\n<p data-section-id=\"11bi9nx\" data-start=\"2186\" data-end=\"2243\"><strong>Acquisition de la citoyennet\u00e9 italienne par le mineur<\/strong><\/p>\n<p data-start=\"2245\" data-end=\"2508\">La proc\u00e9dure d\u2019adoption s\u2019ach\u00e8ve avec l\u2019ordre du Tribunal pour mineurs de transcrire la d\u00e9cision d\u2019adoption dans les registres de l\u2019\u00e9tat civil.<br data-start=\"2388\" data-end=\"2391\" \/>Avec cette transcription, le mineur acquiert la citoyennet\u00e9 italienne (article 34, point 3 de la loi n\u00b0 476 de 1998).<\/p>\n<p data-section-id=\"1o48yjc\" data-start=\"2515\" data-end=\"2574\"><strong>Adoption par des couples italiens r\u00e9sidant \u00e0 l\u2019\u00e9tranger<\/strong><\/p>\n<p data-start=\"2576\" data-end=\"3004\">L\u2019adoption prononc\u00e9e par l\u2019autorit\u00e9 comp\u00e9tente d\u2019un pays \u00e9tranger \u00e0 la demande de citoyens italiens, qui d\u00e9montrent avoir r\u00e9sid\u00e9 de mani\u00e8re continue dans ce pays pendant au moins deux ans au moment de la d\u00e9cision, est reconnue de plein droit en Italie par le Tribunal pour mineurs, \u00e0 condition qu\u2019elle soit conforme aux principes de la Convention (article 36 de la loi n\u00b0 184 de 1983, telle que modifi\u00e9e par la loi n\u00b0 476\/1998).<\/p>\n<p data-start=\"3006\" data-end=\"3152\">Le Tribunal pour mineurs comp\u00e9tent est celui du lieu de la derni\u00e8re r\u00e9sidence du couple ou, s\u2019il est impossible de la d\u00e9terminer, celui de Rome.<\/p>\n","protected":false},"excerpt":{"rendered":"Les adoptions internationales sont r\u00e9gies par la loi n\u00b0 183\/84, telle que modifi\u00e9e par la loi n\u00b0 476\/98 portant \u00ab ratification et ex\u00e9cution de la Convention pour la protection des enfants et la coop\u00e9ration en mati\u00e8re d\u2019adoption internationale, conclue \u00e0 La Haye le 29 mai 1993 \u00bb, ainsi que par la loi n\u00b0 149 de [&hellip;]","protected":false},"author":9,"featured_media":0,"parent":189,"menu_order":10,"comment_status":"closed","ping_status":"closed","template":"","meta":{"footnotes":""},"class_list":["post-5209","page","type-page","status-publish","hentry"],"_links":{"self":[{"href":"https:\/\/ambdakar.esteri.it\/fr\/wp-json\/wp\/v2\/pages\/5209","targetHints":{"allow":["GET"]}}],"collection":[{"href":"https:\/\/ambdakar.esteri.it\/fr\/wp-json\/wp\/v2\/pages"}],"about":[{"href":"https:\/\/ambdakar.esteri.it\/fr\/wp-json\/wp\/v2\/types\/page"}],"author":[{"embeddable":true,"href":"https:\/\/ambdakar.esteri.it\/fr\/wp-json\/wp\/v2\/users\/9"}],"replies":[{"embeddable":true,"href":"https:\/\/ambdakar.esteri.it\/fr\/wp-json\/wp\/v2\/comments?post=5209"}],"version-history":[{"count":1,"href":"https:\/\/ambdakar.esteri.it\/fr\/wp-json\/wp\/v2\/pages\/5209\/revisions"}],"predecessor-version":[{"id":5212,"href":"https:\/\/ambdakar.esteri.it\/fr\/wp-json\/wp\/v2\/pages\/5209\/revisions\/5212"}],"up":[{"embeddable":true,"href":"https:\/\/ambdakar.esteri.it\/fr\/wp-json\/wp\/v2\/pages\/189"}],"wp:attachment":[{"href":"https:\/\/ambdakar.esteri.it\/fr\/wp-json\/wp\/v2\/media?parent=5209"}],"curies":[{"name":"wp","href":"https:\/\/api.w.org\/{rel}","templated":true}]}}