{"id":5215,"date":"2026-04-03T10:46:01","date_gmt":"2026-04-03T10:46:01","guid":{"rendered":"https:\/\/ambdakar.esteri.it\/?page_id=5215"},"modified":"2026-04-03T10:47:05","modified_gmt":"2026-04-03T10:47:05","slug":"declarations-de-valeur","status":"publish","type":"page","link":"https:\/\/ambdakar.esteri.it\/fr\/servizi-consolari-e-visti\/servizi-per-il-cittadino-italiano\/declarations-de-valeur\/","title":{"rendered":"D\u00e9clarations de valeur"},"content":{"rendered":"<p data-section-id=\"856mdh\" data-start=\"68\" data-end=\"83\"><strong>FORMULAIRES<\/strong><\/p>\n<ul>\n<li><a href=\"https:\/\/ambdakar.esteri.it\/wp-content\/uploads\/2026\/01\/RICHIESTA-DICHIARAZIONE-DI-VALORE-1.pdf\">Lista di documenti per dichiarazione di valore ITA<\/a><\/li>\n<li><a class=\"focus--mouse\" href=\"https:\/\/ambdakar.esteri.it\/wp-content\/uploads\/2026\/01\/DEMANDE-DE-DECLARATION-DE-VALEUR-1.pdf\" data-focus-mouse=\"true\">Liste de documents pour declaration_de_valeur FRA<\/a><\/li>\n<li><a href=\"https:\/\/ambdakar.esteri.it\/wp-content\/uploads\/2026\/01\/REQUEST-FOR-DECLARATION-OF-VALUE-1.pdf\">Documents for declaration_of_value ENG<\/a><\/li>\n<li><a href=\"https:\/\/ambdakar.esteri.it\/wp-content\/uploads\/2023\/11\/richiesta_dv.fr_-1.doc\">Modulo richiesta<\/a>\u00a0\/\u00a0<a href=\"https:\/\/ambdakar.esteri.it\/wp-content\/uploads\/2023\/11\/richiesta_dv.fr1_-1.doc\">Formulaire de demande<\/a>\/\u00a0<a href=\"https:\/\/ambdakar.esteri.it\/wp-content\/uploads\/2023\/11\/request_for_dv.eng_-1.doc\">Request form<\/a><\/li>\n<\/ul>\n<p data-section-id=\"nz794v\" data-start=\"287\" data-end=\"318\"><strong>COMMENT PRENDRE RENDEZ-VOUS<\/strong><\/p>\n<p data-start=\"320\" data-end=\"452\" data-is-last-node=\"\" data-is-only-node=\"\">La demande doit \u00eatre pr\u00e9sent\u00e9e via la plateforme Prenotami.<br data-start=\"379\" data-end=\"382\" \/>\u00c0 d\u00e9faut, il est possible d\u2019\u00e9crire \u00e0 : <a class=\"decorated-link cursor-pointer\" rel=\"noopener\" data-start=\"421\" data-end=\"451\">dakar.legalizzazioni@esteri.it<\/a>.<\/p>\n","protected":false},"excerpt":{"rendered":"FORMULAIRES Lista di documenti per dichiarazione di valore ITA Liste de documents pour declaration_de_valeur FRA Documents for declaration_of_value ENG Modulo richiesta\u00a0\/\u00a0Formulaire de demande\/\u00a0Request form COMMENT PRENDRE RENDEZ-VOUS La demande doit \u00eatre pr\u00e9sent\u00e9e via la plateforme Prenotami.\u00c0 d\u00e9faut, il est possible d\u2019\u00e9crire \u00e0 : dakar.legalizzazioni@esteri.it.","protected":false},"author":9,"featured_media":0,"parent":189,"menu_order":6,"comment_status":"closed","ping_status":"closed","template":"","meta":{"footnotes":""},"class_list":["post-5215","page","type-page","status-publish","hentry"],"_links":{"self":[{"href":"https:\/\/ambdakar.esteri.it\/fr\/wp-json\/wp\/v2\/pages\/5215","targetHints":{"allow":["GET"]}}],"collection":[{"href":"https:\/\/ambdakar.esteri.it\/fr\/wp-json\/wp\/v2\/pages"}],"about":[{"href":"https:\/\/ambdakar.esteri.it\/fr\/wp-json\/wp\/v2\/types\/page"}],"author":[{"embeddable":true,"href":"https:\/\/ambdakar.esteri.it\/fr\/wp-json\/wp\/v2\/users\/9"}],"replies":[{"embeddable":true,"href":"https:\/\/ambdakar.esteri.it\/fr\/wp-json\/wp\/v2\/comments?post=5215"}],"version-history":[{"count":2,"href":"https:\/\/ambdakar.esteri.it\/fr\/wp-json\/wp\/v2\/pages\/5215\/revisions"}],"predecessor-version":[{"id":5220,"href":"https:\/\/ambdakar.esteri.it\/fr\/wp-json\/wp\/v2\/pages\/5215\/revisions\/5220"}],"up":[{"embeddable":true,"href":"https:\/\/ambdakar.esteri.it\/fr\/wp-json\/wp\/v2\/pages\/189"}],"wp:attachment":[{"href":"https:\/\/ambdakar.esteri.it\/fr\/wp-json\/wp\/v2\/media?parent=5215"}],"curies":[{"name":"wp","href":"https:\/\/api.w.org\/{rel}","templated":true}]}}