{"id":5239,"date":"2026-04-10T15:44:57","date_gmt":"2026-04-10T15:44:57","guid":{"rendered":"https:\/\/ambdakar.esteri.it\/?page_id=5239"},"modified":"2026-04-10T15:44:57","modified_gmt":"2026-04-10T15:44:57","slug":"liste-des-traducteurs-avocats-notaires-et-organismes-de-patronage-connus","status":"publish","type":"page","link":"https:\/\/ambdakar.esteri.it\/fr\/servizi-consolari-e-visti\/servizi-per-il-cittadino-italiano\/liste-des-traducteurs-avocats-notaires-et-organismes-de-patronage-connus\/","title":{"rendered":"Liste des traducteurs, avocats, notaires et organismes de patronage connus"},"content":{"rendered":"<p>Sont pr\u00e9sent\u00e9es ci-dessous les listes de traducteurs, avocats, notaires et organismes de patronage connus de cette Ambassade, qui ont demand\u00e9 \u00e0 y \u00eatre inscrits. Aucun de ces professionnels n\u2019est li\u00e9 \u00e0 l\u2019Ambassade par une quelconque forme de collaboration et les usagers sont libres de recourir \u00e0 des prestataires ne figurant pas sur ces listes.<\/p>\n<ul>\n<li><a href=\"https:\/\/ambdakar.esteri.it\/wp-content\/uploads\/2024\/02\/Elenco-patronati-agg-2024.doc\">Elenco patronati noti in Senegal\u00a0<\/a>(agg. 2025)<\/li>\n<li><a href=\"https:\/\/ambdakar.esteri.it\/wp-content\/uploads\/2026\/01\/Senegal-traduttori.pdf\">Elenco traduttori noti in Senegal\u00a0<\/a>(agg. 2026)<\/li>\n<li><a href=\"https:\/\/ambdakar.esteri.it\/wp-content\/uploads\/2026\/02\/LISTA-TRADUTTORI-NOTI-CPV.pdf\">Elenco traduttori noti a Capo Verde<\/a>\u00a0(agg. 2026)<\/li>\n<li><a href=\"https:\/\/ambdakar.esteri.it\/wp-content\/uploads\/2025\/03\/Elenco-avvocati-noti-Dakar-2025-1.doc\">Elenco avvocati noti in Senegal\u00a0<\/a>\u00a0(agg. 2025)<\/li>\n<li><a href=\"https:\/\/ambdakar.esteri.it\/wp-content\/uploads\/2025\/03\/Elenco-notai-noti-Dakar-2025.doc\">Elenco notai noti in Senegal<\/a>\u00a0(agg. 2025)<\/li>\n<\/ul>\n","protected":false},"excerpt":{"rendered":"Sont pr\u00e9sent\u00e9es ci-dessous les listes de traducteurs, avocats, notaires et organismes de patronage connus de cette Ambassade, qui ont demand\u00e9 \u00e0 y \u00eatre inscrits. Aucun de ces professionnels n\u2019est li\u00e9 \u00e0 l\u2019Ambassade par une quelconque forme de collaboration et les usagers sont libres de recourir \u00e0 des prestataires ne figurant pas sur ces listes. Elenco [&hellip;]","protected":false},"author":9,"featured_media":0,"parent":189,"menu_order":0,"comment_status":"closed","ping_status":"closed","template":"","meta":{"footnotes":""},"class_list":["post-5239","page","type-page","status-publish","hentry"],"_links":{"self":[{"href":"https:\/\/ambdakar.esteri.it\/fr\/wp-json\/wp\/v2\/pages\/5239","targetHints":{"allow":["GET"]}}],"collection":[{"href":"https:\/\/ambdakar.esteri.it\/fr\/wp-json\/wp\/v2\/pages"}],"about":[{"href":"https:\/\/ambdakar.esteri.it\/fr\/wp-json\/wp\/v2\/types\/page"}],"author":[{"embeddable":true,"href":"https:\/\/ambdakar.esteri.it\/fr\/wp-json\/wp\/v2\/users\/9"}],"replies":[{"embeddable":true,"href":"https:\/\/ambdakar.esteri.it\/fr\/wp-json\/wp\/v2\/comments?post=5239"}],"version-history":[{"count":1,"href":"https:\/\/ambdakar.esteri.it\/fr\/wp-json\/wp\/v2\/pages\/5239\/revisions"}],"predecessor-version":[{"id":5242,"href":"https:\/\/ambdakar.esteri.it\/fr\/wp-json\/wp\/v2\/pages\/5239\/revisions\/5242"}],"up":[{"embeddable":true,"href":"https:\/\/ambdakar.esteri.it\/fr\/wp-json\/wp\/v2\/pages\/189"}],"wp:attachment":[{"href":"https:\/\/ambdakar.esteri.it\/fr\/wp-json\/wp\/v2\/media?parent=5239"}],"curies":[{"name":"wp","href":"https:\/\/api.w.org\/{rel}","templated":true}]}}