{"id":569,"date":"2023-11-17T15:54:03","date_gmt":"2023-11-17T15:54:03","guid":{"rendered":"https:\/\/ambdakar.esteri.it\/servizi-consolari-e-visti\/servizi-per-il-cittadino-straniero\/visti\/turismo\/"},"modified":"2023-11-21T13:23:51","modified_gmt":"2023-11-21T13:23:51","slug":"turismo","status":"publish","type":"page","link":"https:\/\/ambdakar.esteri.it\/fr\/servizi-consolari-e-visti\/servizi-per-il-cittadino-straniero\/visti\/turismo\/","title":{"rendered":"Tourisme"},"content":{"rendered":"<p>Le visa touristique permet l&rsquo;entr\u00e9e en Italie et dans l&rsquo;espace Schengen, pour un court s\u00e9jour d&rsquo;une dur\u00e9e maximale de 90 jours par 180 jours, aux \u00e9trangers qui ont l&rsquo;intention de voyager \u00e0 des fins touristiques.<\/p>\n<p>Pour faire une demande, il est n\u00e9cessaire de pr\u00e9senter le\u00a0<a href=\"https:\/\/ambdakar.esteri.it\/wp-content\/uploads\/2023\/11\/nuovo_modulo_domanda_visto_uniforme_fr_.docx\">formulaire<\/a>\u00a0rempli et sign\u00e9, ainsi que les documents contenus dans la\u00a0<a href=\"https:\/\/ambdakar.esteri.it\/wp-content\/uploads\/2023\/11\/visa_tourisme_fr-1.docx\">check-list<\/a>\u00a0bas\u00e9e sur la liste harmonis\u00e9e convenue par les pays Schengen\u00a0 (pour consulter la liste harmonis\u00e9e, cliquez\u00a0<a href=\"https:\/\/ambdakar.esteri.it\/wp-content\/uploads\/2023\/11\/lista_armonizzata_en.pdf\">ici<\/a>).<\/p>\n","protected":false},"excerpt":{"rendered":"Le visa touristique permet l&rsquo;entr\u00e9e en Italie et dans l&rsquo;espace Schengen, pour un court s\u00e9jour d&rsquo;une dur\u00e9e maximale de 90 jours par 180 jours, aux \u00e9trangers qui ont l&rsquo;intention de voyager \u00e0 des fins touristiques. Pour faire une demande, il est n\u00e9cessaire de pr\u00e9senter le\u00a0formulaire\u00a0rempli et sign\u00e9, ainsi que les documents contenus dans la\u00a0check-list\u00a0bas\u00e9e sur [&hellip;]","protected":false},"author":1,"featured_media":0,"parent":144,"menu_order":0,"comment_status":"closed","ping_status":"closed","template":"","meta":{"footnotes":""},"class_list":["post-569","page","type-page","status-publish","hentry"],"_links":{"self":[{"href":"https:\/\/ambdakar.esteri.it\/fr\/wp-json\/wp\/v2\/pages\/569","targetHints":{"allow":["GET"]}}],"collection":[{"href":"https:\/\/ambdakar.esteri.it\/fr\/wp-json\/wp\/v2\/pages"}],"about":[{"href":"https:\/\/ambdakar.esteri.it\/fr\/wp-json\/wp\/v2\/types\/page"}],"author":[{"embeddable":true,"href":"https:\/\/ambdakar.esteri.it\/fr\/wp-json\/wp\/v2\/users\/1"}],"replies":[{"embeddable":true,"href":"https:\/\/ambdakar.esteri.it\/fr\/wp-json\/wp\/v2\/comments?post=569"}],"version-history":[{"count":1,"href":"https:\/\/ambdakar.esteri.it\/fr\/wp-json\/wp\/v2\/pages\/569\/revisions"}],"predecessor-version":[{"id":576,"href":"https:\/\/ambdakar.esteri.it\/fr\/wp-json\/wp\/v2\/pages\/569\/revisions\/576"}],"up":[{"embeddable":true,"href":"https:\/\/ambdakar.esteri.it\/fr\/wp-json\/wp\/v2\/pages\/144"}],"wp:attachment":[{"href":"https:\/\/ambdakar.esteri.it\/fr\/wp-json\/wp\/v2\/media?parent=569"}],"curies":[{"name":"wp","href":"https:\/\/api.w.org\/{rel}","templated":true}]}}