{"id":579,"date":"2023-11-17T15:55:31","date_gmt":"2023-11-17T15:55:31","guid":{"rendered":"https:\/\/ambdakar.esteri.it\/servizi-consolari-e-visti\/servizi-per-il-cittadino-straniero\/visti\/affari\/"},"modified":"2023-11-21T13:25:53","modified_gmt":"2023-11-21T13:25:53","slug":"affari","status":"publish","type":"page","link":"https:\/\/ambdakar.esteri.it\/fr\/servizi-consolari-e-visti\/servizi-per-il-cittadino-straniero\/visti\/affari\/","title":{"rendered":"Affaires"},"content":{"rendered":"<p>Le visa d&rsquo;affaires permet aux \u00e9trangers ayant l&rsquo;intention de voyager \u00e0 des fins professionnelles d&rsquo;entrer en Italie et dans l&rsquo;espace Schengen pour un court s\u00e9jour d&rsquo;une dur\u00e9e maximale de 90 jours par tranche de 180 jours.<\/p>\n<p>Pour faire une demande, il est n\u00e9cessaire de soumettre le\u00a0<a href=\"https:\/\/ambdakar.esteri.it\/wp-content\/uploads\/2023\/11\/nuovo_modulo_domanda_visto_uniforme_fr_.docx\">formulaire<\/a>\u00a0rempli et sign\u00e9, ainsi que les documents contenus dans la\u00a0<a href=\"https:\/\/ambdakar.esteri.it\/wp-content\/uploads\/2023\/11\/visa_affaires_fr.docx\">check-list<\/a>\u00a0bas\u00e9e sur la liste harmonis\u00e9e convenue par les pays Schengen (pour consulter la liste harmonis\u00e9e, cliquez\u00a0<a href=\"https:\/\/ambdakar.esteri.it\/wp-content\/uploads\/2023\/11\/lista_armonizzata_it-1.pdf\">ici<\/a>).<\/p>\n<p>Pour les lettres d&rsquo;invitation des entreprises en Italie, veuillez utiliser le formulaire suivant.<\/p>\n<p>Dans le cas de voyages mixtes affaires\/tourisme, o\u00f9 le but du voyage est le tourisme, vous serez reconnaissant de fournir une preuve d&rsquo;h\u00e9bergement dans la documentation, qui n&rsquo;est pas requise pour la partie affaires du voyage.<\/p>\n","protected":false},"excerpt":{"rendered":"Le visa d&rsquo;affaires permet aux \u00e9trangers ayant l&rsquo;intention de voyager \u00e0 des fins professionnelles d&rsquo;entrer en Italie et dans l&rsquo;espace Schengen pour un court s\u00e9jour d&rsquo;une dur\u00e9e maximale de 90 jours par tranche de 180 jours. Pour faire une demande, il est n\u00e9cessaire de soumettre le\u00a0formulaire\u00a0rempli et sign\u00e9, ainsi que les documents contenus dans la\u00a0check-list\u00a0bas\u00e9e [&hellip;]","protected":false},"author":1,"featured_media":0,"parent":144,"menu_order":2,"comment_status":"closed","ping_status":"closed","template":"","meta":{"footnotes":""},"class_list":["post-579","page","type-page","status-publish","hentry"],"_links":{"self":[{"href":"https:\/\/ambdakar.esteri.it\/fr\/wp-json\/wp\/v2\/pages\/579","targetHints":{"allow":["GET"]}}],"collection":[{"href":"https:\/\/ambdakar.esteri.it\/fr\/wp-json\/wp\/v2\/pages"}],"about":[{"href":"https:\/\/ambdakar.esteri.it\/fr\/wp-json\/wp\/v2\/types\/page"}],"author":[{"embeddable":true,"href":"https:\/\/ambdakar.esteri.it\/fr\/wp-json\/wp\/v2\/users\/1"}],"replies":[{"embeddable":true,"href":"https:\/\/ambdakar.esteri.it\/fr\/wp-json\/wp\/v2\/comments?post=579"}],"version-history":[{"count":1,"href":"https:\/\/ambdakar.esteri.it\/fr\/wp-json\/wp\/v2\/pages\/579\/revisions"}],"predecessor-version":[{"id":585,"href":"https:\/\/ambdakar.esteri.it\/fr\/wp-json\/wp\/v2\/pages\/579\/revisions\/585"}],"up":[{"embeddable":true,"href":"https:\/\/ambdakar.esteri.it\/fr\/wp-json\/wp\/v2\/pages\/144"}],"wp:attachment":[{"href":"https:\/\/ambdakar.esteri.it\/fr\/wp-json\/wp\/v2\/media?parent=579"}],"curies":[{"name":"wp","href":"https:\/\/api.w.org\/{rel}","templated":true}]}}