{"id":588,"date":"2023-11-17T15:56:45","date_gmt":"2023-11-17T15:56:45","guid":{"rendered":"https:\/\/ambdakar.esteri.it\/servizi-consolari-e-visti\/servizi-per-il-cittadino-straniero\/visti\/visita-a-familiari-o-amici-invito\/"},"modified":"2023-11-21T13:28:40","modified_gmt":"2023-11-21T13:28:40","slug":"visita-a-familiari-o-amici-invito","status":"publish","type":"page","link":"https:\/\/ambdakar.esteri.it\/fr\/servizi-consolari-e-visti\/servizi-per-il-cittadino-straniero\/visti\/visita-a-familiari-o-amici-invito\/","title":{"rendered":"Visite de la famille et des amis"},"content":{"rendered":"<p>Le visa visite de la famille et des amis permet l&rsquo;entr\u00e9e en Italie et dans l&rsquo;espace Schengen, pour un court s\u00e9jour d&rsquo;un maximum de 90 jours par 180 jours, aux \u00e9trangers qui ont l&rsquo;intention de voyager dans le but de rendre visite \u00e0 des membres de leur famille ou \u00e0 des amis.<\/p>\n<p>Pour faire une demande, il est n\u00e9cessaire de soumettre le\u00a0<a href=\"https:\/\/ambdakar.esteri.it\/wp-content\/uploads\/2023\/11\/nuovo_modulo_domanda_visto_uniforme_fr_.docx\">formulaire<\/a>\u00a0rempli et sign\u00e9, ainsi que les documents contenus dans la\u00a0<a href=\"https:\/\/ambdakar.esteri.it\/wp-content\/uploads\/2023\/11\/visa_visite_famille_fr.docx\">check-list<\/a>, bas\u00e9e sur la liste harmonis\u00e9e convenue par les pays Schengen (pour consulter la liste harmonis\u00e9e, cliquez\u00a0<a href=\"https:\/\/ambdakar.esteri.it\/wp-content\/uploads\/2023\/11\/lista_armonizzata_it-1.pdf\">ici<\/a>).<\/p>\n","protected":false},"excerpt":{"rendered":"Le visa visite de la famille et des amis permet l&rsquo;entr\u00e9e en Italie et dans l&rsquo;espace Schengen, pour un court s\u00e9jour d&rsquo;un maximum de 90 jours par 180 jours, aux \u00e9trangers qui ont l&rsquo;intention de voyager dans le but de rendre visite \u00e0 des membres de leur famille ou \u00e0 des amis. Pour faire une [&hellip;]","protected":false},"author":1,"featured_media":0,"parent":144,"menu_order":4,"comment_status":"closed","ping_status":"closed","template":"","meta":{"footnotes":""},"class_list":["post-588","page","type-page","status-publish","hentry"],"_links":{"self":[{"href":"https:\/\/ambdakar.esteri.it\/fr\/wp-json\/wp\/v2\/pages\/588","targetHints":{"allow":["GET"]}}],"collection":[{"href":"https:\/\/ambdakar.esteri.it\/fr\/wp-json\/wp\/v2\/pages"}],"about":[{"href":"https:\/\/ambdakar.esteri.it\/fr\/wp-json\/wp\/v2\/types\/page"}],"author":[{"embeddable":true,"href":"https:\/\/ambdakar.esteri.it\/fr\/wp-json\/wp\/v2\/users\/1"}],"replies":[{"embeddable":true,"href":"https:\/\/ambdakar.esteri.it\/fr\/wp-json\/wp\/v2\/comments?post=588"}],"version-history":[{"count":1,"href":"https:\/\/ambdakar.esteri.it\/fr\/wp-json\/wp\/v2\/pages\/588\/revisions"}],"predecessor-version":[{"id":593,"href":"https:\/\/ambdakar.esteri.it\/fr\/wp-json\/wp\/v2\/pages\/588\/revisions\/593"}],"up":[{"embeddable":true,"href":"https:\/\/ambdakar.esteri.it\/fr\/wp-json\/wp\/v2\/pages\/144"}],"wp:attachment":[{"href":"https:\/\/ambdakar.esteri.it\/fr\/wp-json\/wp\/v2\/media?parent=588"}],"curies":[{"name":"wp","href":"https:\/\/api.w.org\/{rel}","templated":true}]}}