{"id":595,"date":"2023-11-17T15:57:53","date_gmt":"2023-11-17T15:57:53","guid":{"rendered":"https:\/\/ambdakar.esteri.it\/servizi-consolari-e-visti\/servizi-per-il-cittadino-straniero\/visti\/lavoro\/"},"modified":"2026-04-21T15:12:52","modified_gmt":"2026-04-21T15:12:52","slug":"lavoro","status":"publish","type":"page","link":"https:\/\/ambdakar.esteri.it\/fr\/servizi-consolari-e-visti\/servizi-per-il-cittadino-straniero\/visti\/lavoro\/","title":{"rendered":"Travail"},"content":{"rendered":"<p>Les citoyens non europ\u00e9ens qui souhaitent travailler en Italie doivent demander un visa de travail, puis, une fois en Italie, demander un permis de s\u00e9jour.<\/p>\n<p>Visa pour le travail subordonn\u00e9<\/p>\n<p>Sauf exceptions pr\u00e9vues par la loi, pour demander un visa pour travail subordonn\u00e9, il faut d&rsquo;abord obtenir un nulla osta pour le travail en Italie aupr\u00e8s du Sportello Unico per l&rsquo;Immigrazione (SUI).<\/p>\n<p>Pour demander le visa, il est n\u00e9cessaire de fournir les documents \u00e9num\u00e9r\u00e9s dans la\u00a0<a href=\"https:\/\/ambdakar.esteri.it\/wp-content\/uploads\/2023\/11\/visto_per_lavoro_subordinato-1.doc\">liste de contr\u00f4le suivante<\/a><\/p>\n<p>R\u00e9f\u00e9rences juridiques utiles :<\/p>\n<p>D\u00e9cret l\u00e9gislatif 286\/1998 ; d\u00e9cret pr\u00e9sidentiel 394\/1999 ; loi 103 du 24.05.2002 ; d\u00e9cret interminist\u00e9riel 850\/2011 annexe A, point 8.<\/p>\n<p>Pour tous les autres types de visa de travail et les documents requis par la loi, veuillez consulter\u00a0<a href=\"http:\/\/vistoperitalia.esteri.it\/home.aspx\">http:\/\/vistoperitalia.esteri.it\/home.aspx<\/a><\/p>\n","protected":false},"excerpt":{"rendered":"Les citoyens non europ\u00e9ens qui souhaitent travailler en Italie doivent demander un visa de travail, puis, une fois en Italie, demander un permis de s\u00e9jour. Visa pour le travail subordonn\u00e9 Sauf exceptions pr\u00e9vues par la loi, pour demander un visa pour travail subordonn\u00e9, il faut d&rsquo;abord obtenir un nulla osta pour le travail en Italie [&hellip;]","protected":false},"author":1,"featured_media":0,"parent":144,"menu_order":6,"comment_status":"closed","ping_status":"closed","template":"","meta":{"footnotes":""},"class_list":["post-595","page","type-page","status-publish","hentry"],"_links":{"self":[{"href":"https:\/\/ambdakar.esteri.it\/fr\/wp-json\/wp\/v2\/pages\/595","targetHints":{"allow":["GET"]}}],"collection":[{"href":"https:\/\/ambdakar.esteri.it\/fr\/wp-json\/wp\/v2\/pages"}],"about":[{"href":"https:\/\/ambdakar.esteri.it\/fr\/wp-json\/wp\/v2\/types\/page"}],"author":[{"embeddable":true,"href":"https:\/\/ambdakar.esteri.it\/fr\/wp-json\/wp\/v2\/users\/1"}],"replies":[{"embeddable":true,"href":"https:\/\/ambdakar.esteri.it\/fr\/wp-json\/wp\/v2\/comments?post=595"}],"version-history":[{"count":1,"href":"https:\/\/ambdakar.esteri.it\/fr\/wp-json\/wp\/v2\/pages\/595\/revisions"}],"predecessor-version":[{"id":600,"href":"https:\/\/ambdakar.esteri.it\/fr\/wp-json\/wp\/v2\/pages\/595\/revisions\/600"}],"up":[{"embeddable":true,"href":"https:\/\/ambdakar.esteri.it\/fr\/wp-json\/wp\/v2\/pages\/144"}],"wp:attachment":[{"href":"https:\/\/ambdakar.esteri.it\/fr\/wp-json\/wp\/v2\/media?parent=595"}],"curies":[{"name":"wp","href":"https:\/\/api.w.org\/{rel}","templated":true}]}}