{"id":601,"date":"2023-11-17T15:59:47","date_gmt":"2023-11-17T15:59:47","guid":{"rendered":"https:\/\/ambdakar.esteri.it\/servizi-consolari-e-visti\/servizi-per-il-cittadino-straniero\/visti\/studio\/"},"modified":"2024-03-11T12:00:05","modified_gmt":"2024-03-11T12:00:05","slug":"studio","status":"publish","type":"page","link":"https:\/\/ambdakar.esteri.it\/fr\/servizi-consolari-e-visti\/servizi-per-il-cittadino-straniero\/visti\/studio\/","title":{"rendered":"\u00c9tude"},"content":{"rendered":"<p>Le visa d&rsquo;\u00e9tudes permet d&rsquo;entrer en Italie pour des s\u00e9jours de courte ou de longue dur\u00e9e aux fins d&rsquo;\u00e9tudes, de formation professionnelle ou d&rsquo;apprentissage.<\/p>\n<p><a href=\"https:\/\/ambdakar.esteri.it\/wp-content\/uploads\/2023\/11\/formulario_visto_d.pdf\">FORMULAIRE DE VISA NATIONAL (PLUS DE 90 JOURS)<\/a><\/p>\n<p>&nbsp;<\/p>\n<p><a href=\"https:\/\/ambdakar.esteri.it\/wp-content\/uploads\/2023\/11\/nuovo_modulo_domanda_visto_uniforme_fr_-1.docx\">FORMULAIRE DE VISA SCHENGEN (JUSQU&rsquo;\u00c0 90 JOURS)<\/a><\/p>\n<p>&nbsp;<\/p>\n<p>AVIS IMPORTANT POUR LES DEMANDEURS DE VISA D\u2019\u00c9TUDE DE COURTE ET DE LONGUE DUR\u00c9E<\/p>\n<p>&nbsp;<\/p>\n<p>Les \u00e9tudiants qui demandent un visa d&rsquo;\u00e9tudes \u00e0 court ou \u00e0 long terme (Schengen ou national) pour suivre n&rsquo;importe quel cours dans les universit\u00e9s italiennes et les institutions AFAM doivent acc\u00e9der au portail UNIVERSITALY afin de remplir en ligne la demande de pr\u00e9inscription\/inscription correspondante, comme indiqu\u00e9 dans la circulaire MUR publi\u00e9e sur le portail Studiare in Italia.<\/p>\n<p>&nbsp;<\/p>\n<p>Par cons\u00e9quent, en plus de la documentation requise pour la d\u00e9livrance du visa d&rsquo;\u00e9tudes, comme sp\u00e9cifi\u00e9 ci-dessous pour les diff\u00e9rents types de visa d&rsquo;\u00e9tudes, les \u00e9tudiants doivent \u00e9galement soumettre le r\u00e9sum\u00e9 de la demande g\u00e9n\u00e9r\u00e9 par la plateforme et valid\u00e9 par l&rsquo;Universit\u00e9\/AFAM.<\/p>\n<p>&nbsp;<\/p>\n<p>Pour des informations sur les possibilit\u00e9s d&rsquo;\u00e9tudes en Italie et pour la pr\u00e9inscription, veuillez consulter les sites web :\u00a0<a href=\"https:\/\/studyinitaly.esteri.it\/\">Study in Italy<\/a>\u00a0et\u00a0<a href=\"https:\/\/www.uni-italia.net\/\">Uni-Italia<\/a>. Inscription \u00e0 l&rsquo;universit\u00e9 :<\/p>\n<p>&nbsp;<\/p>\n<p>Les citoyens \u00e9trangers qui se sont d\u00fbment pr\u00e9inscrits par le biais du portail UNIVERSITALY pour suivre des cours de licence ou de master de trois ans dans les universit\u00e9s ou les instituts sup\u00e9rieurs d&rsquo;enseignement artistique et musical (AFAM) italiens pour l&rsquo;ann\u00e9e universitaire en question, et qui ont obtenu la validation de l&rsquo;universit\u00e9, peuvent pr\u00e9senter une demande de visa \u00ab\u00a0\u00e9tudes &#8211; inscription\u00a0\u00bb avant la date limite du 30 novembre 2023, en suivant la liste de contr\u00f4le\u00a0<a href=\"https:\/\/ambdakar.esteri.it\/wp-content\/uploads\/2024\/03\/check-list-visa-etudes-FR.docx\">ci-dessous<\/a>.<\/p>\n<p>&nbsp;<\/p>\n<p>En plus de la documentation requise pour la d\u00e9livrance des visas d&rsquo;\u00e9tudes, les \u00e9tudiants doivent \u00e9galement soumettre le r\u00e9sum\u00e9 de la demande de pr\u00e9-inscription g\u00e9n\u00e9r\u00e9 par le portail Universitaly, valid\u00e9 par l&rsquo;Universit\u00e9\/AFAM. En outre, si l&rsquo;Universit\u00e9\/AFAM le demande, ils devront \u00e9galement pr\u00e9senter leurs dipl\u00f4mes en original, traduits en italien et l\u00e9galis\u00e9s ainsi que la Dichiarazione di Valore, qui peut \u00eatre remplac\u00e9e par le suppl\u00e9ment au dipl\u00f4me ou les certificats ENIC-NARI d\u00e9livr\u00e9s par le CIMEA. Dans le cas o\u00f9 l&rsquo;Universit\u00e9\/AFAM exige la Dichiarazione di Valore, les \u00e9tudiants doivent la demander \u00e0 cette Ambassade (\u00e0 l&rsquo;adresse \u00e9lectronique\u00a0<a href=\"mailto:dakar.studio@esteri.it\">dakar.studio@esteri.it<\/a>) avant de pouvoir demander le visa.<\/p>\n<p>&nbsp;<\/p>\n<p>Pour tous les autres types de visas d&rsquo;\u00e9tudes, et les documents requis par la r\u00e9glementation, veuillez consulter\u00a0<a href=\"http:\/\/vistoperitalia.esteri.it\/home.aspx\">http:\/\/vistoperitalia.esteri.it\/home.aspx<\/a><\/p>\n","protected":false},"excerpt":{"rendered":"Le visa d&rsquo;\u00e9tudes permet d&rsquo;entrer en Italie pour des s\u00e9jours de courte ou de longue dur\u00e9e aux fins d&rsquo;\u00e9tudes, de formation professionnelle ou d&rsquo;apprentissage. FORMULAIRE DE VISA NATIONAL (PLUS DE 90 JOURS) &nbsp; FORMULAIRE DE VISA SCHENGEN (JUSQU&rsquo;\u00c0 90 JOURS) &nbsp; AVIS IMPORTANT POUR LES DEMANDEURS DE VISA D\u2019\u00c9TUDE DE COURTE ET DE LONGUE DUR\u00c9E [&hellip;]","protected":false},"author":1,"featured_media":0,"parent":144,"menu_order":8,"comment_status":"closed","ping_status":"closed","template":"","meta":{"footnotes":""},"class_list":["post-601","page","type-page","status-publish","hentry"],"_links":{"self":[{"href":"https:\/\/ambdakar.esteri.it\/fr\/wp-json\/wp\/v2\/pages\/601","targetHints":{"allow":["GET"]}}],"collection":[{"href":"https:\/\/ambdakar.esteri.it\/fr\/wp-json\/wp\/v2\/pages"}],"about":[{"href":"https:\/\/ambdakar.esteri.it\/fr\/wp-json\/wp\/v2\/types\/page"}],"author":[{"embeddable":true,"href":"https:\/\/ambdakar.esteri.it\/fr\/wp-json\/wp\/v2\/users\/1"}],"replies":[{"embeddable":true,"href":"https:\/\/ambdakar.esteri.it\/fr\/wp-json\/wp\/v2\/comments?post=601"}],"version-history":[{"count":2,"href":"https:\/\/ambdakar.esteri.it\/fr\/wp-json\/wp\/v2\/pages\/601\/revisions"}],"predecessor-version":[{"id":2880,"href":"https:\/\/ambdakar.esteri.it\/fr\/wp-json\/wp\/v2\/pages\/601\/revisions\/2880"}],"up":[{"embeddable":true,"href":"https:\/\/ambdakar.esteri.it\/fr\/wp-json\/wp\/v2\/pages\/144"}],"wp:attachment":[{"href":"https:\/\/ambdakar.esteri.it\/fr\/wp-json\/wp\/v2\/media?parent=601"}],"curies":[{"name":"wp","href":"https:\/\/api.w.org\/{rel}","templated":true}]}}