{"id":612,"date":"2023-11-17T16:10:21","date_gmt":"2023-11-17T16:10:21","guid":{"rendered":"https:\/\/ambdakar.esteri.it\/servizi-consolari-e-visti\/servizi-per-il-cittadino-straniero\/visti\/ricongiungimento-familiare\/"},"modified":"2026-03-06T11:28:25","modified_gmt":"2026-03-06T11:28:25","slug":"ricongiungimento-familiare","status":"publish","type":"page","link":"https:\/\/ambdakar.esteri.it\/fr\/servizi-consolari-e-visti\/servizi-per-il-cittadino-straniero\/visti\/ricongiungimento-familiare\/","title":{"rendered":"Le regroupement familial"},"content":{"rendered":"<p><strong>a)<\/strong>\u00a0Conjoints de citoyens de l&rsquo;UE\/EEE<\/p>\n<p>La l\u00e9gislation (directive 2004\/38\/CE et D. Lgs. 30\/2007) pr\u00e9voit pour les conjoints de citoyens de l&rsquo;UE\/EEE des facilit\u00e9s documentaires et d&rsquo;acc\u00e8s au bureau des visas. Veuillez utiliser la liste de contr\u00f4le suivante\u00a0<a href=\"https:\/\/ambdakar.esteri.it\/wp-content\/uploads\/2026\/03\/VISTO-PER-RICONGIUNGIMENTO-FAMILIARE-PIU-DI-90-GIORNI-coniuge-2026_FR.docx\">conjoint<\/a>\u00a0\/\u00a0<a href=\"https:\/\/ambdakar.esteri.it\/wp-content\/uploads\/2026\/03\/VISTO-PER-RICONGIUNGIMENTO-FAMILIARE-PIU-DI-90-GIORNI-figlio-2026_FR.docx\">enfant<\/a>\u00a0pour le regroupement familial.<\/p>\n<p>L&rsquo;attention est attir\u00e9e sur le fait que les demandeurs de visa pour le regroupement familial avec des citoyens de l&rsquo;UE\/EEE se verront d\u00e9livrer un visa touristique Schengen de courte dur\u00e9e, qui, une fois en Italie, pourra \u00eatre converti en permis de s\u00e9jour aupr\u00e8s de la Questura comp\u00e9tente.<\/p>\n<p>Pour les facilit\u00e9s relatives \u00e0 l&rsquo;acc\u00e8s au Bureau des visas, veuillez consulter la page principale de la section \u00ab\u00a0Visas\u00a0\u00bb de ce site.<\/p>\n<p><strong>b)<\/strong>\u00a0R\u00e9unification des ressortissants de pays non membres de l&rsquo;UE\/EEE<\/p>\n<p>Les personnes ayant droit au regroupement familial peuvent pr\u00e9senter leur demande en pr\u00e9sentant le nulla osta obtenu en Italie aupr\u00e8s des autorit\u00e9s comp\u00e9tentes et les documents \u00e9num\u00e9r\u00e9s\u00a0<a href=\"https:\/\/ambdakar.esteri.it\/wp-content\/uploads\/2026\/03\/Visto-RF-NULLA-OSTA-2026_FR.docx\">ci-dessous<\/a>.<\/p>\n","protected":false},"excerpt":{"rendered":"a)\u00a0Conjoints de citoyens de l&rsquo;UE\/EEE La l\u00e9gislation (directive 2004\/38\/CE et D. Lgs. 30\/2007) pr\u00e9voit pour les conjoints de citoyens de l&rsquo;UE\/EEE des facilit\u00e9s documentaires et d&rsquo;acc\u00e8s au bureau des visas. Veuillez utiliser la liste de contr\u00f4le suivante\u00a0conjoint\u00a0\/\u00a0enfant\u00a0pour le regroupement familial. L&rsquo;attention est attir\u00e9e sur le fait que les demandeurs de visa pour le regroupement familial [&hellip;]","protected":false},"author":1,"featured_media":0,"parent":144,"menu_order":10,"comment_status":"closed","ping_status":"closed","template":"","meta":{"footnotes":""},"class_list":["post-612","page","type-page","status-publish","hentry"],"_links":{"self":[{"href":"https:\/\/ambdakar.esteri.it\/fr\/wp-json\/wp\/v2\/pages\/612","targetHints":{"allow":["GET"]}}],"collection":[{"href":"https:\/\/ambdakar.esteri.it\/fr\/wp-json\/wp\/v2\/pages"}],"about":[{"href":"https:\/\/ambdakar.esteri.it\/fr\/wp-json\/wp\/v2\/types\/page"}],"author":[{"embeddable":true,"href":"https:\/\/ambdakar.esteri.it\/fr\/wp-json\/wp\/v2\/users\/1"}],"replies":[{"embeddable":true,"href":"https:\/\/ambdakar.esteri.it\/fr\/wp-json\/wp\/v2\/comments?post=612"}],"version-history":[{"count":3,"href":"https:\/\/ambdakar.esteri.it\/fr\/wp-json\/wp\/v2\/pages\/612\/revisions"}],"predecessor-version":[{"id":5077,"href":"https:\/\/ambdakar.esteri.it\/fr\/wp-json\/wp\/v2\/pages\/612\/revisions\/5077"}],"up":[{"embeddable":true,"href":"https:\/\/ambdakar.esteri.it\/fr\/wp-json\/wp\/v2\/pages\/144"}],"wp:attachment":[{"href":"https:\/\/ambdakar.esteri.it\/fr\/wp-json\/wp\/v2\/media?parent=612"}],"curies":[{"name":"wp","href":"https:\/\/api.w.org\/{rel}","templated":true}]}}