{"id":622,"date":"2023-11-17T16:13:38","date_gmt":"2023-11-17T16:13:38","guid":{"rendered":"https:\/\/ambdakar.esteri.it\/servizi-consolari-e-visti\/servizi-per-il-cittadino-straniero\/visti\/altre-tipologie-di-visto\/"},"modified":"2023-11-21T13:47:54","modified_gmt":"2023-11-21T13:47:54","slug":"altre-tipologie-di-visto","status":"publish","type":"page","link":"https:\/\/ambdakar.esteri.it\/fr\/servizi-consolari-e-visti\/servizi-per-il-cittadino-straniero\/visti\/altre-tipologie-di-visto\/","title":{"rendered":"Autres types de visa"},"content":{"rendered":"<p><strong>SOINS M\u00c9DICAUX<\/strong><\/p>\n<p>Le visa pour traitement m\u00e9dical permet l&rsquo;entr\u00e9e en Italie et dans l&rsquo;espace Schengen, pour court et long s\u00e9jour, aux \u00e9trangers qui ont l&rsquo;intention de voyager pour des raisons de sant\u00e9.<\/p>\n<p>Pour faire une demande de visa m\u00e9dical de court s\u00e9jour, il est n\u00e9cessaire de pr\u00e9senter le\u00a0<a href=\"https:\/\/ambdakar.esteri.it\/wp-content\/uploads\/2023\/11\/nuovo_modulo_domanda_visto_uniforme_fr_-1.docx\">formulaire<\/a>\u00a0 rempli et sign\u00e9, ainsi que les documents contenus dans la\u00a0<a href=\"https:\/\/ambdakar.esteri.it\/wp-content\/uploads\/2023\/11\/visa_medical_fr.docx\">check-list<\/a>, bas\u00e9e sur la liste harmonis\u00e9e convenue par les pays Schengen.<\/p>\n<p>Pour faire une demande de visa m\u00e9dical de long s\u00e9jour, il est n\u00e9cessaire de pr\u00e9senter le\u00a0<a href=\"https:\/\/ambdakar.esteri.it\/wp-content\/uploads\/2023\/11\/formulario_visto_d-2.doc\">formulaire<\/a>\u00a0rempli et sign\u00e9, ainsi que les documents contenus dans la\u00a0<a href=\"https:\/\/ambdakar.esteri.it\/wp-content\/uploads\/2023\/11\/visa_medical_fr.docx\">check-list<\/a>, bas\u00e9e sur la liste harmonis\u00e9e convenue par les pays Schengen.<\/p>\n<p>&nbsp;<\/p>\n<p><strong>MISSION<\/strong><\/p>\n<p>Le visa de mission permet l&rsquo;entr\u00e9e en Italie et dans l&rsquo;espace Schengen, pour court et long s\u00e9jour, aux \u00e9trangers qui ont l&rsquo;intention de voyager en mission officielle.<\/p>\n<p>Pour faire une demande de visa mission de court s\u00e9jour, il est n\u00e9cessaire de pr\u00e9senter le\u00a0<a href=\"https:\/\/ambdakar.esteri.it\/wp-content\/uploads\/2023\/11\/nuovo_modulo_domanda_visto_uniforme_fr_-1.docx\">formulaire<\/a>\u00a0rempli et sign\u00e9, ainsi que les documents contenus dans la\u00a0<a href=\"https:\/\/ambdakar.esteri.it\/wp-content\/uploads\/2023\/11\/visa_mission_fr.docx\">check-list<\/a>, bas\u00e9e sur la liste harmonis\u00e9e convenue par les pays Schengen.<\/p>\n<p>Pour faire une demande de visa mission de long s\u00e9jour, il est n\u00e9cessaire de pr\u00e9senter le\u00a0<a href=\"https:\/\/ambdakar.esteri.it\/wp-content\/uploads\/2023\/11\/formulario_visto_d-2.doc\">formulaire<\/a>\u00a0rempli et sign\u00e9, ainsi que les documents contenus dans la\u00a0<a href=\"https:\/\/ambdakar.esteri.it\/wp-content\/uploads\/2023\/11\/visa_mission_fr.docx\">check-list<\/a>, bas\u00e9e sur la liste harmonis\u00e9e convenue par les pays Schengen.<\/p>\n","protected":false},"excerpt":{"rendered":"SOINS M\u00c9DICAUX Le visa pour traitement m\u00e9dical permet l&rsquo;entr\u00e9e en Italie et dans l&rsquo;espace Schengen, pour court et long s\u00e9jour, aux \u00e9trangers qui ont l&rsquo;intention de voyager pour des raisons de sant\u00e9. Pour faire une demande de visa m\u00e9dical de court s\u00e9jour, il est n\u00e9cessaire de pr\u00e9senter le\u00a0formulaire\u00a0 rempli et sign\u00e9, ainsi que les documents [&hellip;]","protected":false},"author":1,"featured_media":0,"parent":144,"menu_order":12,"comment_status":"closed","ping_status":"closed","template":"","meta":{"footnotes":""},"class_list":["post-622","page","type-page","status-publish","hentry"],"_links":{"self":[{"href":"https:\/\/ambdakar.esteri.it\/fr\/wp-json\/wp\/v2\/pages\/622","targetHints":{"allow":["GET"]}}],"collection":[{"href":"https:\/\/ambdakar.esteri.it\/fr\/wp-json\/wp\/v2\/pages"}],"about":[{"href":"https:\/\/ambdakar.esteri.it\/fr\/wp-json\/wp\/v2\/types\/page"}],"author":[{"embeddable":true,"href":"https:\/\/ambdakar.esteri.it\/fr\/wp-json\/wp\/v2\/users\/1"}],"replies":[{"embeddable":true,"href":"https:\/\/ambdakar.esteri.it\/fr\/wp-json\/wp\/v2\/comments?post=622"}],"version-history":[{"count":1,"href":"https:\/\/ambdakar.esteri.it\/fr\/wp-json\/wp\/v2\/pages\/622\/revisions"}],"predecessor-version":[{"id":631,"href":"https:\/\/ambdakar.esteri.it\/fr\/wp-json\/wp\/v2\/pages\/622\/revisions\/631"}],"up":[{"embeddable":true,"href":"https:\/\/ambdakar.esteri.it\/fr\/wp-json\/wp\/v2\/pages\/144"}],"wp:attachment":[{"href":"https:\/\/ambdakar.esteri.it\/fr\/wp-json\/wp\/v2\/media?parent=622"}],"curies":[{"name":"wp","href":"https:\/\/api.w.org\/{rel}","templated":true}]}}