{"id":634,"date":"2023-11-17T16:14:58","date_gmt":"2023-11-17T16:14:58","guid":{"rendered":"https:\/\/ambdakar.esteri.it\/servizi-consolari-e-visti\/servizi-per-il-cittadino-straniero\/visti\/invito\/"},"modified":"2023-11-21T13:49:50","modified_gmt":"2023-11-21T13:49:50","slug":"invito","status":"publish","type":"page","link":"https:\/\/ambdakar.esteri.it\/fr\/servizi-consolari-e-visti\/servizi-per-il-cittadino-straniero\/visti\/invito\/","title":{"rendered":"Invitation"},"content":{"rendered":"<p>Le visa d\u2019invitation permet l\u2019entr\u00e9e, aux fins d\u2019un s\u00e9jour de courte dur\u00e9e, \u00e0 l\u2019\u00e9tranger invit\u00e9 par des organismes, institutions, organisations publiques ou priv\u00e9es notoires, en tant qu\u2019invit\u00e9 d\u2019\u00e9v\u00e9nements particuliers et de manifestations \u00e0 caract\u00e8re politique, scientifique ou culturel.<\/p>\n<p>Pour faire une demande de visa mission de court s\u00e9jour, il est n\u00e9cessaire de pr\u00e9senter le\u00a0<a href=\"https:\/\/ambdakar.esteri.it\/wp-content\/uploads\/2023\/11\/nuovo_modulo_domanda_visto_uniforme_fr_.docx\">formulaire<\/a>\u00a0rempli et sign\u00e9, ainsi que les documents contenus dans la\u00a0<a href=\"https:\/\/ambdakar.esteri.it\/wp-content\/uploads\/2023\/11\/visa_invitation_fr.docx\">check-list<\/a>, bas\u00e9e sur la liste harmonis\u00e9e convenue par les pays Schengen.<\/p>\n","protected":false},"excerpt":{"rendered":"Le visa d\u2019invitation permet l\u2019entr\u00e9e, aux fins d\u2019un s\u00e9jour de courte dur\u00e9e, \u00e0 l\u2019\u00e9tranger invit\u00e9 par des organismes, institutions, organisations publiques ou priv\u00e9es notoires, en tant qu\u2019invit\u00e9 d\u2019\u00e9v\u00e9nements particuliers et de manifestations \u00e0 caract\u00e8re politique, scientifique ou culturel. Pour faire une demande de visa mission de court s\u00e9jour, il est n\u00e9cessaire de pr\u00e9senter le\u00a0formulaire\u00a0rempli et [&hellip;]","protected":false},"author":1,"featured_media":0,"parent":144,"menu_order":14,"comment_status":"closed","ping_status":"closed","template":"","meta":{"footnotes":""},"class_list":["post-634","page","type-page","status-publish","hentry"],"_links":{"self":[{"href":"https:\/\/ambdakar.esteri.it\/fr\/wp-json\/wp\/v2\/pages\/634","targetHints":{"allow":["GET"]}}],"collection":[{"href":"https:\/\/ambdakar.esteri.it\/fr\/wp-json\/wp\/v2\/pages"}],"about":[{"href":"https:\/\/ambdakar.esteri.it\/fr\/wp-json\/wp\/v2\/types\/page"}],"author":[{"embeddable":true,"href":"https:\/\/ambdakar.esteri.it\/fr\/wp-json\/wp\/v2\/users\/1"}],"replies":[{"embeddable":true,"href":"https:\/\/ambdakar.esteri.it\/fr\/wp-json\/wp\/v2\/comments?post=634"}],"version-history":[{"count":1,"href":"https:\/\/ambdakar.esteri.it\/fr\/wp-json\/wp\/v2\/pages\/634\/revisions"}],"predecessor-version":[{"id":637,"href":"https:\/\/ambdakar.esteri.it\/fr\/wp-json\/wp\/v2\/pages\/634\/revisions\/637"}],"up":[{"embeddable":true,"href":"https:\/\/ambdakar.esteri.it\/fr\/wp-json\/wp\/v2\/pages\/144"}],"wp:attachment":[{"href":"https:\/\/ambdakar.esteri.it\/fr\/wp-json\/wp\/v2\/media?parent=634"}],"curies":[{"name":"wp","href":"https:\/\/api.w.org\/{rel}","templated":true}]}}