{"id":101,"date":"2023-04-11T18:24:57","date_gmt":"2023-04-11T16:24:57","guid":{"rendered":"https:\/\/ambasciatapraga.esteri.it\/?page_id=101"},"modified":"2026-01-14T16:21:39","modified_gmt":"2026-01-14T16:21:39","slug":"lingua-e-cultura-italiana","status":"publish","type":"page","link":"https:\/\/ambdakar.esteri.it\/it\/italia-e-senegal\/diplomazia-culturale\/lingua-e-cultura-italiana\/","title":{"rendered":"Lingua e Cultura italiana"},"content":{"rendered":"<p><strong>Lingua e cultura italiana in Senegal<\/strong><\/p>\n<p>La lingua e la cultura italiane sono ampiamente diffuse in Senegal, anche grazie ai solidi legami umani e professionali tra i due Paesi. Si registra un crescente interesse per lo studio dell\u2019italiano, in particolare tra i giovani, sia in ambito scolastico sia universitario.<\/p>\n<p>L\u2019italiano \u00e8 insegnato come lingua straniera opzionale nelle scuole medie e nei licei ed \u00e8 presente anche in alcuni istituti di formazione professionale. L\u2019insegnamento si \u00e8 progressivamente esteso a numerose citt\u00e0 del Paese, con docenti formati presso la Facolt\u00e0 di Scienze e Tecnologie dell\u2019Educazione e della Formazione (FASTEF) dell\u2019Universit\u00e9 Cheikh Anta Diop di Dakar (UCAD).<\/p>\n<p>Presso l\u2019Universit\u00e9 Cheikh Anta Diop di Dakar (UCAD) \u00e8 attivo un corso completo di laurea in lingua e letteratura italiana all\u2019interno della Facolt\u00e0 di Lettere. L\u2019insegnamento dell\u2019italiano all\u2019UCAD risale al 1986; dal 1992 \u00e8 operativa la Sezione di Italiano nel Dipartimento di Lingue e Civilt\u00e0 Romanze.<\/p>\n<p>\u00c8 inoltre presente presso l\u2019UCAD un lettore di lingua italiana, Prof Gerardo Capunto, a testimonianza della cooperazione accademica tra Italia e Senegal.<\/p>\n<p><strong>Studiare italiano in Senegal<\/strong><\/p>\n<p>L\u2019Istituto Italiano di Cultura di Dakar, organismo del Ministero degli Affari Esteri e della Cooperazione Internazionale (MAECI) per la promozione della lingua e della cultura italiana in Senegal, organizza <strong>corsi di lingua italiana<\/strong> tenuti da docenti qualificati e due sessioni annuali di esame per la <strong>Certificazione di conoscenza dell\u2019Italiano come lingua straniera<\/strong> (CILS \u2013 Universit\u00e0 per Stranieri di Siena);<\/p>\n<p>Per informazioni:<\/p>\n<p><a href=\"https:\/\/iicdakar.esteri.it\/it\/lingua-e-cultura\/i-corsi-di-lingua\/\">https:\/\/iicdakar.esteri.it\/it\/lingua-e-cultura\/i-corsi-di-lingua\/<\/a><\/p>\n<p><a href=\"https:\/\/iicdakar.esteri.it\/it\/lingua-e-cultura\/certificazioni\/\">https:\/\/iicdakar.esteri.it\/it\/lingua-e-cultura\/certificazioni\/<\/a><\/p>\n<p>Segreteria Corsi di lingua<\/p>\n<p>Email: <a href=\"mailto:iicdakar.segreteria@esteri.it\">iicdakar.segreteria@esteri.it<\/a> &#8211; Tel.: (+221) 76 1541951<\/p>\n<p>Dal lunedi al venerdi dalle 10 alle 13 e dalle 14 alle 17<\/p>\n","protected":false},"excerpt":{"rendered":"Lingua e cultura italiana in Senegal La lingua e la cultura italiane sono ampiamente diffuse in Senegal, anche grazie ai solidi legami umani e professionali tra i due Paesi. Si registra un crescente interesse per lo studio dell\u2019italiano, in particolare tra i giovani, sia in ambito scolastico sia universitario. L\u2019italiano \u00e8 insegnato come lingua straniera [&hellip;]","protected":false},"author":1,"featured_media":0,"parent":44,"menu_order":0,"comment_status":"closed","ping_status":"closed","template":"","meta":{"footnotes":""},"class_list":["post-101","page","type-page","status-publish","hentry"],"_links":{"self":[{"href":"https:\/\/ambdakar.esteri.it\/it\/wp-json\/wp\/v2\/pages\/101","targetHints":{"allow":["GET"]}}],"collection":[{"href":"https:\/\/ambdakar.esteri.it\/it\/wp-json\/wp\/v2\/pages"}],"about":[{"href":"https:\/\/ambdakar.esteri.it\/it\/wp-json\/wp\/v2\/types\/page"}],"author":[{"embeddable":true,"href":"https:\/\/ambdakar.esteri.it\/it\/wp-json\/wp\/v2\/users\/1"}],"replies":[{"embeddable":true,"href":"https:\/\/ambdakar.esteri.it\/it\/wp-json\/wp\/v2\/comments?post=101"}],"version-history":[{"count":5,"href":"https:\/\/ambdakar.esteri.it\/it\/wp-json\/wp\/v2\/pages\/101\/revisions"}],"predecessor-version":[{"id":4681,"href":"https:\/\/ambdakar.esteri.it\/it\/wp-json\/wp\/v2\/pages\/101\/revisions\/4681"}],"up":[{"embeddable":true,"href":"https:\/\/ambdakar.esteri.it\/it\/wp-json\/wp\/v2\/pages\/44"}],"wp:attachment":[{"href":"https:\/\/ambdakar.esteri.it\/it\/wp-json\/wp\/v2\/media?parent=101"}],"curies":[{"name":"wp","href":"https:\/\/api.w.org\/{rel}","templated":true}]}}