{"id":123,"date":"2023-09-25T15:18:30","date_gmt":"2023-09-25T13:18:30","guid":{"rendered":"https:\/\/ambasciatatirana.esteri.it\/?page_id=123"},"modified":"2026-03-19T14:53:01","modified_gmt":"2026-03-19T14:53:01","slug":"contatti","status":"publish","type":"page","link":"https:\/\/ambdakar.esteri.it\/it\/chi-siamo\/contatti\/","title":{"rendered":"Contatti"},"content":{"rendered":"<p><a href=\"https:\/\/ambdakar.esteri.it\/wp-content\/uploads\/2026\/03\/Netiquette-social-1.pdf\">N\u00e9tiquette per l&#8217;uso dei social media<\/a><\/p>\n<p><strong>Centralino telefonico<\/strong><br \/>\n00221 33 8892636.<\/p>\n<p>Il centralino \u00e8 attivo dal luned\u00ec al venerd\u00ec dalle 9.30 alle 13.30.<\/p>\n<p><strong>Indirizzi di posta elettronica<\/strong><\/p>\n<p>Segreteria: ambasciata.dakar@esteri.it<\/p>\n<p>Cancelleria consolare: consolato.ambdakar@esteri.it<\/p>\n<p>Cancelleria consolare, passaporti e documenti: dakar.passaporti@esteri.it<\/p>\n<p>Cancelleria consolare, stato civile: dakar.serviziconsolari@esteri.it<\/p>\n<p>Cancelleria consolare, legalizzazioni: dakar.legalizzazioni@esteri.it<\/p>\n<p>Ufficio visti: visa.ambdakar@esteri.it<\/p>\n<p>Ufficio visti, visti affari: dakar.visti affari@esteri.it<\/p>\n<p>Ufficio visti, nulla osta: dakar.nullaosta@esteri.it<\/p>\n<p>Ufficio visti, visti studio: dakar.studio@esteri.it<\/p>\n<p>Ufficio commerciale: commerciale.ambdakar@esteri.it (l&#8217;ufficio \u00e8 raggiungibile anche tramite la piattaforma <a href=\"https:\/\/nexus.esteri.it\/\">NEXUS<\/a>)<\/p>\n<p>Ufficio amministrativo-contabile: dakar.ammin@esteri.it<\/p>\n<p>Istituto Italiano di Cultura di Dakar: iicdakar@esteri.it<\/p>\n<p>Ufficio ICE di Dakar: dakar@ice.it<\/p>\n<p>AICS Dakar: dakar@aics.gov.it<\/p>\n<p>Addetto militare (Rabat): difeitalia.rabat@smd.difesa.it<\/p>\n<p><strong>Indirizzi PEC<\/strong><br \/>\nSegreteria: amb.dakar@cert.esteri.it<\/p>\n<p>Cancelleria Consolare: amb.dakar.consolare@cert.esteri.it<\/p>\n<p>Ufficio visti: amb.dakar.visti@cert.esteri.it<\/p>\n<p>Istituto Italiano di Cultura di Dakar: iic.dakar@cert.esteri.it<\/p>\n<p>AICS Dakar: dakar@pec.aics.gov.it<\/p>\n","protected":false},"excerpt":{"rendered":"N\u00e9tiquette per l&#8217;uso dei social media Centralino telefonico 00221 33 8892636. Il centralino \u00e8 attivo dal luned\u00ec al venerd\u00ec dalle 9.30 alle 13.30. Indirizzi di posta elettronica Segreteria: ambasciata.dakar@esteri.it Cancelleria consolare: consolato.ambdakar@esteri.it Cancelleria consolare, passaporti e documenti: dakar.passaporti@esteri.it Cancelleria consolare, stato civile: dakar.serviziconsolari@esteri.it Cancelleria consolare, legalizzazioni: dakar.legalizzazioni@esteri.it Ufficio visti: visa.ambdakar@esteri.it Ufficio visti, visti affari: dakar.visti [&hellip;]","protected":false},"author":1,"featured_media":0,"parent":13,"menu_order":4,"comment_status":"closed","ping_status":"closed","template":"","meta":{"footnotes":""},"class_list":["post-123","page","type-page","status-publish","hentry"],"_links":{"self":[{"href":"https:\/\/ambdakar.esteri.it\/it\/wp-json\/wp\/v2\/pages\/123","targetHints":{"allow":["GET"]}}],"collection":[{"href":"https:\/\/ambdakar.esteri.it\/it\/wp-json\/wp\/v2\/pages"}],"about":[{"href":"https:\/\/ambdakar.esteri.it\/it\/wp-json\/wp\/v2\/types\/page"}],"author":[{"embeddable":true,"href":"https:\/\/ambdakar.esteri.it\/it\/wp-json\/wp\/v2\/users\/1"}],"replies":[{"embeddable":true,"href":"https:\/\/ambdakar.esteri.it\/it\/wp-json\/wp\/v2\/comments?post=123"}],"version-history":[{"count":6,"href":"https:\/\/ambdakar.esteri.it\/it\/wp-json\/wp\/v2\/pages\/123\/revisions"}],"predecessor-version":[{"id":5158,"href":"https:\/\/ambdakar.esteri.it\/it\/wp-json\/wp\/v2\/pages\/123\/revisions\/5158"}],"up":[{"embeddable":true,"href":"https:\/\/ambdakar.esteri.it\/it\/wp-json\/wp\/v2\/pages\/13"}],"wp:attachment":[{"href":"https:\/\/ambdakar.esteri.it\/it\/wp-json\/wp\/v2\/media?parent=123"}],"curies":[{"name":"wp","href":"https:\/\/api.w.org\/{rel}","templated":true}]}}