{"id":3307,"date":"2024-11-06T14:31:29","date_gmt":"2024-11-06T14:31:29","guid":{"rendered":"https:\/\/ambdakar.esteri.it\/?page_id=3307"},"modified":"2024-11-06T14:35:36","modified_gmt":"2024-11-06T14:35:36","slug":"avviso-per-titolari-di-nulla-osta-al-ricongiungimento-familiare-rilasciato-dal-sui-fino-al-31-08-2024","status":"publish","type":"page","link":"https:\/\/ambdakar.esteri.it\/it\/news\/dall_ambasciata\/avviso-per-titolari-di-nulla-osta-al-ricongiungimento-familiare-rilasciato-dal-sui-fino-al-31-08-2024\/","title":{"rendered":"Avviso per titolari di Nulla Osta al ricongiungimento familiare rilasciato dal SUI fino al 31\/08\/2024"},"content":{"rendered":"<div class=\"xdj266r x11i5rnm xat24cr x1mh8g0r x1vvkbs x126k92a\">\n<div dir=\"auto\">ITA<\/div>\n<div dir=\"auto\">Si avvisa l\u2019utenza che i titolari di Nulla Osta al ricongiungimento familiare rilasciato dallo Sportello Unico Immigrazione (SUI) fino alla data del <strong>30 settembre 2024<\/strong> possono inviare una email con richiesta di appuntamento all\u2019indirizzo <strong>dakar.nullaosta@esteri.it<\/strong> allegando copia del nulla osta e indicando il proprio recapito telefonico in Italia.<\/div>\n<div dir=\"auto\">Si ricorda che solo i diretti interessati possono richiedere l\u2019appuntamento ed essere ricevuti per il deposito della domanda e che l\u2019appuntamento \u00e8 gratuito.<\/div>\n<\/div>\n<div class=\"x11i5rnm xat24cr x1mh8g0r x1vvkbs xtlvy1s x126k92a\">\n<div dir=\"auto\"><\/div>\n<div dir=\"auto\">FRA<\/div>\n<div dir=\"auto\">Les utilisateurs sont inform\u00e9s que les titulaires d&#8217;une Nulla Osta pour regroupement familial d\u00e9livr\u00e9e par le Sportello Unico Immigrazione (SUI) jusqu&#8217;au <strong>30 septembre 2024<\/strong> peuvent envoyer un courriel de demande de rendez-vous \u00e0 <strong>dakar.nullaosta@esteri.it<\/strong> en joignant une copie du Nulla Osta et en indiquant leur num\u00e9ro de t\u00e9l\u00e9phone en Italie.<\/div>\n<div dir=\"auto\">Veuillez noter que seules les personnes directement concern\u00e9es peuvent demander un rendez-vous et \u00eatre re\u00e7ues pour le d\u00e9p\u00f4t de la demande et que le rendez-vous est gratuit.<\/div>\n<\/div>\n<div class=\"x11i5rnm xat24cr x1mh8g0r x1vvkbs xtlvy1s x126k92a\">\n<div dir=\"auto\"><\/div>\n<div dir=\"auto\">WOLOF<\/div>\n<div dir=\"auto\">Gno gui len di khamal yen gni yor nulla osta bou regroupement familial bi len Sportello Unico Immigrazione (SUI) diokh jusqu&#8217;au <strong>30 septembre 2024<\/strong> meune nagnou yond\u00e9 batakhal guir lat\u00e9 rendez-vous si <strong>dakar.nullaosta@esteri.it<\/strong> bol\u00e9 wal\u00e9 si photocopie sen nulla osta bi ak sen num\u00e9ro t\u00e9l\u00e9phone bi gnou yor Italie.<\/div>\n<div dir=\"auto\">Boulen fat\u00e9 ni kina khamni mom moy borom nulla osta bi mom rek mo meune lat\u00e9 rendez-vous bi teksi mom naniouy bayi mou doug nguir mou d\u00e9poser ak tamit rendez-vous bi ken dou ko dieund lou gratuit la.<\/div>\n<\/div>\n","protected":false},"excerpt":{"rendered":"ITA Si avvisa l\u2019utenza che i titolari di Nulla Osta al ricongiungimento familiare rilasciato dallo Sportello Unico Immigrazione (SUI) fino alla data del 30 settembre 2024 possono inviare una email con richiesta di appuntamento all\u2019indirizzo dakar.nullaosta@esteri.it allegando copia del nulla osta e indicando il proprio recapito telefonico in Italia. Si ricorda che solo i diretti [&hellip;]","protected":false},"author":5,"featured_media":0,"parent":33,"menu_order":0,"comment_status":"closed","ping_status":"closed","template":"","meta":{"footnotes":""},"class_list":["post-3307","page","type-page","status-publish","hentry"],"_links":{"self":[{"href":"https:\/\/ambdakar.esteri.it\/it\/wp-json\/wp\/v2\/pages\/3307","targetHints":{"allow":["GET"]}}],"collection":[{"href":"https:\/\/ambdakar.esteri.it\/it\/wp-json\/wp\/v2\/pages"}],"about":[{"href":"https:\/\/ambdakar.esteri.it\/it\/wp-json\/wp\/v2\/types\/page"}],"author":[{"embeddable":true,"href":"https:\/\/ambdakar.esteri.it\/it\/wp-json\/wp\/v2\/users\/5"}],"replies":[{"embeddable":true,"href":"https:\/\/ambdakar.esteri.it\/it\/wp-json\/wp\/v2\/comments?post=3307"}],"version-history":[{"count":2,"href":"https:\/\/ambdakar.esteri.it\/it\/wp-json\/wp\/v2\/pages\/3307\/revisions"}],"predecessor-version":[{"id":3312,"href":"https:\/\/ambdakar.esteri.it\/it\/wp-json\/wp\/v2\/pages\/3307\/revisions\/3312"}],"up":[{"embeddable":true,"href":"https:\/\/ambdakar.esteri.it\/it\/wp-json\/wp\/v2\/pages\/33"}],"wp:attachment":[{"href":"https:\/\/ambdakar.esteri.it\/it\/wp-json\/wp\/v2\/media?parent=3307"}],"curies":[{"name":"wp","href":"https:\/\/api.w.org\/{rel}","templated":true}]}}