{"id":40,"date":"2023-04-11T18:01:19","date_gmt":"2023-04-11T16:01:19","guid":{"rendered":"https:\/\/ambasciatapraga.esteri.it\/?page_id=40"},"modified":"2026-02-23T17:12:41","modified_gmt":"2026-02-23T17:12:41","slug":"gli-uffici","status":"publish","type":"page","link":"https:\/\/ambdakar.esteri.it\/it\/chi-siamo\/gli-uffici\/","title":{"rendered":"Gli Uffici"},"content":{"rendered":"<p>Nel corso del 2026, gli uffici dell\u2019Ambasciata saranno chiusi per festivit\u00e0 in questi giorni:<\/p>\n<ul>\n<li>1 gennaio, Capodanno<\/li>\n<li>20 marzo, Korit\u00e9 (festa mobile)<\/li>\n<li>4 aprile, Festa nazionale Senegal<\/li>\n<li>6 aprile, Luned\u00ec dell\u2019Angelo<\/li>\n<li>1 maggio, Festa del lavoro<\/li>\n<li>27 maggio, Tabask\u00ec (festa mobile)<\/li>\n<li>2 giugno, Festa della Repubblica Italiana<\/li>\n<li>15 agosto, Assunzione<\/li>\n<li>1 novembre, Ognissanti<\/li>\n<li>25 dicembre, Natale<\/li>\n<li>26 dicembre, Santo Stefano<\/li>\n<\/ul>\n<p><strong>Capo Missione<\/strong><\/p>\n<p>Ambasciatrice Caterina BERTOLINI<\/p>\n<p>ambasciata.dakar@esteri.it<\/p>\n<p><strong>Vice Capo Missione<\/strong><\/p>\n<p>Primo Segretario Commerciale Ludovico BANOVA<\/p>\n<p>ambasciata.dakar@esteri.it<\/p>\n<p><strong>Cancelleria consolare<\/strong><\/p>\n<p>Capo della Cancelleria Consolare<strong>, <\/strong>Secondo Segretario Giovanni GRIFFO<\/p>\n<p>consolato.ambdakar@esteri.it<\/p>\n<p>visa.ambdakar@esteri.it<\/p>\n<p>Pec: amb.dakar.consolare@cert.esteri.it, amb.dakar.visti@cert.esteri.it<\/p>\n<p>Orario di apertura : dal luned\u00ec al venerd\u00ec dalle 9:00 alle 13:00 e dalle 14:00 alle 16:00. L&#8217;accesso avviene solo su appuntamento.<\/p>\n<p><strong>Ufficio commerciale<\/strong><\/p>\n<p>Responsabile Ufficio commerciale, Primo Segretario Commerciale Ludovico BANOVA<\/p>\n<p>commerciale.ambdakar@esteri.it<\/p>\n<p><strong>Ufficio dell&#8217;Addetto scientifico<\/strong><\/p>\n<p>Addetto Scientifico, Dottor Eugenio CAVALLO<\/p>\n<p>ambasciata.dakar@esteri.it<\/p>\n<p><strong>Ufficio amministrativo-contabile<\/strong><\/p>\n<p>Responsabile Ufficio amministrativo-contabile, Commissario Aggiunto Raffaella Anna Domenica CANAL<\/p>\n<p>dakar.ammin@esteri.it<\/p>\n<p><strong>Istituto Italiano di Cultura di Dakar<\/strong><\/p>\n<p>Direttrice Serena CINQUEGRANA<\/p>\n<p>iicdakar@esteri.it<\/p>\n<p>PEC: iic.dakar@cert.esteri.it<\/p>\n<p><strong>AICS \u2013 Agenzia Italiana di Cooperazione allo Sviluppo, Sede di Dakar<\/strong><\/p>\n<p>Direttore Giovanni GRANDI<\/p>\n<p>dakar@aics.gov.it<\/p>\n<p>PEC: dakar@pec.aics.gov.it<\/p>\n<p><strong>ICE \u2013 Agenzia per la promozione all\u2019estero e l\u2019internazionalizzione delle imprese italiane, Ufficio di Dakar<\/strong><\/p>\n<p>Direttore Alessandro GERBINO<\/p>\n<p>ice@dakar.it<\/p>\n<p><strong>Ufficio dell&#8217;Esperto per la Sicurezza<\/strong><\/p>\n<p>Primo Dirigente della Polizia di Stato dott.ssa Alessandra ORTENZI<\/p>\n<p>ambasciata.dakar@esteri.it<\/p>\n<p><strong>Addetto per la Difesa con sede a Rabat<\/strong><\/p>\n<p>Capitano di Vascello Riccardo LEONI<\/p>\n<p>difeitalia.rabat@smd.difesa.it<\/p>\n","protected":false},"excerpt":{"rendered":"Nel corso del 2026, gli uffici dell\u2019Ambasciata saranno chiusi per festivit\u00e0 in questi giorni: 1 gennaio, Capodanno 20 marzo, Korit\u00e9 (festa mobile) 4 aprile, Festa nazionale Senegal 6 aprile, Luned\u00ec dell\u2019Angelo 1 maggio, Festa del lavoro 27 maggio, Tabask\u00ec (festa mobile) 2 giugno, Festa della Repubblica Italiana 15 agosto, Assunzione 1 novembre, Ognissanti 25 dicembre, [&hellip;]","protected":false},"author":1,"featured_media":0,"parent":13,"menu_order":4,"comment_status":"closed","ping_status":"closed","template":"","meta":{"footnotes":""},"class_list":["post-40","page","type-page","status-publish","hentry"],"_links":{"self":[{"href":"https:\/\/ambdakar.esteri.it\/it\/wp-json\/wp\/v2\/pages\/40","targetHints":{"allow":["GET"]}}],"collection":[{"href":"https:\/\/ambdakar.esteri.it\/it\/wp-json\/wp\/v2\/pages"}],"about":[{"href":"https:\/\/ambdakar.esteri.it\/it\/wp-json\/wp\/v2\/types\/page"}],"author":[{"embeddable":true,"href":"https:\/\/ambdakar.esteri.it\/it\/wp-json\/wp\/v2\/users\/1"}],"replies":[{"embeddable":true,"href":"https:\/\/ambdakar.esteri.it\/it\/wp-json\/wp\/v2\/comments?post=40"}],"version-history":[{"count":7,"href":"https:\/\/ambdakar.esteri.it\/it\/wp-json\/wp\/v2\/pages\/40\/revisions"}],"predecessor-version":[{"id":4998,"href":"https:\/\/ambdakar.esteri.it\/it\/wp-json\/wp\/v2\/pages\/40\/revisions\/4998"}],"up":[{"embeddable":true,"href":"https:\/\/ambdakar.esteri.it\/it\/wp-json\/wp\/v2\/pages\/13"}],"wp:attachment":[{"href":"https:\/\/ambdakar.esteri.it\/it\/wp-json\/wp\/v2\/media?parent=40"}],"curies":[{"name":"wp","href":"https:\/\/api.w.org\/{rel}","templated":true}]}}