{"id":41,"date":"2023-04-11T18:07:19","date_gmt":"2023-04-11T16:07:19","guid":{"rendered":"https:\/\/ambasciatapraga.esteri.it\/?page_id=41"},"modified":"2026-01-12T17:38:23","modified_gmt":"2026-01-12T17:38:23","slug":"numeri-di-emergenza","status":"publish","type":"page","link":"https:\/\/ambdakar.esteri.it\/it\/chi-siamo\/numeri-di-emergenza\/","title":{"rendered":"Numeri di emergenza"},"content":{"rendered":"<p><strong>Numero di emergenza<\/strong>: 00221 78 3090 714. Operativo solo fuori l&#8217;orario di apertura degli Uffici e nei fine settimana. Per emergenze si intendono: incidenti gravi che comportino ricoveri ospedalieri o per decessi a seguito di atti criminali; arresti; perdita, furto o confisca dei documenti di viaggio.<\/p>\n<p>In caso di emergenze a Capo Verde, in Gambia o in Guinea Bissau si possono anche contattare i relativi <a href=\"https:\/\/ambdakar.esteri.it\/it\/chi-siamo\/la-rete-consolare\/\">Consoli Onorari e Corrispondenti Consolari<\/a>.<\/p>\n<h3>Sicurezza<\/h3>\n<div class=\"sr-only\">L\u2019Ambasciata d\u2019Italia a Dakar ha competenza per gli affari consolari su sei Paesi dell\u2019Africa Occidentale: Senegal, Gambia, Capo Verde, Mali, Guinea Bissau e Guinea (Conakry). Ognuno di essi ha diverse caratteristiche e presenta una differente serie di rischi, sanitari o pi\u00f9 propriamente di sicurezza, per i cittadini stranieri e i viaggiatori in genere. Nei limiti delle proprie capacit\u00e0, risorse e competenze, l\u2019Ambasciata ha il compito di assicurare assistenza ai connazionali presenti sul territorio dei Paesi di competenza.<\/div>\n<div>\n<p>Un ruolo importante a questo fine \u00e8 affidato alla fattiva collaborazione degli stessi connazionali. Ci\u00f2 comporta innanzitutto la necessit\u00e0, per i connazionali che si trovino all\u2019Estero o che desiderino recarvisi, di informarsi in anticipo sui diversi profili di rischio.<br \/>\nIn primo luogo, si raccomanda vivamente di visitare il sito <a href=\"http:\/\/www.viaggiaresicuri.it\">www.viaggiaresicuri.it<\/a> curato dal MAECI con la collaborazione delle Ambasciate e Consolati all\u2019estero. Il sito presenta, per ogni Paese nel Mondo, una serie di utili e necessarie informazioni sanitarie, burocratiche, doganali e di sicurezza, assieme a indirizzi di ospedali, enti di rilievo economico e commerciale, e naturalmente i contatti delle Ambasciate e Consolati (ordinari o onorari) competenti.<strong><br \/>\n<\/strong><\/p>\n<p>Si raccomanda inoltre di visitare il sito <a href=\"http:\/\/www.dovesiamonelmondo.it\">www.dovesiamonelmondo.it<\/a> . Il sito, sviluppato in origine per turisti e lavoratori in missione all&#8217;estero, presenta ora un campo di registrazione anche per i &#8216;residenti temporanei&#8217; che, iscritti o meno all&#8217;AIRE, si trattengano per lunghi periodi all&#8217;estero. Il sito offre la possibilita&#8217; (anche per i residenti all&#8217;estero) di indicare la propria abitazione su una mappa. Il servizio e&#8217; gratuito e conforme alla legge sulla riservatezza dei dati. Le informazioni, infatti, vengono utilizzate solo in caso di emergenza e tutti i dati forniti saranno automaticamente cancellati due giorni dopo il termine di soggiorno indicato. L&#8217;obiettivo e&#8217; di agevolare l&#8217;assistenza in caso di emergenze e di facilitare le Ambasciate nella verifica delle stabili presenze di connazionali, fondamentale per un intervento tempestivo d&#8217;emergenza. <strong>Si rammenta che la segnalazione sul sito non incide sugli obblighi di registrazione all&#8217;AIRE per i cittadini residenti all\u2019Estero stabilmente.<\/strong><\/p>\n<p>Nel caso che il viaggio e soggiorno all&#8217;Estero abbia finalit\u00e0 diverse dal semplice turismo (attivit\u00e0 di beneficenza, cooperazione, studio e simili) si consiglia vivamente di <strong>prendere contatto con l&#8217;Ambasciata<\/strong> (vedere pagina Contatti) per fornire tutti i dettagli del viaggio, delle sue finalit\u00e0 e delle possibili esigenze particolari anche a livello di dogana e pratiche amministrative per merci e veicoli. La segnalazione dei propri dati \u00e8 infatti essenziale per garantire l\u2019efficacia dei <strong>Piani di Emergenza<\/strong> che l&#8217;Ambasciata prepara, in stretto raccordo con l\u2019Unit\u00e0 di Crisi del Ministero Affari Esteri, per salvaguardare l\u2019incolumit\u00e0 dei connazionali all\u2019Estero in caso di catastrofi naturali o sommovimenti politici. Tali piani sono flessibili e differenti a seconda delle specificit\u00e0 di ogni Paese, spesso in collaborazione con le altre Ambasciate di Paesi membri dell\u2019Unione Europea presenti sul territorio (specialmente per i Paesi di accreditamento secondario ove non \u00e8 presente alcuna struttura istituzionale italiana). Essi possono includere una rete di punti di raccolta gestiti da \u201cCapi Maglia\u201d nelle aree pi\u00f9 remote del Paese in questione; e prevedono procedure di comunicazione per assicurare nei limiti del possibile una pronta e capillare informazione sulle emergenze ai connazionali. A questo scopo, \u00e8 cruciale la necessit\u00e0, per le Ambasciate, di conoscere con la maggior precisione possibile il numero e la dislocazione dei connazionali sul territorio.<\/p>\n<p>Un\u2019informazione corretta dovrebbe includere anche i contatti di pi\u00f9 facile reperibilit\u00e0 all\u2019Estero, in modo da facilitare l\u2019opera informativa istantanea (per email, per SMS, per telefono) da parte dell\u2019Ambasciata in caso di emergenze improvvise.<\/p>\n<p>I connazionali gi\u00e0 iscritti all\u2019AIRE, che normalmente hanno gi\u00e0 fornito le informazioni in questione all\u2019atto dell\u2019iscrizione, sono incoraggiati a comunicare tempestivamente all\u2019Ambasciata ogni cambiamento nei dati e soprattutto nei contatti (telefonici, email) a suo tempo indicati.<\/p>\n<\/div>\n","protected":false},"excerpt":{"rendered":"Numero di emergenza: 00221 78 3090 714. Operativo solo fuori l&#8217;orario di apertura degli Uffici e nei fine settimana. Per emergenze si intendono: incidenti gravi che comportino ricoveri ospedalieri o per decessi a seguito di atti criminali; arresti; perdita, furto o confisca dei documenti di viaggio. In caso di emergenze a Capo Verde, in Gambia [&hellip;]","protected":false},"author":1,"featured_media":0,"parent":13,"menu_order":6,"comment_status":"closed","ping_status":"closed","template":"","meta":{"footnotes":""},"class_list":["post-41","page","type-page","status-publish","hentry"],"_links":{"self":[{"href":"https:\/\/ambdakar.esteri.it\/it\/wp-json\/wp\/v2\/pages\/41","targetHints":{"allow":["GET"]}}],"collection":[{"href":"https:\/\/ambdakar.esteri.it\/it\/wp-json\/wp\/v2\/pages"}],"about":[{"href":"https:\/\/ambdakar.esteri.it\/it\/wp-json\/wp\/v2\/types\/page"}],"author":[{"embeddable":true,"href":"https:\/\/ambdakar.esteri.it\/it\/wp-json\/wp\/v2\/users\/1"}],"replies":[{"embeddable":true,"href":"https:\/\/ambdakar.esteri.it\/it\/wp-json\/wp\/v2\/comments?post=41"}],"version-history":[{"count":6,"href":"https:\/\/ambdakar.esteri.it\/it\/wp-json\/wp\/v2\/pages\/41\/revisions"}],"predecessor-version":[{"id":4570,"href":"https:\/\/ambdakar.esteri.it\/it\/wp-json\/wp\/v2\/pages\/41\/revisions\/4570"}],"up":[{"embeddable":true,"href":"https:\/\/ambdakar.esteri.it\/it\/wp-json\/wp\/v2\/pages\/13"}],"wp:attachment":[{"href":"https:\/\/ambdakar.esteri.it\/it\/wp-json\/wp\/v2\/media?parent=41"}],"curies":[{"name":"wp","href":"https:\/\/api.w.org\/{rel}","templated":true}]}}