{"id":45,"date":"2023-04-11T18:10:55","date_gmt":"2023-04-11T16:10:55","guid":{"rendered":"https:\/\/ambasciatapraga.esteri.it\/?page_id=45"},"modified":"2026-01-14T15:50:42","modified_gmt":"2026-01-14T15:50:42","slug":"diplomazia-scientifica","status":"publish","type":"page","link":"https:\/\/ambdakar.esteri.it\/it\/italia-e-senegal\/diplomazia-scientifica\/","title":{"rendered":"Diplomazia scientifica"},"content":{"rendered":"<p>La diplomazia scientifica costituisce uno strumento strategico dell\u2019azione internazionale dell\u2019Italia per promuovere la cooperazione nei settori della ricerca, dell\u2019innovazione e del trasferimento tecnologico.<\/p>\n<p>Le attivit\u00e0 di diplomazia scientifica comprendono la promozione delle eccellenze italiane del mondo accademico, il sostegno ai ricercatori italiani all\u2019estero, l\u2019organizzazione di iniziative scientifiche, la valorizzazione dell\u2019istruzione superiore in coordinamento con gli Istituti Italiani di Cultura, il supporto all\u2019industria high-tech italiana in sinergia con gli uffici economico-commerciali delle missioni diplomatiche e il coinvolgimento delle istituzioni di ricerca nei progetti di cooperazione allo sviluppo promossi dall\u2019Agenzia Italiana per la Cooperazione allo Sviluppo.<\/p>\n<p>Presso l&#8217;Ambasciata d&#8217;Italia a Dakar \u00e8 operativo un Addetto Scientifico, il cui obiettivo \u00e8 rafforzare la cooperazione tra l\u2019Italia e i Paesi di accreditamento \u2013 Senegal, Gambia, Guinea-Bissau e Capo Verde \u2013 nei settori della ricerca, dell\u2019innovazione e dell\u2019istruzione superiore, promuovendo le eccellenze scientifiche e tecnologiche italiane e favorendo il dialogo con le istituzioni locali.<\/p>\n<p>Nel corso del 2025, le attivit\u00e0 di diplomazia scientifica dell&#8217;Ambasciata si sono concentrate sullo sviluppo di partenariati tra universit\u00e0 e centri di ricerca. Sono stati organizzati seminari, workshop, incontri tematici e lezioni accademiche presso numerose universit\u00e0 e istituzioni di ricerca dei Paesi di accreditamento, con la partecipazione di docenti e ricercatori italiani. Tali iniziative hanno favorito lo scambio di competenze e la creazione di collaborazioni scientifiche durature.<\/p>\n<p>Sono state inoltre accompagnate missioni accademiche italiane in Senegal e Capo Verde, facilitando il dialogo con le controparti locali e sostenendo l\u2019avvio di nuovi progetti congiunti in diversi ambiti scientifici.<\/p>\n<p>Particolare attenzione \u00e8 stata dedicata alla promozione della mobilit\u00e0 di docenti, ricercatori e studenti, nonch\u00e9 alla diffusione di borse di studio, programmi di finanziamento e opportunit\u00e0 offerte da istituzioni italiane ed europee, a beneficio dei giovani, dei ricercatori e delle istituzioni dei Paesi di accreditamento.<\/p>\n","protected":false},"excerpt":{"rendered":"La diplomazia scientifica costituisce uno strumento strategico dell\u2019azione internazionale dell\u2019Italia per promuovere la cooperazione nei settori della ricerca, dell\u2019innovazione e del trasferimento tecnologico. Le attivit\u00e0 di diplomazia scientifica comprendono la promozione delle eccellenze italiane del mondo accademico, il sostegno ai ricercatori italiani all\u2019estero, l\u2019organizzazione di iniziative scientifiche, la valorizzazione dell\u2019istruzione superiore in coordinamento con gli [&hellip;]","protected":false},"author":1,"featured_media":0,"parent":14,"menu_order":4,"comment_status":"closed","ping_status":"closed","template":"","meta":{"footnotes":""},"class_list":["post-45","page","type-page","status-publish","hentry"],"_links":{"self":[{"href":"https:\/\/ambdakar.esteri.it\/it\/wp-json\/wp\/v2\/pages\/45","targetHints":{"allow":["GET"]}}],"collection":[{"href":"https:\/\/ambdakar.esteri.it\/it\/wp-json\/wp\/v2\/pages"}],"about":[{"href":"https:\/\/ambdakar.esteri.it\/it\/wp-json\/wp\/v2\/types\/page"}],"author":[{"embeddable":true,"href":"https:\/\/ambdakar.esteri.it\/it\/wp-json\/wp\/v2\/users\/1"}],"replies":[{"embeddable":true,"href":"https:\/\/ambdakar.esteri.it\/it\/wp-json\/wp\/v2\/comments?post=45"}],"version-history":[{"count":6,"href":"https:\/\/ambdakar.esteri.it\/it\/wp-json\/wp\/v2\/pages\/45\/revisions"}],"predecessor-version":[{"id":4670,"href":"https:\/\/ambdakar.esteri.it\/it\/wp-json\/wp\/v2\/pages\/45\/revisions\/4670"}],"up":[{"embeddable":true,"href":"https:\/\/ambdakar.esteri.it\/it\/wp-json\/wp\/v2\/pages\/14"}],"wp:attachment":[{"href":"https:\/\/ambdakar.esteri.it\/it\/wp-json\/wp\/v2\/media?parent=45"}],"curies":[{"name":"wp","href":"https:\/\/api.w.org\/{rel}","templated":true}]}}