{"id":46,"date":"2023-04-11T18:11:52","date_gmt":"2023-04-11T16:11:52","guid":{"rendered":"https:\/\/ambasciatapraga.esteri.it\/?page_id=46"},"modified":"2026-01-14T16:56:53","modified_gmt":"2026-01-14T16:56:53","slug":"cooperazione-allo-sviluppo","status":"publish","type":"page","link":"https:\/\/ambdakar.esteri.it\/it\/italia-e-senegal\/cooperazione-allo-sviluppo\/","title":{"rendered":"Cooperazione allo sviluppo"},"content":{"rendered":"<p>Il Senegal rientra tra i Paesi prioritari della Cooperazione Italiana, come indicato nel <a href=\"https:\/\/www.esteri.it\/wp-content\/uploads\/2025\/07\/DOCUMENTO-TRIENNALE-DI-PROGRAMMAZIONE-20-GIUGNO-2025.pdf\">Documento Triennale di Programmazione e Indirizzo della Politica di Cooperazione allo Sviluppo<\/a> 2024-2026 pubblicato dal Ministero degli Affari Esteri e della Cooperazione Internazionale. Da gennaio 2025, poi, il Senegal \u00e8 entrato a far parte dei Paesi prioritari del Piano Mattei per l&#8217;Africa, la strategia del Governo italiano per\u00a0imprimere un cambio di paradigma nei rapporti con il Continente africano e costruire partenariati su base paritaria, superando la logica donatore-beneficiario e generando benefici e opportunit\u00e0 reciproche.<\/p>\n<p>L&#8217;obiettivo della Cooperazione Italiana in Senegal \u00e8 promuovere lo sviluppo sostenibile, sostenendo il Governo senegalese nella sua strategia nazionale di sviluppo e collaborando con le organizzazioni della societ\u00e0 civile, il settore privato e le organizzazioni internazionali.<\/p>\n<p>Attualmente \u00e8 in vigore il Programma di Partenariato Senegal-Italia 2024-2026, per un valore complessivo di 105 milioni di euro, firmato durante il Vertice Italia-Africa (9 gennaio 2024) dal Vice Presidente del Consiglio e Ministro degli Affari Esteri e della Cooperazione Internazionale, Antonio Tajani, e dall&#8217;allora Ministro dell\u2019Economia, del Piano e della Cooperazione del Senegal S.E. Doudou Ka. Il programma prevede interventi nei settori prioritari dello sviluppo rurale, dell&#8217;occupazione, del settore privato e della formazione professionale, dell&#8217;istruzione, dell&#8217;ambiente e della digitalizzazione.<\/p>\n<p><strong>AGENZIA ITALIANA PER LA COOPERAZIONE ALLO SVILUPPO &#8211; UFFICIO DI DAKAR<\/strong><\/p>\n<p>La Cooperazione Italiana \u00e8 presente in Senegal con l&#8217;ufficio regionale di Dakar dell&#8217;<a href=\"https:\/\/dakar.aics.gov.it\/\">Agenzia Italiana per la Cooperazione allo Sviluppo<\/a>, responsabile per la programmazione e la gestione dei progetti in Senegal e negli altri Paesi di competenza dell&#8217;Ambasciata a Dakar &#8211; Guinea Bissau, Gambia e Capo Verde; oltre a essi, AICS Dakar \u00e8 responsabile anche per Guinea, Mali, Mauritania e Sierra Leone.<\/p>\n<p>Da pi\u00f9 di trent&#8217;anni la Cooperazione Italiana sostiene le strategie dei paesi della sottoregione volte alla pace, allo sradicamento di tutte le forme di povert\u00e0 e all&#8217;emancipazione economica e sociale dei gruppi pi\u00f9 vulnerabili, con particolare attenzione a donne, giovani e persone con disabilit\u00e0. La presenza della sede AICS a Dakar testimonia l&#8217;importanza che l&#8217;Italia continua ad attribuire allo sviluppo del<br \/>\nSenegal, fulcro della stabilit\u00e0 democratica dell&#8217;Africa occidentale. Nell&#8217;attuale contesto di instabilit\u00e0 e crisi a livello regionale, l&#8217;impegno dell&#8217;Italia riflette una pi\u00f9 ampia strategia della Cooperazione Italiana per sostenere il consolidamento dei processi democratici e il benessere socio-economico delle popolazioni dei paesi coinvolti.<\/p>\n","protected":false},"excerpt":{"rendered":"Il Senegal rientra tra i Paesi prioritari della Cooperazione Italiana, come indicato nel Documento Triennale di Programmazione e Indirizzo della Politica di Cooperazione allo Sviluppo 2024-2026 pubblicato dal Ministero degli Affari Esteri e della Cooperazione Internazionale. Da gennaio 2025, poi, il Senegal \u00e8 entrato a far parte dei Paesi prioritari del Piano Mattei per l&#8217;Africa, [&hellip;]","protected":false},"author":1,"featured_media":4240,"parent":14,"menu_order":6,"comment_status":"closed","ping_status":"closed","template":"","meta":{"footnotes":""},"class_list":["post-46","page","type-page","status-publish","has-post-thumbnail","hentry"],"_links":{"self":[{"href":"https:\/\/ambdakar.esteri.it\/it\/wp-json\/wp\/v2\/pages\/46","targetHints":{"allow":["GET"]}}],"collection":[{"href":"https:\/\/ambdakar.esteri.it\/it\/wp-json\/wp\/v2\/pages"}],"about":[{"href":"https:\/\/ambdakar.esteri.it\/it\/wp-json\/wp\/v2\/types\/page"}],"author":[{"embeddable":true,"href":"https:\/\/ambdakar.esteri.it\/it\/wp-json\/wp\/v2\/users\/1"}],"replies":[{"embeddable":true,"href":"https:\/\/ambdakar.esteri.it\/it\/wp-json\/wp\/v2\/comments?post=46"}],"version-history":[{"count":6,"href":"https:\/\/ambdakar.esteri.it\/it\/wp-json\/wp\/v2\/pages\/46\/revisions"}],"predecessor-version":[{"id":4585,"href":"https:\/\/ambdakar.esteri.it\/it\/wp-json\/wp\/v2\/pages\/46\/revisions\/4585"}],"up":[{"embeddable":true,"href":"https:\/\/ambdakar.esteri.it\/it\/wp-json\/wp\/v2\/pages\/14"}],"wp:featuredmedia":[{"embeddable":true,"href":"https:\/\/ambdakar.esteri.it\/it\/wp-json\/wp\/v2\/media\/4240"}],"wp:attachment":[{"href":"https:\/\/ambdakar.esteri.it\/it\/wp-json\/wp\/v2\/media?parent=46"}],"curies":[{"name":"wp","href":"https:\/\/api.w.org\/{rel}","templated":true}]}}