{"id":49,"date":"2023-04-11T18:13:11","date_gmt":"2023-04-11T16:13:11","guid":{"rendered":"https:\/\/ambasciatapraga.esteri.it\/?page_id=49"},"modified":"2026-04-03T10:21:59","modified_gmt":"2026-04-03T10:21:59","slug":"passaporti-e-carte-didentita","status":"publish","type":"page","link":"https:\/\/ambdakar.esteri.it\/it\/servizi-consolari-e-visti\/servizi-per-il-cittadino-italiano\/passaporti-e-carte-didentita\/","title":{"rendered":"Passaporti"},"content":{"rendered":"<div>\n<p><strong>MODULISTICA<\/strong><\/p>\n<p><a href=\"https:\/\/ambdakar.esteri.it\/wp-content\/uploads\/2026\/01\/lista-doc-richiesta-passaporto.pdf\">Documenti necessari per il rilascio del passaporto<\/a>.<\/p>\n<ul>\n<li><a href=\"https:\/\/ambdakar.esteri.it\/wp-content\/uploads\/2023\/11\/dichiarazione_accompagnamento_20142-1.docx\">Dichiarazione di accompagnamento<\/a><\/li>\n<li><a class=\"focus--mouse\" href=\"https:\/\/ambdakar.esteri.it\/wp-content\/uploads\/2023\/11\/domandarilasciomaggiorenneconfigli_nodata-1.pdf\" data-focus-mouse=\"true\">Domanda di rilascio<\/a><\/li>\n<li><a href=\"https:\/\/ambdakar.esteri.it\/wp-content\/uploads\/2023\/11\/dichiarazione_assenza_ostative_passaporto1-1.docx\">Dichiarazione assenza ostative passaporto<\/a><\/li>\n<li><a href=\"https:\/\/ambdakar.esteri.it\/wp-content\/uploads\/2023\/11\/domandapassaportoperminorenne1-1.doc\">Domanda passaporto per minorenne<\/a><\/li>\n<li><a href=\"https:\/\/ambdakar.esteri.it\/wp-content\/uploads\/2024\/03\/form1_-_atto_di_assenso_in_favore_dei_figli_minori.docx\">Atto di assenso in favore di figlio minore<\/a><\/li>\n<li><a href=\"https:\/\/ambdakar.esteri.it\/wp-content\/uploads\/2023\/11\/9fotografie-1.pdf\">Come fare le fotografie<\/a><\/li>\n<li><a href=\"https:\/\/ambdakar.esteri.it\/wp-content\/uploads\/2023\/11\/15istanza_giudice_tutelare1-1.doc\">Istanza giudice tutelare<\/a><\/li>\n<li><a href=\"https:\/\/ambdakar.esteri.it\/wp-content\/uploads\/2023\/11\/aggiornamentoriscossionipercezioniconsolaripassapo4-1.docx\">Riscossioni percezioni consolari<\/a><\/li>\n<\/ul>\n<p><strong>PRENOTARE UN APPUNTAMENTO<\/strong><\/p>\n<p>La richiesta deve essere presentata\u00a0 tramite la piattaforma\u00a0<a href=\"https:\/\/prenotami.esteri.it\/\"><strong data-path-to-node=\"10\" data-index-in-node=\"77\">Prenotami<\/strong><\/a>. In alternativa, si pu\u00f2 scrivere a dakar.passaporti@esteri.it.<\/p>\n<p><strong>INFORMAZIONI<\/strong><\/p>\n<\/div>\n<p data-path-to-node=\"4\">Il passaporto \u00e8 un documento di viaggio e di riconoscimento. Il suo rilascio \u00e8 di competenza dell\u2019<b data-path-to-node=\"4\" data-index-in-node=\"98\">Ufficio Passaporti dell\u2019Ambasciata d\u2019Italia a Dakar<\/b> per tutti i cittadini italiani residenti nella circoscrizione consolare (Senegal, Gambia, Guinea, Guinea-Bissau, Capo Verde e Mali) e regolarmente iscritti all\u2019AIRE.<\/p>\n<p data-path-to-node=\"6\">Per risiedere e viaggiare nei Paesi dell\u2019Unione Europea \u00e8 sufficiente la carta d\u2019identit\u00e0 valida per l\u2019espatrio. Tuttavia\u00a0\u00e8 sempre vivamente consigliato il possesso di un passaporto ordinario in corso di validit\u00e0 per agevolare le procedure di frontiera locali e i transiti internazionali.<\/p>\n<p data-path-to-node=\"9\">Qualora il richiedente non sia iscritto all&#8217;AIRE di questa circoscrizione, l&#8217;Ambasciata d&#8217;Italia a Dakar dovr\u00e0 preventivamente richiedere il &#8220;NULLA OSTA&#8221; e la &#8220;DELEGA&#8221; all\u2019Ufficio competente per territorio (Questura in Italia o altra Rappresentanza diplomatica all\u2019estero). In questo caso, i tempi di rilascio potrebbero prolungarsi.<\/p>\n<p data-path-to-node=\"11,3,0\">Nota Biometrica: Il rilascio del passaporto richiede la presenza fisica dell&#8217;interessato presso gli uffici dell&#8217;Ambasciata d&#8217;Italia a Dakar per la rilevazione delle impronte digitali (esenti i minori di 12 anni).<\/p>\n<p data-path-to-node=\"15\">In conformit\u00e0 con la normativa vigente, la validit\u00e0 temporale dei passaporti \u00e8 cos\u00ec ripartita:<\/p>\n<ul data-path-to-node=\"16\">\n<li>\n<p data-path-to-node=\"16,0,0\">3 anni per i minori da 0 a 3 anni;<\/p>\n<\/li>\n<li>\n<p data-path-to-node=\"16,1,0\">5 anni per i minori da 3 a 18 anni;<\/p>\n<\/li>\n<li>\n<p data-path-to-node=\"16,2,0\">10 anni per i maggiorenni.<\/p>\n<\/li>\n<\/ul>\n<p data-path-to-node=\"18\">Ai sensi del D.L. 69\/2023, per il rilascio del passaporto per genitore di minore italiano non \u00e8 pi\u00f9 necessario\u00a0 l\u2019atto di assenso dell\u2019altro genitore. Tuttavia, se vi \u00e8 il rischio che il trasferimento all&#8217;estero possa comportare l&#8217;inadempimento degli obblighi verso i figli, l&#8217;altro genitore pu\u00f2 richiedere un&#8217;inibitoria al rilascio del documento presso il Tribunale competente.<\/p>\n<p data-path-to-node=\"19\"><b data-path-to-node=\"19\" data-index-in-node=\"0\">Attenzione:<\/b> Per il rilascio del passaporto <b data-path-to-node=\"19\" data-index-in-node=\"43\">destinato ai minori<\/b>, \u00e8 obbligatorio l\u2019<a href=\"https:\/\/ambdakar.esteri.it\/wp-content\/uploads\/2024\/03\/form1_-_atto_di_assenso_in_favore_dei_figli_minori.docx\">assenso<\/a> firmato da entrambi i genitori o da chi esercita la responsabilit\u00e0 genitoriale.<\/p>\n<hr \/>\n","protected":false},"excerpt":{"rendered":"MODULISTICA Documenti necessari per il rilascio del passaporto. Dichiarazione di accompagnamento Domanda di rilascio Dichiarazione assenza ostative passaporto Domanda passaporto per minorenne Atto di assenso in favore di figlio minore Come fare le fotografie Istanza giudice tutelare Riscossioni percezioni consolari PRENOTARE UN APPUNTAMENTO La richiesta deve essere presentata\u00a0 tramite la piattaforma\u00a0Prenotami. In alternativa, si pu\u00f2 [&hellip;]","protected":false},"author":1,"featured_media":0,"parent":47,"menu_order":0,"comment_status":"closed","ping_status":"closed","template":"","meta":{"footnotes":""},"class_list":["post-49","page","type-page","status-publish","hentry"],"_links":{"self":[{"href":"https:\/\/ambdakar.esteri.it\/it\/wp-json\/wp\/v2\/pages\/49","targetHints":{"allow":["GET"]}}],"collection":[{"href":"https:\/\/ambdakar.esteri.it\/it\/wp-json\/wp\/v2\/pages"}],"about":[{"href":"https:\/\/ambdakar.esteri.it\/it\/wp-json\/wp\/v2\/types\/page"}],"author":[{"embeddable":true,"href":"https:\/\/ambdakar.esteri.it\/it\/wp-json\/wp\/v2\/users\/1"}],"replies":[{"embeddable":true,"href":"https:\/\/ambdakar.esteri.it\/it\/wp-json\/wp\/v2\/comments?post=49"}],"version-history":[{"count":6,"href":"https:\/\/ambdakar.esteri.it\/it\/wp-json\/wp\/v2\/pages\/49\/revisions"}],"predecessor-version":[{"id":5190,"href":"https:\/\/ambdakar.esteri.it\/it\/wp-json\/wp\/v2\/pages\/49\/revisions\/5190"}],"up":[{"embeddable":true,"href":"https:\/\/ambdakar.esteri.it\/it\/wp-json\/wp\/v2\/pages\/47"}],"wp:attachment":[{"href":"https:\/\/ambdakar.esteri.it\/it\/wp-json\/wp\/v2\/media?parent=49"}],"curies":[{"name":"wp","href":"https:\/\/api.w.org\/{rel}","templated":true}]}}