{"id":73,"date":"2023-04-11T18:19:45","date_gmt":"2023-04-11T16:19:45","guid":{"rendered":"https:\/\/ambasciatapraga.esteri.it\/?page_id=73"},"modified":"2026-04-03T10:27:50","modified_gmt":"2026-04-03T10:27:50","slug":"traduzione-e-legalizzazione-dei-documenti","status":"publish","type":"page","link":"https:\/\/ambdakar.esteri.it\/it\/servizi-consolari-e-visti\/servizi-per-il-cittadino-italiano\/traduzione-e-legalizzazione-dei-documenti\/","title":{"rendered":"Legalizzazione dei documenti"},"content":{"rendered":"<p><strong>COME PRENOTARE APPUNTAMENTO<\/strong><\/p>\n<p>L\u2019utente che intenda far legalizzare dei documenti deve prenotare il proprio appuntamento presso l\u2019Ambasciata d\u2019Italia a Dakar tramite il portale Prenotami <a href=\"https:\/\/prenotami.esteri.it\/\">Home Page &#8211; Prenot@Mi<\/a>. In alternativa, si pu\u00f2 scrivere a dakar.legalizzazioni@esteri.it.<\/p>\n<p><strong>INFORMAZIONI<\/strong><\/p>\n<p>Gli atti e documenti non redatti su modelli plurilingue previsti da convenzioni internazionali devono essere tradotti in italiano.<\/p>\n<p>Le traduzioni devono recare il timbro \u201cper traduzione conforme\u201d apposto dall\u2019Ambasciata d\u2019Italia a Dakar, ad eccezione dei casi in cui esista la figura giuridica del traduttore ufficiale. In tale ultima ipotesi la conformit\u00e0 della traduzione \u00e8 attestata dal traduttore stesso, la cui firma \u00e8 legalizzata dall\u2019Ambasciata d\u2019Italia a Dakar. Una volta ottenuto l\u2019appuntamento, l\u2019utente deve presentarsi presso l\u2019Ambasciata d\u2019Italia a Dakar munito degli atti da legalizzare in originale e delle relative traduzioni.<\/p>\n<p>Nel caso in cui l\u2019utente\u00a0 non possa presentarsi personalmente al deposito ed al ritiro dei documenti, potr\u00e0 rilasciare una delega ad un incaricato (delegato), specificando nel campo \u201cnote\u201d della\u00a0 pagina di prenotazione il cognome ed il nome dell\u2019incaricato. Quest\u2019ultimo dovr\u00e0 presentarsi all\u2019Ambasciata d\u2019Italia con i documenti da legalizzare, la delega dell\u2019utente registrato ed un proprio documento d\u2019identit\u00e0. Il delegato deve presentarsi all&#8217;appuntamento con la delega, fotocopia del documento di identit\u00e0 del delegante e proprio, oltre ai documenti da legalizzare.<\/p>\n","protected":false},"excerpt":{"rendered":"COME PRENOTARE APPUNTAMENTO L\u2019utente che intenda far legalizzare dei documenti deve prenotare il proprio appuntamento presso l\u2019Ambasciata d\u2019Italia a Dakar tramite il portale Prenotami Home Page &#8211; Prenot@Mi. In alternativa, si pu\u00f2 scrivere a dakar.legalizzazioni@esteri.it. INFORMAZIONI Gli atti e documenti non redatti su modelli plurilingue previsti da convenzioni internazionali devono essere tradotti in italiano. Le [&hellip;]","protected":false},"author":1,"featured_media":0,"parent":47,"menu_order":14,"comment_status":"closed","ping_status":"closed","template":"","meta":{"footnotes":""},"class_list":["post-73","page","type-page","status-publish","hentry"],"_links":{"self":[{"href":"https:\/\/ambdakar.esteri.it\/it\/wp-json\/wp\/v2\/pages\/73","targetHints":{"allow":["GET"]}}],"collection":[{"href":"https:\/\/ambdakar.esteri.it\/it\/wp-json\/wp\/v2\/pages"}],"about":[{"href":"https:\/\/ambdakar.esteri.it\/it\/wp-json\/wp\/v2\/types\/page"}],"author":[{"embeddable":true,"href":"https:\/\/ambdakar.esteri.it\/it\/wp-json\/wp\/v2\/users\/1"}],"replies":[{"embeddable":true,"href":"https:\/\/ambdakar.esteri.it\/it\/wp-json\/wp\/v2\/comments?post=73"}],"version-history":[{"count":6,"href":"https:\/\/ambdakar.esteri.it\/it\/wp-json\/wp\/v2\/pages\/73\/revisions"}],"predecessor-version":[{"id":5194,"href":"https:\/\/ambdakar.esteri.it\/it\/wp-json\/wp\/v2\/pages\/73\/revisions\/5194"}],"up":[{"embeddable":true,"href":"https:\/\/ambdakar.esteri.it\/it\/wp-json\/wp\/v2\/pages\/47"}],"wp:attachment":[{"href":"https:\/\/ambdakar.esteri.it\/it\/wp-json\/wp\/v2\/media?parent=73"}],"curies":[{"name":"wp","href":"https:\/\/api.w.org\/{rel}","templated":true}]}}