{"id":91,"date":"2023-04-11T18:22:39","date_gmt":"2023-04-11T16:22:39","guid":{"rendered":"https:\/\/ambasciatapraga.esteri.it\/?page_id=91"},"modified":"2023-11-21T17:20:24","modified_gmt":"2023-11-21T17:20:24","slug":"traduzione-e-legalizzazione-dei-documenti","status":"publish","type":"page","link":"https:\/\/ambdakar.esteri.it\/it\/servizi-consolari-e-visti\/servizi-per-il-cittadino-straniero\/traduzione-e-legalizzazione-dei-documenti\/","title":{"rendered":"Traduzione e legalizzazione dei documenti"},"content":{"rendered":"<h3>INFORMAZIONI SULLE LEGALIZZAZIONI<\/h3>\n<div class=\"sr-only\">Si forniscono informazioni sulle possibilit\u00e0 consentite dalla normativa italiana in aggiunta alla procedura di legalizzazione e attestazione di conformit\u00e0 della traduzione presso la Cancelleria consolare dell\u2019Ambasciata a Dakar:<\/div>\n<div>\n<p>&#8211; fra gli Stati che aderiscono alla Convenzione dell\u2019Aja del 5 ottobre 1961 (<strong>Convenzione sull\u2019Apostille<\/strong>), non c\u2019\u00e8 bisogno di legalizzazione degli atti emessi all\u2019estero che devono essere prodotti sul territorio italiano. L\u2019adesione alla Convenzione dell\u2019Aja, di cui fanno parte un centinaio di Stati in tutte le regioni del mondo compresa l\u2019Africa (Capo Verde, Marocco, Tunisia, Sudafrica, ecc.), consente importanti semplificazioni e vantaggi per i cittadini stranieri che devono far valere un certificato davanti ad un\u2019autorit\u00e0 italiana;<\/p>\n<p>&#8211; i cittadini stranieri che risiedono in Italia possono farsi rilasciare documenti e certificati (ad es. in materia di stato civile o altri atti pubblici) dalla <strong>rappresentanza diplomatico-consolare del proprio Paese<\/strong>, previa notifica da parte delle stesse al Ministero degli Affari Esteri e della Cooperazione Internazionale dell\u2019intenzione di voler procedere in tal senso. Gli atti rilasciati dall\u2019autorit\u00e0 diplomatico-consolare con sede in Italia vanno poi legalizzati alla Prefettura nella cui circoscrizione si trova l\u2019autorit\u00e0 estera stessa (ad es. Consolato Generale a Milano, Consolato a Napoli, Ambasciata a Roma, ecc.);<\/p>\n<p>&#8211; l\u2019utenza pu\u00f2 richiedere l\u2019attestazione di conformit\u00e0 della traduzione a <strong>traduttori giurati presso Tribunali in Italia<\/strong>. Tale attestazione di conformit\u00e0 \u00e8 equivalente a quella rilasciata da questa Autorit\u00e0 consolare.<\/p>\n<p>Questa Ambasciata sta attivamente collaborando con le autorit\u00e0 senegalesi affinch\u00e9 queste possibilit\u00e0 aggiuntive possano essere concretamente realizzate, cos\u00ec da poter facilitare le numerose richieste provenienti dalla comunit\u00e0 senegalese legalmente residente in Italia.<\/p>\n<p>&nbsp;<\/p>\n<p>&nbsp;<\/p>\n<\/div>\n<hr \/>\n","protected":false},"excerpt":{"rendered":"INFORMAZIONI SULLE LEGALIZZAZIONI Si forniscono informazioni sulle possibilit\u00e0 consentite dalla normativa italiana in aggiunta alla procedura di legalizzazione e attestazione di conformit\u00e0 della traduzione presso la Cancelleria consolare dell\u2019Ambasciata a Dakar: &#8211; fra gli Stati che aderiscono alla Convenzione dell\u2019Aja del 5 ottobre 1961 (Convenzione sull\u2019Apostille), non c\u2019\u00e8 bisogno di legalizzazione degli atti emessi all\u2019estero [&hellip;]","protected":false},"author":1,"featured_media":0,"parent":48,"menu_order":4,"comment_status":"closed","ping_status":"closed","template":"","meta":{"footnotes":""},"class_list":["post-91","page","type-page","status-publish","hentry"],"_links":{"self":[{"href":"https:\/\/ambdakar.esteri.it\/it\/wp-json\/wp\/v2\/pages\/91","targetHints":{"allow":["GET"]}}],"collection":[{"href":"https:\/\/ambdakar.esteri.it\/it\/wp-json\/wp\/v2\/pages"}],"about":[{"href":"https:\/\/ambdakar.esteri.it\/it\/wp-json\/wp\/v2\/types\/page"}],"author":[{"embeddable":true,"href":"https:\/\/ambdakar.esteri.it\/it\/wp-json\/wp\/v2\/users\/1"}],"replies":[{"embeddable":true,"href":"https:\/\/ambdakar.esteri.it\/it\/wp-json\/wp\/v2\/comments?post=91"}],"version-history":[{"count":3,"href":"https:\/\/ambdakar.esteri.it\/it\/wp-json\/wp\/v2\/pages\/91\/revisions"}],"predecessor-version":[{"id":979,"href":"https:\/\/ambdakar.esteri.it\/it\/wp-json\/wp\/v2\/pages\/91\/revisions\/979"}],"up":[{"embeddable":true,"href":"https:\/\/ambdakar.esteri.it\/it\/wp-json\/wp\/v2\/pages\/48"}],"wp:attachment":[{"href":"https:\/\/ambdakar.esteri.it\/it\/wp-json\/wp\/v2\/media?parent=91"}],"curies":[{"name":"wp","href":"https:\/\/api.w.org\/{rel}","templated":true}]}}