{"id":99,"date":"2023-04-11T18:24:38","date_gmt":"2023-04-11T16:24:38","guid":{"rendered":"https:\/\/ambasciatapraga.esteri.it\/?page_id=99"},"modified":"2026-01-14T16:16:37","modified_gmt":"2026-01-14T16:16:37","slug":"studiare-in-italia","status":"publish","type":"page","link":"https:\/\/ambdakar.esteri.it\/it\/italia-e-senegal\/diplomazia-culturale\/studiare-in-italia\/","title":{"rendered":"Studiare in Italia"},"content":{"rendered":"<p><strong>Studiare all&#8217;universit\u00e0 in Italia<\/strong><\/p>\n<p>Ogni anno il Ministero italiano degli Affari Esteri mette a disposizione di studenti e docenti senegalesi <a href=\"https:\/\/studyinitaly.esteri.it\/\"><strong>borse di studio per seguire corsi universitari e post-universitari in Italia<\/strong><\/a>. Il relativo bando \u00e8 pubblicizzato, generalmente il mese di marzo, sul sito web dell\u2019Ambasciata.<\/p>\n<p>Nel quadro dell\u2019autonomia universitaria, vigente sia in Italia che in Senegal, nel corso degli anni sono stati conclusi accordi di collaborazione privata tra Universit\u00e0 dei due Paesi per favorire lo scambio di studenti e docenti.Normalmente le procedure di iscrizione prendono avvio in primavera. Gli studenti ammessi dalle Universit\u00e0 italiane procedono al deposito della domanda di visto nel corso dell\u2019estate secondo modalit\u00e0 coordinate dall\u2019Ambasciata d\u2019Italia a Dakar.<\/p>\n<div>\n<p>Presso l\u2019Ambasciata d\u2019Italia a Dakar \u00e8 presente un <strong>lettore universitario<\/strong>. L&#8217;Ufficio del lettore dell&#8217;Ambasciata fornisce informazioni e consulenza per l&#8217;iscrizione a scuole e universit\u00e0 in Italia. Il lettore attualmente in servizio \u00e8 il prof. Gerardo Caputo. Per contattarlo \u00e8 possibile scrivere all\u2019indirizzo mail <a href=\"mailto:ambasciata.dakar@esteri.it\">ambasciata.dakar@esteri.it<\/a>, all\u2019attenzione del Lettore Universitario.<\/p>\n<p><strong>Requisiti per studiare in Italia<\/strong><\/p>\n<p class=\"sr-only\"><span style=\"font-size: 16px;\">Gli studenti sono ammessi a studiare in Italia sulla base dell\u2019equipollenza dei loro titoli ottenuti all&#8217;estero. Prerequisito per ottenere l\u2019equipollenza dei titoli, che \u00e8 definita dalle autorit\u00e0 scolastiche e universitarie italiane, \u00e8 l\u2019ottenimento della \u201cdichiarazione di valore\u201d. Tale dichiarazione viene rilasciata dall\u2019Ufficio Consolare dell\u2019Ambasciata.<\/span><\/p>\n<p class=\"sr-only\">Per entrare sul territorio italiano, gli studenti hanno bisogno del visto di studio.<\/p>\n<p>L\u2019Ambasciata rilascia su richiesta un certificato di basso reddito. Questo certificato \u00e8 richiesto dalle Universit\u00e0 italiane per beneficiare di una riduzione delle tasse di iscrizione universitaria, di borse di studio o di alloggi universitari. Gli studenti interessati a ottenere questo certificato devono indirizzare la loro richiesta all\u2019indirizzo mail per fissare unappuntamento: <a href=\"mailto:dakar.legalizzazioni@esteri.it\">dakar.legalizzazioni@esteri.it<\/a>. I richiedenti dovranno presentare all\u2019Ambasciata i seguenti documenti:<\/p>\n<p>1. Copia del certificato di indigenza rilasciato dalle Autorit\u00e0 locali (se disponibile)<\/p>\n<p>2. Certificato di disoccupazione rilasciato dalle Autorit\u00e0 locali (se disponibile)<\/p>\n<p>3. Ultime tre buste paghe dei genitori o di eventuali tutori<\/p>\n<p>4. Estratto conto dei genitori o di eventuali tutori<\/p>\n<p>5. Certificato di vita collettiva e di carico di famiglia<\/p>\n<\/div>\n","protected":false},"excerpt":{"rendered":"Studiare all&#8217;universit\u00e0 in Italia Ogni anno il Ministero italiano degli Affari Esteri mette a disposizione di studenti e docenti senegalesi borse di studio per seguire corsi universitari e post-universitari in Italia. Il relativo bando \u00e8 pubblicizzato, generalmente il mese di marzo, sul sito web dell\u2019Ambasciata. Nel quadro dell\u2019autonomia universitaria, vigente sia in Italia che in [&hellip;]","protected":false},"author":1,"featured_media":0,"parent":44,"menu_order":0,"comment_status":"closed","ping_status":"closed","template":"","meta":{"footnotes":""},"class_list":["post-99","page","type-page","status-publish","hentry"],"_links":{"self":[{"href":"https:\/\/ambdakar.esteri.it\/it\/wp-json\/wp\/v2\/pages\/99","targetHints":{"allow":["GET"]}}],"collection":[{"href":"https:\/\/ambdakar.esteri.it\/it\/wp-json\/wp\/v2\/pages"}],"about":[{"href":"https:\/\/ambdakar.esteri.it\/it\/wp-json\/wp\/v2\/types\/page"}],"author":[{"embeddable":true,"href":"https:\/\/ambdakar.esteri.it\/it\/wp-json\/wp\/v2\/users\/1"}],"replies":[{"embeddable":true,"href":"https:\/\/ambdakar.esteri.it\/it\/wp-json\/wp\/v2\/comments?post=99"}],"version-history":[{"count":6,"href":"https:\/\/ambdakar.esteri.it\/it\/wp-json\/wp\/v2\/pages\/99\/revisions"}],"predecessor-version":[{"id":4677,"href":"https:\/\/ambdakar.esteri.it\/it\/wp-json\/wp\/v2\/pages\/99\/revisions\/4677"}],"up":[{"embeddable":true,"href":"https:\/\/ambdakar.esteri.it\/it\/wp-json\/wp\/v2\/pages\/44"}],"wp:attachment":[{"href":"https:\/\/ambdakar.esteri.it\/it\/wp-json\/wp\/v2\/media?parent=99"}],"curies":[{"name":"wp","href":"https:\/\/api.w.org\/{rel}","templated":true}]}}